{"id":10158,"date":"2025-06-20T17:52:12","date_gmt":"2025-06-20T21:52:12","guid":{"rendered":"https:\/\/www.multicasa.com.br\/inicio\/?post_type=product&#038;p=10158"},"modified":"2025-08-17T19:06:45","modified_gmt":"2025-08-17T23:06:45","slug":"protetor-de-tecidos-impermeabilizante-scotchgard-353ml-3m","status":"publish","type":"product","link":"https:\/\/www.multicasa.com.br\/inicio\/produto\/protetor-de-tecidos-impermeabilizante-scotchgard-353ml-3m\/","title":{"rendered":"Protetor de Tecidos Impermeabilizante Scotchgard 353ml 3M"},"content":{"rendered":"<p>O Protetor de Tecidos Impermeabilizante Scotchgard de 353ml da 3M \u00e9 ideal para aplica\u00e7\u00e3o em sof\u00e1s, almofadas, estofados, cortinas, toalhas, t\u00eanis de tecido, bolsas, bancos de carros, malas, roupas em geral, roupas de cama e mais. \u00c9 um protetor de f\u00e1cil aplica\u00e7\u00e3o que envolve cada fibra do tecido, protegendo-a sem alterar a sua apar\u00eancia e maciez. \u00c9 f\u00e1cil de aplicar e pr\u00e1tico para o dia a dia!<\/p>\n","protected":false},"excerpt":{"rendered":"<h4 style=\"margin: 0px;padding: 0px 0px 16px;font-family: Lato, sans-serif;font-weight: bold;line-height: 3rem;color: var(--dark-grey3);font-size: 22px;font-style: normal;letter-spacing: normal;text-align: start;text-indent: 0px;text-transform: none\">Informa\u00e7\u00f5es t\u00e9cnicas<\/h4>\n<p><span style=\"margin: 0px;padding: 0px;font-weight: 450;font-size: 14px;line-height: 21px;color: var(--dark-grey2);font-family: Lato, sans-serif;font-style: normal;letter-spacing: normal;text-align: start;text-indent: 0px;text-transform: none\">Produto: Protetor de Tecidos                                                                                                                                     Marca: 3M<br \/>\nLinha: Scotchgard<br \/>\nConte\u00fado: 353ml<br \/>\nCaracter\u00edsticas: F\u00e1cil aplica\u00e7\u00e3o, impermeabilizante<br \/>\nItens Inclusos: 1 Protetor de Tecidos                                                                                                                   Dimens\u00f5es do produto (A X L X P): 20,57 x 6,48 x 6,48cm                                                                                            Peso: 398,2g<\/span><\/p>\n","protected":false},"featured_media":10213,"template":"","meta":{"_joinchat":[]},"product_brand":[],"product_cat":[96],"product_tag":[],"class_list":{"0":"post-10158","1":"product","2":"type-product","3":"status-publish","4":"has-post-thumbnail","6":"product_cat-limpeza-e-cia","8":"first","9":"outofstock","10":"shipping-taxable","11":"purchasable","12":"product-type-simple"},"_links":{"self":[{"href":"https:\/\/www.multicasa.com.br\/inicio\/wp-json\/wp\/v2\/product\/10158","targetHints":{"allow":["GET"]}}],"collection":[{"href":"https:\/\/www.multicasa.com.br\/inicio\/wp-json\/wp\/v2\/product"}],"about":[{"href":"https:\/\/www.multicasa.com.br\/inicio\/wp-json\/wp\/v2\/types\/product"}],"wp:featuredmedia":[{"embeddable":true,"href":"https:\/\/www.multicasa.com.br\/inicio\/wp-json\/wp\/v2\/media\/10213"}],"wp:attachment":[{"href":"https:\/\/www.multicasa.com.br\/inicio\/wp-json\/wp\/v2\/media?parent=10158"}],"wp:term":[{"taxonomy":"product_brand","embeddable":true,"href":"https:\/\/www.multicasa.com.br\/inicio\/wp-json\/wp\/v2\/product_brand?post=10158"},{"taxonomy":"product_cat","embeddable":true,"href":"https:\/\/www.multicasa.com.br\/inicio\/wp-json\/wp\/v2\/product_cat?post=10158"},{"taxonomy":"product_tag","embeddable":true,"href":"https:\/\/www.multicasa.com.br\/inicio\/wp-json\/wp\/v2\/product_tag?post=10158"}],"curies":[{"name":"wp","href":"https:\/\/api.w.org\/{rel}","templated":true}]}}