{"id":10165,"date":"2025-06-20T17:52:13","date_gmt":"2025-06-20T21:52:13","guid":{"rendered":"https:\/\/www.multicasa.com.br\/inicio\/?post_type=product&#038;p=10165"},"modified":"2025-06-20T17:52:57","modified_gmt":"2025-06-20T21:52:57","slug":"cabeceira-para-varal-com-roldana-maxeb","status":"publish","type":"product","link":"https:\/\/www.multicasa.com.br\/inicio\/produto\/cabeceira-para-varal-com-roldana-maxeb\/","title":{"rendered":"Cabeceira para Varal com Roldana Maxeb"},"content":{"rendered":"<p>A Cabeceira para Varal de Teto Maxeb \u00e9 produzida em pl\u00e1stico cinza e tem aproximadamente 33 x 3 cm, sendo ideal para ser utilizada na organiza\u00e7\u00e3o e firmeza dos fios. Foi desenvolvida especialmente para facilitar a passagem das cordas do varal, ajustes e mantendo-as bem esticadas.<\/p>\n","protected":false},"excerpt":{"rendered":"<h4 style=\"margin: 0px;padding: 0px 0px 16px;font-family: Lato, sans-serif;font-weight: bold;line-height: 3rem;color: var(--dark-grey3);font-size: 22px;font-style: normal;letter-spacing: normal;text-align: start;text-indent: 0px;text-transform: none\">Informa\u00e7\u00f5es t\u00e9cnicas<\/h4>\n<p><span style=\"margin: 0px;padding: 0px;font-weight: 450;font-size: 14px;line-height: 21px;color: var(--dark-grey2);font-family: Lato, sans-serif;font-style: normal;letter-spacing: normal;text-align: start;text-indent: 0px;text-transform: none\">Produto: Cabeceira para Varal de Teto<br \/>\nMarca: Maxeb<br \/>\nMaterial: Pl\u00e1stico<br \/>\nCor: Cinza<br \/>\nCaracter\u00edsticas: Com roldana<br \/>\nItens Inclusos: 1 Cabeceira para Varal<br \/>\nDimens\u00f5es do produto (A X L): 33 x 3cm<br \/>\n<\/span><\/p>\n","protected":false},"featured_media":10225,"template":"","meta":{"_joinchat":[]},"product_brand":[],"product_cat":[95],"product_tag":[],"class_list":{"0":"post-10165","1":"product","2":"type-product","3":"status-publish","4":"has-post-thumbnail","6":"product_cat-lavanderia","8":"first","9":"outofstock","10":"shipping-taxable","11":"product-type-simple"},"_links":{"self":[{"href":"https:\/\/www.multicasa.com.br\/inicio\/wp-json\/wp\/v2\/product\/10165","targetHints":{"allow":["GET"]}}],"collection":[{"href":"https:\/\/www.multicasa.com.br\/inicio\/wp-json\/wp\/v2\/product"}],"about":[{"href":"https:\/\/www.multicasa.com.br\/inicio\/wp-json\/wp\/v2\/types\/product"}],"wp:featuredmedia":[{"embeddable":true,"href":"https:\/\/www.multicasa.com.br\/inicio\/wp-json\/wp\/v2\/media\/10225"}],"wp:attachment":[{"href":"https:\/\/www.multicasa.com.br\/inicio\/wp-json\/wp\/v2\/media?parent=10165"}],"wp:term":[{"taxonomy":"product_brand","embeddable":true,"href":"https:\/\/www.multicasa.com.br\/inicio\/wp-json\/wp\/v2\/product_brand?post=10165"},{"taxonomy":"product_cat","embeddable":true,"href":"https:\/\/www.multicasa.com.br\/inicio\/wp-json\/wp\/v2\/product_cat?post=10165"},{"taxonomy":"product_tag","embeddable":true,"href":"https:\/\/www.multicasa.com.br\/inicio\/wp-json\/wp\/v2\/product_tag?post=10165"}],"curies":[{"name":"wp","href":"https:\/\/api.w.org\/{rel}","templated":true}]}}