{"id":10166,"date":"2025-06-20T17:52:13","date_gmt":"2025-06-20T21:52:13","guid":{"rendered":"https:\/\/www.multicasa.com.br\/inicio\/?post_type=product&#038;p=10166"},"modified":"2025-06-20T17:53:02","modified_gmt":"2025-06-20T21:53:02","slug":"cordao-para-ferro-de-passar-black-decker-preto-fc-fios-175m","status":"publish","type":"product","link":"https:\/\/www.multicasa.com.br\/inicio\/produto\/cordao-para-ferro-de-passar-black-decker-preto-fc-fios-175m\/","title":{"rendered":"Cord\u00e3o para Ferro de Passar Black + Decker Preto Fc Fios 1,75m"},"content":{"rendered":"<p>Use o cord\u00e3o para ferro de passar Black + Decker FC Fios para continuar utilizando seu eletrodom\u00e9stico com seguran\u00e7a e em qualquer voltagem. Bivolt, tem seus condutores em cobre tipo faston, tornando-se um acess\u00f3rio insubstitu\u00edvel no reparo e troca de cabos em casos de mal contato ou rompimento. Suporta correntes el\u00e9tricas de 10a, mede 1,75 m e aguenta temperaturas que variam entre 0\u00b0 e 70\u00b0C.<\/p>\n","protected":false},"excerpt":{"rendered":"<h4 style=\"margin: 0px;padding: 0px 0px 16px;font-family: Lato, sans-serif;font-weight: bold;line-height: 3rem;color: var(--dark-grey3);font-size: 22px;font-style: normal;letter-spacing: normal;text-align: start;text-indent: 0px;text-transform: none\">Informa\u00e7\u00f5es t\u00e9cnicas<\/h4>\n<p><span style=\"margin: 0px;padding: 0px;font-weight: 450;font-size: 14px;line-height: 21px;color: var(--dark-grey2);font-family: Lato, sans-serif;font-style: normal;letter-spacing: normal;text-align: start;text-indent: 0px;text-transform: none\">Produto: Cord\u00e3o para Ferro de Passar<br \/>\nMarca: Fc Fios<br \/>\nMaterial: PVC<br \/>\nCobre<br \/>\nCor: Preto<br \/>\nTens\u00e3o el\u00e9trica: 127v &#8211; 220v<br \/>\nCaracter\u00edsticas: Corrente el\u00e9trica de 10A<br \/>\nCompat\u00edvel com modelos da marca Black + Decker<br \/>\nTemperatura de opera\u00e7\u00e3o 0 a 70 \u00b0C<br \/>\nSe\u00e7\u00e3o bitola de 0,75mm<br \/>\nConector tipo faston<br \/>\nNorma t\u00e9cnica NBR 60884-1<br \/>\nItens inclusos: 1 Cord\u00e3o para Ferro de Passar<br \/>\nDimens\u00f5es do produto (C): 1,75m<br \/>\n<\/span><\/p>\n","protected":false},"featured_media":10239,"template":"","meta":{"_joinchat":[]},"product_brand":[],"product_cat":[144],"product_tag":[],"class_list":{"0":"post-10166","1":"product","2":"type-product","3":"status-publish","4":"has-post-thumbnail","6":"product_cat-tomadas-e-cia","8":"first","9":"outofstock","10":"shipping-taxable","11":"product-type-simple"},"_links":{"self":[{"href":"https:\/\/www.multicasa.com.br\/inicio\/wp-json\/wp\/v2\/product\/10166","targetHints":{"allow":["GET"]}}],"collection":[{"href":"https:\/\/www.multicasa.com.br\/inicio\/wp-json\/wp\/v2\/product"}],"about":[{"href":"https:\/\/www.multicasa.com.br\/inicio\/wp-json\/wp\/v2\/types\/product"}],"wp:featuredmedia":[{"embeddable":true,"href":"https:\/\/www.multicasa.com.br\/inicio\/wp-json\/wp\/v2\/media\/10239"}],"wp:attachment":[{"href":"https:\/\/www.multicasa.com.br\/inicio\/wp-json\/wp\/v2\/media?parent=10166"}],"wp:term":[{"taxonomy":"product_brand","embeddable":true,"href":"https:\/\/www.multicasa.com.br\/inicio\/wp-json\/wp\/v2\/product_brand?post=10166"},{"taxonomy":"product_cat","embeddable":true,"href":"https:\/\/www.multicasa.com.br\/inicio\/wp-json\/wp\/v2\/product_cat?post=10166"},{"taxonomy":"product_tag","embeddable":true,"href":"https:\/\/www.multicasa.com.br\/inicio\/wp-json\/wp\/v2\/product_tag?post=10166"}],"curies":[{"name":"wp","href":"https:\/\/api.w.org\/{rel}","templated":true}]}}