{"id":10167,"date":"2025-06-20T17:52:13","date_gmt":"2025-06-20T21:52:13","guid":{"rendered":"https:\/\/www.multicasa.com.br\/inicio\/?post_type=product&#038;p=10167"},"modified":"2025-06-20T17:53:09","modified_gmt":"2025-06-20T21:53:09","slug":"varal-de-parede-automatico-retratil-5-cordas-secalux-41m","status":"publish","type":"product","link":"https:\/\/www.multicasa.com.br\/inicio\/produto\/varal-de-parede-automatico-retratil-5-cordas-secalux-41m\/","title":{"rendered":"Varal de Parede Autom\u00e1tico Retr\u00e1til 5 Cordas Secalux 4,1m"},"content":{"rendered":"<p>O Varal de Parede Autom\u00e1tico da Secalux \u00e9 ideal para lugares pequenos, pois \u00e9 totalmente retr\u00e1til e as cordas ficam dentro do varal quando o mesmo n\u00e3o est\u00e1 sendo usado. Possui trava de seguran\u00e7a para as cordas n\u00e3o ca\u00edrem e \u00e9 de f\u00e1cil instala\u00e7\u00e3o. Tem 5 cordas com 4,1m cada em polietileno que suporta at\u00e9 3kg e design que combina com a sua casa nas cores branco com azul claro.<\/p>\n","protected":false},"excerpt":{"rendered":"<h4 style=\"margin: 0px;padding: 0px 0px 16px;font-family: Lato, sans-serif;font-weight: bold;line-height: 3rem;color: var(--dark-grey3);font-size: 22px;font-style: normal;letter-spacing: normal;text-align: start;text-indent: 0px;text-transform: none\">Informa\u00e7\u00f5es t\u00e9cnicas<\/h4>\n<p><span style=\"margin: 0px;padding: 0px;font-weight: 450;font-size: 14px;line-height: 21px;color: var(--dark-grey2);font-family: Lato, sans-serif;font-style: normal;letter-spacing: normal;text-align: start;text-indent: 0px;text-transform: none\">Produto: Varal retr\u00e1til<br \/>\nMarca: Secalux<br \/>\nMaterial: Poliestireno<br \/>\nPolietileno<br \/>\nA\u00e7o zincado<br \/>\nCor: Branco e azul<br \/>\nCaracter\u00edsticas: 5 cordas de 4,1m<br \/>\nRetr\u00e1til<br \/>\nSuporta at\u00e9 3kg de roupa \u00famida<br \/>\nPossui trava de seguran\u00e7a<br \/>\nQuantidade de pe\u00e7as: 11<br \/>\nItens Inclusoss: 1 varal retr\u00e1til<br \/>\n5 buchas<br \/>\n2 parafusos<br \/>\n3 ganchos<br \/>\nDimens\u00f5es do produto (A x L x P): 6 x 34,5 x 7cm<br \/>\n<\/span><\/p>\n","protected":false},"featured_media":10242,"template":"","meta":{"_joinchat":[]},"product_brand":[],"product_cat":[95],"product_tag":[],"class_list":{"0":"post-10167","1":"product","2":"type-product","3":"status-publish","4":"has-post-thumbnail","6":"product_cat-lavanderia","8":"first","9":"outofstock","10":"shipping-taxable","11":"product-type-simple"},"_links":{"self":[{"href":"https:\/\/www.multicasa.com.br\/inicio\/wp-json\/wp\/v2\/product\/10167","targetHints":{"allow":["GET"]}}],"collection":[{"href":"https:\/\/www.multicasa.com.br\/inicio\/wp-json\/wp\/v2\/product"}],"about":[{"href":"https:\/\/www.multicasa.com.br\/inicio\/wp-json\/wp\/v2\/types\/product"}],"wp:featuredmedia":[{"embeddable":true,"href":"https:\/\/www.multicasa.com.br\/inicio\/wp-json\/wp\/v2\/media\/10242"}],"wp:attachment":[{"href":"https:\/\/www.multicasa.com.br\/inicio\/wp-json\/wp\/v2\/media?parent=10167"}],"wp:term":[{"taxonomy":"product_brand","embeddable":true,"href":"https:\/\/www.multicasa.com.br\/inicio\/wp-json\/wp\/v2\/product_brand?post=10167"},{"taxonomy":"product_cat","embeddable":true,"href":"https:\/\/www.multicasa.com.br\/inicio\/wp-json\/wp\/v2\/product_cat?post=10167"},{"taxonomy":"product_tag","embeddable":true,"href":"https:\/\/www.multicasa.com.br\/inicio\/wp-json\/wp\/v2\/product_tag?post=10167"}],"curies":[{"name":"wp","href":"https:\/\/api.w.org\/{rel}","templated":true}]}}