{"id":10193,"date":"2025-06-20T17:52:36","date_gmt":"2025-06-20T21:52:36","guid":{"rendered":"https:\/\/www.multicasa.com.br\/inicio\/?post_type=product&#038;p=10193"},"modified":"2026-02-18T10:31:00","modified_gmt":"2026-02-18T14:31:00","slug":"varal-toalheiro-de-teto-parede-em-aco-maxeb-56cm","status":"publish","type":"product","link":"https:\/\/www.multicasa.com.br\/inicio\/produto\/varal-toalheiro-de-teto-parede-em-aco-maxeb-56cm\/","title":{"rendered":"Varal Toalheiro de Teto\/Parede em A\u00e7o Maxeb 56cm"},"content":{"rendered":"<p>O Varal Toalheiro de Teto\/Parede Maxeb \u00e9 ideal para a secagem de toalhas \u00famidas ou armazenagem de toalhas secas. Pode ser dobrado quando n\u00e3o est\u00e1 em uso, ficando rente a parede. Fabricado em a\u00e7o inox branco com aproximadamente 56cm, sua capacidade \u00e9 de at\u00e9 4kg. Perfeito para que n\u00e3o tem muito espa\u00e7o.<\/p>\n","protected":false},"excerpt":{"rendered":"<h4 style=\"margin: 0px;padding: 0px 0px 16px;font-family: Lato, sans-serif;font-weight: bold;line-height: 3rem;color: var(--dark-grey3);font-size: 22px;font-style: normal;letter-spacing: normal;text-align: start;text-indent: 0px;text-transform: none\">Informa\u00e7\u00f5es t\u00e9cnicas<\/h4>\n<p><span style=\"margin: 0px;padding: 0px;font-weight: 450;font-size: 14px;line-height: 21px;color: var(--dark-grey2);font-family: Lato, sans-serif;font-style: normal;letter-spacing: normal;text-align: start;text-indent: 0px;text-transform: none\">Produto: Varal Toalheiro de teto<br \/>\nMarca: Maxeb<br \/>\nMaterial: A\u00e7o Inox<br \/>\nCor: Branco<br \/>\nCaracter\u00edsticas: Suporta 4kg<br \/>\nDobr\u00e1vel<br \/>\nQuantidade de pe\u00e7as: 2<br \/>\nItens Inclusoss: 1 varal toalheiro de teto<br \/>\n1 kit de fixa\u00e7\u00e3o<br \/>\nDimens\u00f5es do produto (A X L X P): 4,8 x 56 x 34cm<br \/>\n<\/span><\/p>\n","protected":false},"featured_media":10251,"template":"","meta":{"_joinchat":[]},"product_brand":[],"product_cat":[95],"product_tag":[],"class_list":{"0":"post-10193","1":"product","2":"type-product","3":"status-publish","4":"has-post-thumbnail","6":"product_cat-lavanderia","8":"first","9":"instock","10":"shipping-taxable","11":"purchasable","12":"product-type-simple"},"_links":{"self":[{"href":"https:\/\/www.multicasa.com.br\/inicio\/wp-json\/wp\/v2\/product\/10193","targetHints":{"allow":["GET"]}}],"collection":[{"href":"https:\/\/www.multicasa.com.br\/inicio\/wp-json\/wp\/v2\/product"}],"about":[{"href":"https:\/\/www.multicasa.com.br\/inicio\/wp-json\/wp\/v2\/types\/product"}],"wp:featuredmedia":[{"embeddable":true,"href":"https:\/\/www.multicasa.com.br\/inicio\/wp-json\/wp\/v2\/media\/10251"}],"wp:attachment":[{"href":"https:\/\/www.multicasa.com.br\/inicio\/wp-json\/wp\/v2\/media?parent=10193"}],"wp:term":[{"taxonomy":"product_brand","embeddable":true,"href":"https:\/\/www.multicasa.com.br\/inicio\/wp-json\/wp\/v2\/product_brand?post=10193"},{"taxonomy":"product_cat","embeddable":true,"href":"https:\/\/www.multicasa.com.br\/inicio\/wp-json\/wp\/v2\/product_cat?post=10193"},{"taxonomy":"product_tag","embeddable":true,"href":"https:\/\/www.multicasa.com.br\/inicio\/wp-json\/wp\/v2\/product_tag?post=10193"}],"curies":[{"name":"wp","href":"https:\/\/api.w.org\/{rel}","templated":true}]}}