{"id":10196,"date":"2025-06-20T17:52:36","date_gmt":"2025-06-20T21:52:36","guid":{"rendered":"https:\/\/www.multicasa.com.br\/inicio\/?post_type=product&#038;p=10196"},"modified":"2025-06-20T17:53:16","modified_gmt":"2025-06-20T21:53:16","slug":"vela-esterilizante-para-filtro-dupla-acao-stefani","status":"publish","type":"product","link":"https:\/\/www.multicasa.com.br\/inicio\/produto\/vela-esterilizante-para-filtro-dupla-acao-stefani\/","title":{"rendered":"Vela Esterilizante para Filtro Dupla A\u00e7\u00e3o Stefani"},"content":{"rendered":"<p>A Vela Esterilizante para Filtro Dupla A\u00e7\u00e3o Stefani \u00e9 considerada uma das mais eficientes no tratamento da \u00e1gua. Sua parede em material cer\u00e2mico microporoso filtra a \u00e1gua gota a gota, sem adi\u00e7\u00e3o de produtos qu\u00edmicos, reduzindo e filtrando impurezas at\u00e9 1.000 vezes menores que um gr\u00e3o de areia, retendo part\u00edculas de 0,5 a 1,0 microns, al\u00e9m disso trabalha retirando gostos e odores. Seu interior cont\u00e9m carv\u00e3o ativado GAC, produto da casca do coco usado mundialmente em sistemas de purifica\u00e7\u00e3o de \u00e1gua que reduz o teor do cloro, pesticidas, agrot\u00f3xicos e etc. Somente para filtros de mesa tradicionais.<\/p>\n","protected":false},"excerpt":{"rendered":"<h4 style=\"margin: 0px;padding: 0px 0px 16px;font-family: Lato, sans-serif;font-weight: bold;line-height: 3rem;color: var(--dark-grey3);font-size: 22px;font-style: normal;letter-spacing: normal;text-align: start;text-indent: 0px;text-transform: none\">Informa\u00e7\u00f5es t\u00e9cnicas<\/h4>\n<p><span style=\"margin: 0px;padding: 0px;font-weight: 450;font-size: 14px;line-height: 21px;color: var(--dark-grey2);font-family: Lato, sans-serif;font-style: normal;letter-spacing: normal;text-align: start;text-indent: 0px;text-transform: none\">Produto: Vela Filtro<br \/>\nMarca: Stefani<br \/>\nMaterial: Corpo de casca de coco<br \/>\nInterior de carv\u00e3o ativado<br \/>\nCor: Branco e offwhite<br \/>\nCaracter\u00edsticas: Vela de dupla a\u00e7\u00e3o<br \/>\nRet\u00e9m part\u00edculas de 0,5 a 1,0m\u00edcron<br \/>\nRetira odores e gostos<br \/>\nCompat\u00edvel com qualquer marca e modelo de filtro de mesa tradicional<br \/>\nItens inclusos: 1 Vela Filtro<br \/>\nDimens\u00f5es do produto (A X L X P): 14,5 x 6 x 5,5cm<br \/>\n<\/span><\/p>\n","protected":false},"featured_media":10255,"template":"","meta":{"_joinchat":[]},"product_brand":[],"product_cat":[74],"product_tag":[],"class_list":{"0":"post-10196","1":"product","2":"type-product","3":"status-publish","4":"has-post-thumbnail","6":"product_cat-reparos-hidraulicos","8":"first","9":"outofstock","10":"shipping-taxable","11":"product-type-simple"},"_links":{"self":[{"href":"https:\/\/www.multicasa.com.br\/inicio\/wp-json\/wp\/v2\/product\/10196","targetHints":{"allow":["GET"]}}],"collection":[{"href":"https:\/\/www.multicasa.com.br\/inicio\/wp-json\/wp\/v2\/product"}],"about":[{"href":"https:\/\/www.multicasa.com.br\/inicio\/wp-json\/wp\/v2\/types\/product"}],"wp:featuredmedia":[{"embeddable":true,"href":"https:\/\/www.multicasa.com.br\/inicio\/wp-json\/wp\/v2\/media\/10255"}],"wp:attachment":[{"href":"https:\/\/www.multicasa.com.br\/inicio\/wp-json\/wp\/v2\/media?parent=10196"}],"wp:term":[{"taxonomy":"product_brand","embeddable":true,"href":"https:\/\/www.multicasa.com.br\/inicio\/wp-json\/wp\/v2\/product_brand?post=10196"},{"taxonomy":"product_cat","embeddable":true,"href":"https:\/\/www.multicasa.com.br\/inicio\/wp-json\/wp\/v2\/product_cat?post=10196"},{"taxonomy":"product_tag","embeddable":true,"href":"https:\/\/www.multicasa.com.br\/inicio\/wp-json\/wp\/v2\/product_tag?post=10196"}],"curies":[{"name":"wp","href":"https:\/\/api.w.org\/{rel}","templated":true}]}}