{"id":10197,"date":"2025-06-20T17:52:36","date_gmt":"2025-06-20T21:52:36","guid":{"rendered":"https:\/\/www.multicasa.com.br\/inicio\/?post_type=product&#038;p=10197"},"modified":"2025-06-20T17:53:17","modified_gmt":"2025-06-20T21:53:17","slug":"vela-esterilizante-para-filtro-tradicional-stefani","status":"publish","type":"product","link":"https:\/\/www.multicasa.com.br\/inicio\/produto\/vela-esterilizante-para-filtro-tradicional-stefani\/","title":{"rendered":"Vela Esterilizante para Filtro Tradicional Stefani"},"content":{"rendered":"<p>A Vela Esterilizante para Filtro Tradicional Stefani \u00e9 feita em material cer\u00e2mico microporoso que filtra a \u00e1gua, sem adi\u00e7\u00e3o de produtos qu\u00edmicos, reduzindo impurezas e retendo part\u00edculas. Compat\u00edvel com todo os modelos de filtro por gravidade. Obtenha uma \u00e1gua saud\u00e1vel, livre de microrganismos. Seguran\u00e7a e bem estar.<\/p>\n","protected":false},"excerpt":{"rendered":"<h4 style=\"margin: 0px;padding: 0px 0px 16px;font-family: Lato, sans-serif;font-weight: bold;line-height: 3rem;color: var(--dark-grey3);font-size: 22px;font-style: normal;letter-spacing: normal;text-align: start;text-indent: 0px;text-transform: none\">Informa\u00e7\u00f5es t\u00e9cnicas<\/h4>\n<p><span style=\"margin: 0px;padding: 0px;font-weight: 450;font-size: 14px;line-height: 21px;color: var(--dark-grey2);font-family: Lato, sans-serif;font-style: normal;letter-spacing: normal;text-align: start;text-indent: 0px;text-transform: none\">Produto: Vela Filtro<br \/>\nMarca: Stefani<br \/>\nMaterial: Feita de cer\u00e2mica microporosa<br \/>\nCor: Branco e offwhite<br \/>\nCaracter\u00edsticas: Filtra e ret\u00e9m as part\u00edculas s\u00f3lidas<br \/>\nCompat\u00edvel com todos os filtros de gravidade<br \/>\nItens inclusos: 1 Vela Filtro<br \/>\nDimens\u00f5es do produto (A X L X P): 14,5 x 6 x 5,5cm<br \/>\n<\/span><\/p>\n","protected":false},"featured_media":10256,"template":"","meta":{"_joinchat":[]},"product_brand":[],"product_cat":[74],"product_tag":[],"class_list":{"0":"post-10197","1":"product","2":"type-product","3":"status-publish","4":"has-post-thumbnail","6":"product_cat-reparos-hidraulicos","8":"first","9":"outofstock","10":"shipping-taxable","11":"product-type-simple"},"_links":{"self":[{"href":"https:\/\/www.multicasa.com.br\/inicio\/wp-json\/wp\/v2\/product\/10197","targetHints":{"allow":["GET"]}}],"collection":[{"href":"https:\/\/www.multicasa.com.br\/inicio\/wp-json\/wp\/v2\/product"}],"about":[{"href":"https:\/\/www.multicasa.com.br\/inicio\/wp-json\/wp\/v2\/types\/product"}],"wp:featuredmedia":[{"embeddable":true,"href":"https:\/\/www.multicasa.com.br\/inicio\/wp-json\/wp\/v2\/media\/10256"}],"wp:attachment":[{"href":"https:\/\/www.multicasa.com.br\/inicio\/wp-json\/wp\/v2\/media?parent=10197"}],"wp:term":[{"taxonomy":"product_brand","embeddable":true,"href":"https:\/\/www.multicasa.com.br\/inicio\/wp-json\/wp\/v2\/product_brand?post=10197"},{"taxonomy":"product_cat","embeddable":true,"href":"https:\/\/www.multicasa.com.br\/inicio\/wp-json\/wp\/v2\/product_cat?post=10197"},{"taxonomy":"product_tag","embeddable":true,"href":"https:\/\/www.multicasa.com.br\/inicio\/wp-json\/wp\/v2\/product_tag?post=10197"}],"curies":[{"name":"wp","href":"https:\/\/api.w.org\/{rel}","templated":true}]}}