{"id":10227,"date":"2025-06-20T17:52:58","date_gmt":"2025-06-20T21:52:58","guid":{"rendered":"https:\/\/www.multicasa.com.br\/inicio\/?post_type=product&#038;p=10227"},"modified":"2025-08-18T03:03:31","modified_gmt":"2025-08-18T07:03:31","slug":"telefone-com-fio-tok-facil-preto-intelbras","status":"publish","type":"product","link":"https:\/\/www.multicasa.com.br\/inicio\/produto\/telefone-com-fio-tok-facil-preto-intelbras\/","title":{"rendered":"Telefone Com Fio Tok F\u00e1cil Preto Intelbras"},"content":{"rendered":"<p>O Telefone com Fio Tok F\u00e1cil da Intelbras \u00e9 um aparelho de super f\u00e1cil utiliza\u00e7\u00e3o. Com fun\u00e7\u00f5es muito pr\u00e1ticas, tem teclas maiores que os demais aparelhos, o que facilita a visualiza\u00e7\u00e3o na hora da discagem. Um Led Sinalizador de campainha, \u00e1udio do fone ajust\u00e1vel, al\u00e9m de 10 mem\u00f3rias de discagem indireta e 3 de discagens r\u00e1pidas. Com seu design diferenciado e pr\u00e1tico, o telefone com fio da Intelbras combina com qualquer decora\u00e7\u00e3o por ter cor preta, super discreta. Feito especialmente para facilitar a rotina de quem o tem, \u00e9 um aparelho pr\u00e1tico e super recomendado a fam\u00edlias que tenham pessoas idosas em casa ou pessoas que tenham alguma dificuldade leve na vis\u00e3o.<\/p>\n","protected":false},"excerpt":{"rendered":"<h4 style=\"margin: 0px;padding: 0px 0px 16px;font-family: Lato, sans-serif;font-weight: bold;line-height: 3rem;color: var(--dark-grey3);font-size: 22px;font-style: normal;letter-spacing: normal;text-align: start;text-indent: 0px;text-transform: none\">Informa\u00e7\u00f5es t\u00e9cnicas<\/h4>\n<p><span style=\"margin: 0px;padding: 0px;font-weight: 450;font-size: 14px;line-height: 21px;color: var(--dark-grey2);font-family: Lato, sans-serif;font-style: normal;letter-spacing: normal;text-align: start;text-indent: 0px;text-transform: none\">Produto: Telefone com Fio<br \/>\nMarca: Intelbras<br \/>\nModelo: Tok F\u00e1cil<br \/>\nCor: Preto<br \/>\nCaracter\u00edsticas: Uso em Mesa ou Parede; LED sinalizador de campainha; Tecla com fun\u00e7\u00e3o Rediscar; Tecla de Fun\u00e7\u00e3o Pausa<br \/>\nTecla com a Fun\u00e7\u00e3o Flash; Alimenta\u00e7\u00e3o com 2 pilhas AAA (N\u00e3o Acompanham o Produto)<br \/>\nQuantidade de pe\u00e7as: 4<br \/>\nItens inclusos: 1 Telefone com Fio; 1 Cabo de linha telef\u00f4nica; 1 Cabo espiral; 1 Manual de Usu\u00e1rio<br \/>\nDimens\u00f5es do produto (A X L X P): 8 x 17,3 x 19,5cm<\/span><\/p>\n","protected":false},"featured_media":10282,"template":"","meta":{"_joinchat":[]},"product_brand":[],"product_cat":[138],"product_tag":[],"class_list":{"0":"post-10227","1":"product","2":"type-product","3":"status-publish","4":"has-post-thumbnail","6":"product_cat-telefones-e-cia","8":"first","9":"instock","10":"shipping-taxable","11":"purchasable","12":"product-type-simple"},"_links":{"self":[{"href":"https:\/\/www.multicasa.com.br\/inicio\/wp-json\/wp\/v2\/product\/10227","targetHints":{"allow":["GET"]}}],"collection":[{"href":"https:\/\/www.multicasa.com.br\/inicio\/wp-json\/wp\/v2\/product"}],"about":[{"href":"https:\/\/www.multicasa.com.br\/inicio\/wp-json\/wp\/v2\/types\/product"}],"wp:featuredmedia":[{"embeddable":true,"href":"https:\/\/www.multicasa.com.br\/inicio\/wp-json\/wp\/v2\/media\/10282"}],"wp:attachment":[{"href":"https:\/\/www.multicasa.com.br\/inicio\/wp-json\/wp\/v2\/media?parent=10227"}],"wp:term":[{"taxonomy":"product_brand","embeddable":true,"href":"https:\/\/www.multicasa.com.br\/inicio\/wp-json\/wp\/v2\/product_brand?post=10227"},{"taxonomy":"product_cat","embeddable":true,"href":"https:\/\/www.multicasa.com.br\/inicio\/wp-json\/wp\/v2\/product_cat?post=10227"},{"taxonomy":"product_tag","embeddable":true,"href":"https:\/\/www.multicasa.com.br\/inicio\/wp-json\/wp\/v2\/product_tag?post=10227"}],"curies":[{"name":"wp","href":"https:\/\/api.w.org\/{rel}","templated":true}]}}