{"id":10228,"date":"2025-06-20T17:52:59","date_gmt":"2025-06-20T21:52:59","guid":{"rendered":"https:\/\/www.multicasa.com.br\/inicio\/?post_type=product&#038;p=10228"},"modified":"2025-06-20T17:53:35","modified_gmt":"2025-06-20T21:53:35","slug":"prancheta-oficio-premium-acrilica-cristal-acrimet","status":"publish","type":"product","link":"https:\/\/www.multicasa.com.br\/inicio\/produto\/prancheta-oficio-premium-acrilica-cristal-acrimet\/","title":{"rendered":"Prancheta Of\u00edcio Premium Acr\u00edlica Cristal Acrimet"},"content":{"rendered":"<p>A Prancheta Of\u00edcio Premium Acrimet \u00e9 produzida em acr\u00edlico transparente e \u00e9 perfeita para ter um apoio para escrever, com prendedor met\u00e1lico prata em a\u00e7o galvanizado, \u00e9 ideal para realizar desenhos, entrevista, provas e etc. Com tamanho de of\u00edcio de aproximadamente 35,5 X 21,6 cm.<\/p>\n","protected":false},"excerpt":{"rendered":"<h4 style=\"margin: 0px;padding: 0px 0px 16px;font-family: Lato, sans-serif;font-weight: bold;line-height: 3rem;color: var(--dark-grey3);font-size: 22px;font-style: normal;letter-spacing: normal;text-align: start;text-indent: 0px;text-transform: none\">Informa\u00e7\u00f5es t\u00e9cnicas<\/h4>\n<p><span style=\"margin: 0px;padding: 0px;font-weight: 450;font-size: 14px;line-height: 21px;color: var(--dark-grey2);font-family: Lato, sans-serif;font-style: normal;letter-spacing: normal;text-align: start;text-indent: 0px;text-transform: none\">Produto: Prancheta Of\u00edcio<br \/>\nMarca: Acrimet<br \/>\nMaterial: Acr\u00edlico<br \/>\nPrendedor em A\u00e7o Galvanizado<br \/>\nCor: Incolor e prata<br \/>\nCaracter\u00edsticas: Transparente, com prendedor met\u00e1lico<br \/>\nItens Inclusos: 1 Prancheta Of\u00edcio<br \/>\nDimens\u00f5es do produto (A X L): 35,6 x 21,6cm<\/span><\/p>\n","protected":false},"featured_media":10285,"template":"","meta":{"_joinchat":[]},"product_brand":[],"product_cat":[95],"product_tag":[],"class_list":{"0":"post-10228","1":"product","2":"type-product","3":"status-publish","4":"has-post-thumbnail","6":"product_cat-lavanderia","8":"first","9":"outofstock","10":"shipping-taxable","11":"product-type-simple"},"_links":{"self":[{"href":"https:\/\/www.multicasa.com.br\/inicio\/wp-json\/wp\/v2\/product\/10228","targetHints":{"allow":["GET"]}}],"collection":[{"href":"https:\/\/www.multicasa.com.br\/inicio\/wp-json\/wp\/v2\/product"}],"about":[{"href":"https:\/\/www.multicasa.com.br\/inicio\/wp-json\/wp\/v2\/types\/product"}],"wp:featuredmedia":[{"embeddable":true,"href":"https:\/\/www.multicasa.com.br\/inicio\/wp-json\/wp\/v2\/media\/10285"}],"wp:attachment":[{"href":"https:\/\/www.multicasa.com.br\/inicio\/wp-json\/wp\/v2\/media?parent=10228"}],"wp:term":[{"taxonomy":"product_brand","embeddable":true,"href":"https:\/\/www.multicasa.com.br\/inicio\/wp-json\/wp\/v2\/product_brand?post=10228"},{"taxonomy":"product_cat","embeddable":true,"href":"https:\/\/www.multicasa.com.br\/inicio\/wp-json\/wp\/v2\/product_cat?post=10228"},{"taxonomy":"product_tag","embeddable":true,"href":"https:\/\/www.multicasa.com.br\/inicio\/wp-json\/wp\/v2\/product_tag?post=10228"}],"curies":[{"name":"wp","href":"https:\/\/api.w.org\/{rel}","templated":true}]}}