{"id":10234,"date":"2025-06-20T17:52:59","date_gmt":"2025-06-20T21:52:59","guid":{"rendered":"https:\/\/www.multicasa.com.br\/inicio\/?post_type=product&#038;p=10234"},"modified":"2025-12-16T19:06:01","modified_gmt":"2025-12-16T23:06:01","slug":"bolsa-termica-cotermico-26l","status":"publish","type":"product","link":"https:\/\/www.multicasa.com.br\/inicio\/produto\/bolsa-termica-cotermico-26l\/","title":{"rendered":"Bolsa T\u00e9rmica Cotermico 26L"},"content":{"rendered":"<p>Leve seus lanches, petiscos e bebidas favoritos nos seus passeios com a bolsa t\u00e9rmica Cotermico com capacidade de 26 litros. Ideal para praia, camping, piscina e piqueniques, a bolsa t\u00e9rmica Cotermico conserva a temperatura por aproximadamente 10 horas. Resistente, \u00e9 feita em laminado de PVC, com revestimento t\u00e9rmico em manta sint\u00e9tica at\u00f3xica, al\u00e7a em fios de nylon e acabamento externo em perfil de PVC. Mais divers\u00e3o para qualquer aventura.<\/p>\n","protected":false},"excerpt":{"rendered":"<h4 style=\"margin: 0px;padding: 0px 0px 16px;font-family: Lato, sans-serif;font-weight: bold;line-height: 3rem;color: var(--dark-grey3);font-size: 22px;font-style: normal;letter-spacing: normal;text-align: start;text-indent: 0px;text-transform: none\">Informa\u00e7\u00f5es t\u00e9cnicas<\/h4>\n<p><span style=\"margin: 0px;padding: 0px;font-weight: 450;font-size: 14px;line-height: 21px;color: var(--dark-grey2);font-family: Lato, sans-serif;font-style: normal;letter-spacing: normal;text-align: start;text-indent: 0px;text-transform: none\">Produto: Bolsa T\u00e9rmica<br \/>\nMarca: Cotermico<br \/>\nMaterial: Fios de nylon<br \/>\nAcabamento em PVC<br \/>\nManta Sint\u00e9tica<br \/>\nLaminado de PVC<br \/>\nCor: Prata<br \/>\nCapacidade: 26L<br \/>\nCaracter\u00edsticas: Com al\u00e7a<br \/>\nItens inclusos: 1 Bolsa T\u00e9rmica<br \/>\nDimens\u00f5es do produto (A X L): 23cm x 34cm<\/span><\/p>\n","protected":false},"featured_media":24696,"template":"","meta":{"_joinchat":[]},"product_brand":[],"product_cat":[136],"product_tag":[],"class_list":{"0":"post-10234","1":"product","2":"type-product","3":"status-publish","4":"has-post-thumbnail","6":"product_cat-lazer","8":"first","9":"outofstock","10":"shipping-taxable","11":"purchasable","12":"product-type-simple"},"_links":{"self":[{"href":"https:\/\/www.multicasa.com.br\/inicio\/wp-json\/wp\/v2\/product\/10234","targetHints":{"allow":["GET"]}}],"collection":[{"href":"https:\/\/www.multicasa.com.br\/inicio\/wp-json\/wp\/v2\/product"}],"about":[{"href":"https:\/\/www.multicasa.com.br\/inicio\/wp-json\/wp\/v2\/types\/product"}],"wp:featuredmedia":[{"embeddable":true,"href":"https:\/\/www.multicasa.com.br\/inicio\/wp-json\/wp\/v2\/media\/24696"}],"wp:attachment":[{"href":"https:\/\/www.multicasa.com.br\/inicio\/wp-json\/wp\/v2\/media?parent=10234"}],"wp:term":[{"taxonomy":"product_brand","embeddable":true,"href":"https:\/\/www.multicasa.com.br\/inicio\/wp-json\/wp\/v2\/product_brand?post=10234"},{"taxonomy":"product_cat","embeddable":true,"href":"https:\/\/www.multicasa.com.br\/inicio\/wp-json\/wp\/v2\/product_cat?post=10234"},{"taxonomy":"product_tag","embeddable":true,"href":"https:\/\/www.multicasa.com.br\/inicio\/wp-json\/wp\/v2\/product_tag?post=10234"}],"curies":[{"name":"wp","href":"https:\/\/api.w.org\/{rel}","templated":true}]}}