{"id":10237,"date":"2025-06-20T17:52:59","date_gmt":"2025-06-20T21:52:59","guid":{"rendered":"https:\/\/www.multicasa.com.br\/inicio\/?post_type=product&#038;p=10237"},"modified":"2025-06-20T17:53:51","modified_gmt":"2025-06-20T21:53:51","slug":"protetor-de-pia-em-plastico-preto-coza","status":"publish","type":"product","link":"https:\/\/www.multicasa.com.br\/inicio\/produto\/protetor-de-pia-em-plastico-preto-coza\/","title":{"rendered":"Protetor de Pia em Pl\u00e1stico Preto Coza"},"content":{"rendered":"<p>O Protetor de Pia da Coza pode ser usado como escorredor de lou\u00e7a, j\u00e1 que os furos permitem que a \u00e1gua escoe, tamb\u00e9m pode funcionar no fundo da pia para evitar que res\u00edduos escorram pelo ralo e para apoiar panelas quentes de at\u00e9 50 graus. Possui pinos antiderrapantes na parte inferior da grade, recicl\u00e1vel e dispon\u00edvel na cor preta. Suas dimens\u00f5es s\u00e3o de 32,8 x 27,8 x 0,4 cm. Para preservar o seu utens\u00edlio, n\u00e3o leve-o \u00e0 lava-lou\u00e7as. O utens\u00edlio para quem busca praticidade e higiene.<\/p>\n","protected":false},"excerpt":{"rendered":"<h4 style=\"margin: 0px;padding: 0px 0px 16px;font-family: Lato, sans-serif;font-weight: bold;line-height: 3rem;color: var(--dark-grey3);font-size: 22px;font-style: normal;letter-spacing: normal;text-align: start;text-indent: 0px;text-transform: none\">Informa\u00e7\u00f5es t\u00e9cnicas<\/h4>\n<p><span style=\"margin: 0px;padding: 0px;font-weight: 450;font-size: 14px;line-height: 21px;color: var(--dark-grey2);font-family: Lato, sans-serif;font-style: normal;letter-spacing: normal;text-align: start;text-indent: 0px;text-transform: none\">Produto: Protetor de Pia<br \/>\nMarca: Coza<br \/>\nMaterial: Pl\u00e1stico<br \/>\nCor: Preto<br \/>\nCaracter\u00edstica: Serve como grade de pia;<br \/>\nServe como escorredor de lou\u00e7a;<br \/>\nPinos antiderrapantes;<br \/>\nResistente a temperaturas de at\u00e9 50\u00b0<br \/>\nRecicl\u00e1vel;<br \/>\nN\u00e3o pode ser lEVAda a m\u00e1quina de lavar.<br \/>\nItens Inclusos: 1 Protetor de pia<br \/>\nDimens\u00f5es do produto (AxLxP): 0,4 x 32,8 x 27,8cm<\/span><\/p>\n","protected":false},"featured_media":10313,"template":"","meta":{"_joinchat":[]},"product_brand":[],"product_cat":[138],"product_tag":[],"class_list":{"0":"post-10237","1":"product","2":"type-product","3":"status-publish","4":"has-post-thumbnail","6":"product_cat-telefones-e-cia","8":"first","9":"outofstock","10":"shipping-taxable","11":"product-type-simple"},"_links":{"self":[{"href":"https:\/\/www.multicasa.com.br\/inicio\/wp-json\/wp\/v2\/product\/10237","targetHints":{"allow":["GET"]}}],"collection":[{"href":"https:\/\/www.multicasa.com.br\/inicio\/wp-json\/wp\/v2\/product"}],"about":[{"href":"https:\/\/www.multicasa.com.br\/inicio\/wp-json\/wp\/v2\/types\/product"}],"wp:featuredmedia":[{"embeddable":true,"href":"https:\/\/www.multicasa.com.br\/inicio\/wp-json\/wp\/v2\/media\/10313"}],"wp:attachment":[{"href":"https:\/\/www.multicasa.com.br\/inicio\/wp-json\/wp\/v2\/media?parent=10237"}],"wp:term":[{"taxonomy":"product_brand","embeddable":true,"href":"https:\/\/www.multicasa.com.br\/inicio\/wp-json\/wp\/v2\/product_brand?post=10237"},{"taxonomy":"product_cat","embeddable":true,"href":"https:\/\/www.multicasa.com.br\/inicio\/wp-json\/wp\/v2\/product_cat?post=10237"},{"taxonomy":"product_tag","embeddable":true,"href":"https:\/\/www.multicasa.com.br\/inicio\/wp-json\/wp\/v2\/product_tag?post=10237"}],"curies":[{"name":"wp","href":"https:\/\/api.w.org\/{rel}","templated":true}]}}