{"id":10264,"date":"2025-06-20T17:53:22","date_gmt":"2025-06-20T21:53:22","guid":{"rendered":"https:\/\/www.multicasa.com.br\/inicio\/?post_type=product&#038;p=10264"},"modified":"2025-06-20T17:54:03","modified_gmt":"2025-06-20T21:54:03","slug":"mini-rodo-extensivel-limpa-vidros-goa-util-facil","status":"publish","type":"product","link":"https:\/\/www.multicasa.com.br\/inicio\/produto\/mini-rodo-extensivel-limpa-vidros-goa-util-facil\/","title":{"rendered":"Mini Rodo Extens\u00edvel Limpa Vidros Goa \u00datil F\u00e1cil"},"content":{"rendered":"<p>Com o Mini Rodo Extens\u00edvel Limpa Vidros Goa \u00datil F\u00e1cil a limpeza fica muito mais f\u00e1cil. Produzido em alum\u00ednio canelado e com bucha abrasiva, \u00e9 ideal para limpar sujeiras e cantos mais dif\u00edceis. Possui haste retr\u00e1til e lados multifuncionais que espalham o sab\u00e3o de um lado e retiram a \u00e1gua do outro.<\/p>\n","protected":false},"excerpt":{"rendered":"<h4 style=\"margin: 0px;padding: 0px 0px 16px;font-family: Lato, sans-serif;font-weight: bold;line-height: 3rem;color: var(--dark-grey3);font-size: 22px;font-style: normal;letter-spacing: normal;text-align: start;text-indent: 0px;text-transform: none\">Informa\u00e7\u00f5es t\u00e9cnicas<\/h4>\n<p><span style=\"margin: 0px;padding: 0px;font-weight: 450;font-size: 14px;line-height: 21px;color: var(--dark-grey2);font-family: Lato, sans-serif;font-style: normal;letter-spacing: normal;text-align: start;text-indent: 0px;text-transform: none\">Marca: \u00datil F\u00e1cil<br \/>\nMaterial: Alum\u00ednio canelado<br \/>\nBucha abrasiva<br \/>\nCor: Azul e Prata<br \/>\nCaracter\u00edsticas: Haste retr\u00e1til<br \/>\nBase Flex\u00edvel<br \/>\nEspalha sab\u00e3o e retira a \u00e1gua<br \/>\nItens Inclusos: 1 rodo<br \/>\nDimens\u00f5es do produto (L): Base &#8211; 27cm<br \/>\nCabo &#8211; 72cm<\/span><\/p>\n","protected":false},"featured_media":10323,"template":"","meta":{"_joinchat":[]},"product_brand":[],"product_cat":[96],"product_tag":[],"class_list":{"0":"post-10264","1":"product","2":"type-product","3":"status-publish","4":"has-post-thumbnail","6":"product_cat-limpeza-e-cia","8":"first","9":"outofstock","10":"shipping-taxable","11":"product-type-simple"},"_links":{"self":[{"href":"https:\/\/www.multicasa.com.br\/inicio\/wp-json\/wp\/v2\/product\/10264","targetHints":{"allow":["GET"]}}],"collection":[{"href":"https:\/\/www.multicasa.com.br\/inicio\/wp-json\/wp\/v2\/product"}],"about":[{"href":"https:\/\/www.multicasa.com.br\/inicio\/wp-json\/wp\/v2\/types\/product"}],"wp:featuredmedia":[{"embeddable":true,"href":"https:\/\/www.multicasa.com.br\/inicio\/wp-json\/wp\/v2\/media\/10323"}],"wp:attachment":[{"href":"https:\/\/www.multicasa.com.br\/inicio\/wp-json\/wp\/v2\/media?parent=10264"}],"wp:term":[{"taxonomy":"product_brand","embeddable":true,"href":"https:\/\/www.multicasa.com.br\/inicio\/wp-json\/wp\/v2\/product_brand?post=10264"},{"taxonomy":"product_cat","embeddable":true,"href":"https:\/\/www.multicasa.com.br\/inicio\/wp-json\/wp\/v2\/product_cat?post=10264"},{"taxonomy":"product_tag","embeddable":true,"href":"https:\/\/www.multicasa.com.br\/inicio\/wp-json\/wp\/v2\/product_tag?post=10264"}],"curies":[{"name":"wp","href":"https:\/\/api.w.org\/{rel}","templated":true}]}}