{"id":10269,"date":"2025-06-20T17:53:23","date_gmt":"2025-06-20T21:53:23","guid":{"rendered":"https:\/\/www.multicasa.com.br\/inicio\/?post_type=product&#038;p=10269"},"modified":"2025-12-16T19:07:29","modified_gmt":"2025-12-16T23:07:29","slug":"campainha-sem-fio-bivolt-dni-6385-key-west","status":"publish","type":"product","link":"https:\/\/www.multicasa.com.br\/inicio\/produto\/campainha-sem-fio-bivolt-dni-6385-key-west\/","title":{"rendered":"Campainha Sem Fio Bivolt DNI 6385 Key West"},"content":{"rendered":"<p>Com a campainha sem fio bivolt DNI 6385 Key West voc\u00ea n\u00e3o perde entregas, sempre sabe quando h\u00e1 visitas e fica alerta dentro de casa. De alta tecnologia, a campainha sem fio funciona por ondas de r\u00e1dio e, para \u00fatiliz\u00e1-la, basta plug\u00e1-la na tomada. Tem alcance m\u00e9dio de 30 metros em casos onde h\u00e1 paredes e portas e chega a alcan\u00e7ar at\u00e9 50 metros em \u00e1reas livres. Com 1 acionador, possui um leque com 16 varia\u00e7\u00f5es de toque, acende leds quando acionada e muito indicada para locais com muito barulho. De cor branca, mede 9 x 6 x 5 cm com acionador de 4 x 7 x 1,5 cm.<\/p>\n","protected":false},"excerpt":{"rendered":"<h4 style=\"margin: 0px;padding: 0px 0px 16px;font-family: Lato, sans-serif;font-weight: bold;line-height: 3rem;color: var(--dark-grey3);font-size: 22px;font-style: normal;letter-spacing: normal;text-align: start;text-indent: 0px;text-transform: none\">Informa\u00e7\u00f5es t\u00e9cnicas<\/h4>\n<p><span style=\"margin: 0px;padding: 0px;font-weight: 450;font-size: 14px;line-height: 21px;color: var(--dark-grey2);font-family: Lato, sans-serif;font-style: normal;letter-spacing: normal;text-align: start;text-indent: 0px;text-transform: none\">Produto: Campainha sem fio<br \/>\nMarca: Key West<br \/>\nModelo: DNI6385<br \/>\nCor: Branco<br \/>\nTens\u00e3o el\u00e9trica: 127v &#8211; 220v<br \/>\nAlimenta\u00e7\u00e3o: 1 Bateria 12v (tipo a23 &#8211; inclusa)<br \/>\nCaracter\u00edsticas: F\u00e1cil instala\u00e7\u00e3o<br \/>\nSem fio<br \/>\n16 sons program\u00e1veis<br \/>\nAlcance m\u00e9dio de 30m<br \/>\nLeds<br \/>\nQuantidade de pe\u00e7as: 2<br \/>\nItens inclusos: 1 Campainha sem fio<br \/>\n1 acionador<br \/>\nDimens\u00f5es do produto (A X L X P): Campainha 9 x 6 x 5cm<br \/>\nAcionador- 4 x 7 x 1,5cm<br \/>\n<\/span><\/p>\n","protected":false},"featured_media":10346,"template":"","meta":{"_joinchat":[]},"product_brand":[],"product_cat":[144],"product_tag":[],"class_list":{"0":"post-10269","1":"product","2":"type-product","3":"status-publish","4":"has-post-thumbnail","6":"product_cat-tomadas-e-cia","8":"first","9":"outofstock","10":"shipping-taxable","11":"purchasable","12":"product-type-simple"},"_links":{"self":[{"href":"https:\/\/www.multicasa.com.br\/inicio\/wp-json\/wp\/v2\/product\/10269","targetHints":{"allow":["GET"]}}],"collection":[{"href":"https:\/\/www.multicasa.com.br\/inicio\/wp-json\/wp\/v2\/product"}],"about":[{"href":"https:\/\/www.multicasa.com.br\/inicio\/wp-json\/wp\/v2\/types\/product"}],"wp:featuredmedia":[{"embeddable":true,"href":"https:\/\/www.multicasa.com.br\/inicio\/wp-json\/wp\/v2\/media\/10346"}],"wp:attachment":[{"href":"https:\/\/www.multicasa.com.br\/inicio\/wp-json\/wp\/v2\/media?parent=10269"}],"wp:term":[{"taxonomy":"product_brand","embeddable":true,"href":"https:\/\/www.multicasa.com.br\/inicio\/wp-json\/wp\/v2\/product_brand?post=10269"},{"taxonomy":"product_cat","embeddable":true,"href":"https:\/\/www.multicasa.com.br\/inicio\/wp-json\/wp\/v2\/product_cat?post=10269"},{"taxonomy":"product_tag","embeddable":true,"href":"https:\/\/www.multicasa.com.br\/inicio\/wp-json\/wp\/v2\/product_tag?post=10269"}],"curies":[{"name":"wp","href":"https:\/\/api.w.org\/{rel}","templated":true}]}}