{"id":10270,"date":"2025-06-20T17:53:23","date_gmt":"2025-06-20T21:53:23","guid":{"rendered":"https:\/\/www.multicasa.com.br\/inicio\/?post_type=product&#038;p=10270"},"modified":"2025-06-20T17:54:21","modified_gmt":"2025-06-20T21:54:21","slug":"luminaria-led-noturna-borboleta-key-west-bivolt","status":"publish","type":"product","link":"https:\/\/www.multicasa.com.br\/inicio\/produto\/luminaria-led-noturna-borboleta-key-west-bivolt\/","title":{"rendered":"Lumin\u00e1ria Led Noturna Borboleta Key West Bivolt"},"content":{"rendered":"<p>A Lumin\u00e1ria Led Noturna Key West Bivolt em formato de borboleta, \u00e9 perfeita para ser usada em quartos de crian\u00e7as ou adultos que n\u00e3o gostam de dormir no escuro. A lumin\u00e1ria possui 2w de pot\u00eancia e encaixe bivolt que pode ser levado diretamente \u00e0 tomada. Perfeita para ser usada em qualquer ambiente, como corredores e escadarias.<\/p>\n","protected":false},"excerpt":{"rendered":"<h4 style=\"margin: 0px;padding: 0px 0px 16px;font-family: Lato, sans-serif;font-weight: bold;line-height: 3rem;color: var(--dark-grey3);font-size: 22px;font-style: normal;letter-spacing: normal;text-align: start;text-indent: 0px;text-transform: none\">Informa\u00e7\u00f5es t\u00e9cnicas<\/h4>\n<p><span style=\"margin: 0px;padding: 0px;font-weight: 450;font-size: 14px;line-height: 21px;color: var(--dark-grey2);font-family: Lato, sans-serif;font-style: normal;letter-spacing: normal;text-align: start;text-indent: 0px;text-transform: none\">Produto: Lumin\u00e1ria Noturna<br \/>\nMarca: Keywest<br \/>\nMaterial: Termopl\u00e1stico<br \/>\nCor: Rosa e Vermelho<br \/>\nPot\u00eancia: 2w<br \/>\nTens\u00e3o el\u00e9trica: Bivolt<br \/>\nCaracter\u00edsticas: Formato de Borboleta<br \/>\nBaixo consumo<br \/>\nPode ficar acesa a noite toda<br \/>\nItens Inclusos: 1 Lumin\u00e1ria Noturna<br \/>\nDimens\u00f5es do produto (A X L X P): 10 x 6 x 4cm<br \/>\n<\/span><\/p>\n","protected":false},"featured_media":10351,"template":"","meta":{"_joinchat":[]},"product_brand":[],"product_cat":[79],"product_tag":[],"class_list":{"0":"post-10270","1":"product","2":"type-product","3":"status-publish","4":"has-post-thumbnail","6":"product_cat-iluminacao-decorativa","8":"first","9":"outofstock","10":"shipping-taxable","11":"product-type-simple"},"_links":{"self":[{"href":"https:\/\/www.multicasa.com.br\/inicio\/wp-json\/wp\/v2\/product\/10270","targetHints":{"allow":["GET"]}}],"collection":[{"href":"https:\/\/www.multicasa.com.br\/inicio\/wp-json\/wp\/v2\/product"}],"about":[{"href":"https:\/\/www.multicasa.com.br\/inicio\/wp-json\/wp\/v2\/types\/product"}],"wp:featuredmedia":[{"embeddable":true,"href":"https:\/\/www.multicasa.com.br\/inicio\/wp-json\/wp\/v2\/media\/10351"}],"wp:attachment":[{"href":"https:\/\/www.multicasa.com.br\/inicio\/wp-json\/wp\/v2\/media?parent=10270"}],"wp:term":[{"taxonomy":"product_brand","embeddable":true,"href":"https:\/\/www.multicasa.com.br\/inicio\/wp-json\/wp\/v2\/product_brand?post=10270"},{"taxonomy":"product_cat","embeddable":true,"href":"https:\/\/www.multicasa.com.br\/inicio\/wp-json\/wp\/v2\/product_cat?post=10270"},{"taxonomy":"product_tag","embeddable":true,"href":"https:\/\/www.multicasa.com.br\/inicio\/wp-json\/wp\/v2\/product_tag?post=10270"}],"curies":[{"name":"wp","href":"https:\/\/api.w.org\/{rel}","templated":true}]}}