{"id":10271,"date":"2025-06-20T17:53:23","date_gmt":"2025-06-20T21:53:23","guid":{"rendered":"https:\/\/www.multicasa.com.br\/inicio\/?post_type=product&#038;p=10271"},"modified":"2025-06-20T17:54:23","modified_gmt":"2025-06-20T21:54:23","slug":"varal-de-parede-automatico-1-modulo-branco-stendmax-48m","status":"publish","type":"product","link":"https:\/\/www.multicasa.com.br\/inicio\/produto\/varal-de-parede-automatico-1-modulo-branco-stendmax-48m\/","title":{"rendered":"Varal de parede Autom\u00e1tico 1 M\u00f3dulo Branco Stendmax 4,8m"},"content":{"rendered":"<p>O Varal de parede Autom\u00e1tico da Stendmax vai facilitar o seu dia a dia na hora de secar suas roupas. Feito em estrutura de pl\u00e1stico e acabamento em polipropileno, \u00e9 resistente e tem capacidade de carga de at\u00e9 6kg. Sua corda possui 4,8m e \u00e9 perfeito para quem n\u00e3o tem muito espa\u00e7o em casa ou em apartamento, \u00e9 a maneira mais barata e ecol\u00f3gica de secar suas roupas!<\/p>\n","protected":false},"excerpt":{"rendered":"<h4 style=\"margin: 0px;padding: 0px 0px 16px;font-family: Lato, sans-serif;font-weight: bold;line-height: 3rem;color: var(--dark-grey3);font-size: 22px;font-style: normal;letter-spacing: normal;text-align: start;text-indent: 0px;text-transform: none\">Informa\u00e7\u00f5es t\u00e9cnicas<\/h4>\n<p><span style=\"margin: 0px;padding: 0px;font-weight: 450;font-size: 14px;line-height: 21px;color: var(--dark-grey2);font-family: Lato, sans-serif;font-style: normal;letter-spacing: normal;text-align: start;text-indent: 0px;text-transform: none\">Produto: Varal retr\u00e1til<br \/>\nMarca: Stendmax<br \/>\nMaterial: Pl\u00e1stico<br \/>\nPolipropileno<br \/>\nCor: Branco<br \/>\nCaracter\u00edsticas: 1 corda de 4,8m<br \/>\nRetr\u00e1til<br \/>\nSuporta at\u00e9 6kg de roupa<br \/>\nItens Inclusoss: 1 varal retr\u00e1til<br \/>\nDimens\u00f5es do produto (A x L x P): 30 x 15 x 6,5cm<br \/>\n<\/span><\/p>\n","protected":false},"featured_media":10353,"template":"","meta":{"_joinchat":[]},"product_brand":[],"product_cat":[95],"product_tag":[],"class_list":{"0":"post-10271","1":"product","2":"type-product","3":"status-publish","4":"has-post-thumbnail","6":"product_cat-lavanderia","8":"first","9":"outofstock","10":"shipping-taxable","11":"product-type-simple"},"_links":{"self":[{"href":"https:\/\/www.multicasa.com.br\/inicio\/wp-json\/wp\/v2\/product\/10271","targetHints":{"allow":["GET"]}}],"collection":[{"href":"https:\/\/www.multicasa.com.br\/inicio\/wp-json\/wp\/v2\/product"}],"about":[{"href":"https:\/\/www.multicasa.com.br\/inicio\/wp-json\/wp\/v2\/types\/product"}],"wp:featuredmedia":[{"embeddable":true,"href":"https:\/\/www.multicasa.com.br\/inicio\/wp-json\/wp\/v2\/media\/10353"}],"wp:attachment":[{"href":"https:\/\/www.multicasa.com.br\/inicio\/wp-json\/wp\/v2\/media?parent=10271"}],"wp:term":[{"taxonomy":"product_brand","embeddable":true,"href":"https:\/\/www.multicasa.com.br\/inicio\/wp-json\/wp\/v2\/product_brand?post=10271"},{"taxonomy":"product_cat","embeddable":true,"href":"https:\/\/www.multicasa.com.br\/inicio\/wp-json\/wp\/v2\/product_cat?post=10271"},{"taxonomy":"product_tag","embeddable":true,"href":"https:\/\/www.multicasa.com.br\/inicio\/wp-json\/wp\/v2\/product_tag?post=10271"}],"curies":[{"name":"wp","href":"https:\/\/api.w.org\/{rel}","templated":true}]}}