{"id":10272,"date":"2025-06-20T17:53:23","date_gmt":"2025-06-20T21:53:23","guid":{"rendered":"https:\/\/www.multicasa.com.br\/inicio\/?post_type=product&#038;p=10272"},"modified":"2025-06-20T17:54:25","modified_gmt":"2025-06-20T21:54:25","slug":"bomba-de-ar-para-encher-bexigas-western","status":"publish","type":"product","link":"https:\/\/www.multicasa.com.br\/inicio\/produto\/bomba-de-ar-para-encher-bexigas-western\/","title":{"rendered":"Bomba de Ar para Encher Bexigas Western"},"content":{"rendered":"<p>Bal\u00f5es cheios, festa decorada e mais divertida. Essa \u00e9 a proposta da bomba de ar para encher bexigas da Western. Manual, \u00e9 ideal para inflar bal\u00f5es metalizados e de l\u00e1tex de forma f\u00e1cil, r\u00e1pida e sem esfor\u00e7o. Deixe seu evento ainda mais colorido e atrativo!<\/p>\n","protected":false},"excerpt":{"rendered":"<h4 style=\"margin: 0px;padding: 0px 0px 16px;font-family: Lato, sans-serif;font-weight: bold;line-height: 3rem;color: var(--dark-grey3);font-size: 22px;font-style: normal;letter-spacing: normal;text-align: start;text-indent: 0px;text-transform: none\">Informa\u00e7\u00f5es t\u00e9cnicas<\/h4>\n<p><span style=\"margin: 0px;padding: 0px;font-weight: 450;font-size: 14px;line-height: 21px;color: var(--dark-grey2);font-family: Lato, sans-serif;font-style: normal;letter-spacing: normal;text-align: start;text-indent: 0px;text-transform: none\"><br \/>\nProduto: Bomba de ar<br \/>\nMarca: Western<br \/>\nMaterial: Pl\u00e1stico<br \/>\nCor: Preto, vermelho<br \/>\nCaracter\u00edsticas: Manual<br \/>\nPara bal\u00f5es metalizados e de l\u00e1tex<br \/>\nCabo refor\u00e7ado tipo T<br \/>\nCom mangueira<br \/>\nItens inclusos: 1 Bomba de ar<br \/>\nDimens\u00f5es do produto (A X L): 28,5 x 5cm<br \/>\n<\/span><\/p>\n","protected":false},"featured_media":10355,"template":"","meta":{"_joinchat":[]},"product_brand":[],"product_cat":[136],"product_tag":[],"class_list":{"0":"post-10272","1":"product","2":"type-product","3":"status-publish","4":"has-post-thumbnail","6":"product_cat-lazer","8":"first","9":"outofstock","10":"shipping-taxable","11":"product-type-simple"},"_links":{"self":[{"href":"https:\/\/www.multicasa.com.br\/inicio\/wp-json\/wp\/v2\/product\/10272","targetHints":{"allow":["GET"]}}],"collection":[{"href":"https:\/\/www.multicasa.com.br\/inicio\/wp-json\/wp\/v2\/product"}],"about":[{"href":"https:\/\/www.multicasa.com.br\/inicio\/wp-json\/wp\/v2\/types\/product"}],"wp:featuredmedia":[{"embeddable":true,"href":"https:\/\/www.multicasa.com.br\/inicio\/wp-json\/wp\/v2\/media\/10355"}],"wp:attachment":[{"href":"https:\/\/www.multicasa.com.br\/inicio\/wp-json\/wp\/v2\/media?parent=10272"}],"wp:term":[{"taxonomy":"product_brand","embeddable":true,"href":"https:\/\/www.multicasa.com.br\/inicio\/wp-json\/wp\/v2\/product_brand?post=10272"},{"taxonomy":"product_cat","embeddable":true,"href":"https:\/\/www.multicasa.com.br\/inicio\/wp-json\/wp\/v2\/product_cat?post=10272"},{"taxonomy":"product_tag","embeddable":true,"href":"https:\/\/www.multicasa.com.br\/inicio\/wp-json\/wp\/v2\/product_tag?post=10272"}],"curies":[{"name":"wp","href":"https:\/\/api.w.org\/{rel}","templated":true}]}}