{"id":10273,"date":"2025-06-20T17:53:23","date_gmt":"2025-06-20T21:53:23","guid":{"rendered":"https:\/\/www.multicasa.com.br\/inicio\/?post_type=product&#038;p=10273"},"modified":"2025-06-20T17:54:26","modified_gmt":"2025-06-20T21:54:26","slug":"avental-de-cozinha-aflanelado-kountry","status":"publish","type":"product","link":"https:\/\/www.multicasa.com.br\/inicio\/produto\/avental-de-cozinha-aflanelado-kountry\/","title":{"rendered":"Avental de Cozinha Aflanelado Kountry"},"content":{"rendered":"<p>Fa\u00e7a suas receitas favoritas como: molhos, frituras e outros processos sem se sujar. Utilize o Avental de Cozinha Kountry e se aventure sem danificar suas roupas. Feito de material aflanelado, \u00e9 resistente e confort\u00e1vel.<\/p>\n","protected":false},"excerpt":{"rendered":"<h4 style=\"margin: 0px;padding: 0px 0px 16px;font-family: Lato, sans-serif;font-weight: bold;line-height: 3rem;color: var(--dark-grey3);font-size: 22px;font-style: normal;letter-spacing: normal;text-align: start;text-indent: 0px;text-transform: none\">Informa\u00e7\u00f5es t\u00e9cnicas<\/h4>\n<p><span style=\"margin: 0px;padding: 0px;font-weight: 450;font-size: 14px;line-height: 21px;color: var(--dark-grey2);font-family: Lato, sans-serif;font-style: normal;letter-spacing: normal;text-align: start;text-indent: 0px;text-transform: none\">Produto: Avental de Cozinha<br \/>\nMarca: Kountry<br \/>\nMaterial: Pl\u00e1stico<br \/>\nCor: estampa azul, branco<br \/>\nCaracter\u00edsticas: Aflanelado<br \/>\nItens Inclusos: 1 avental de cozinha<br \/>\nDimens\u00f5es do produto (A x L): 80 x 56cm<br \/>\n<\/span><\/p>\n","protected":false},"featured_media":10358,"template":"","meta":{"_joinchat":[]},"product_brand":[],"product_cat":[138],"product_tag":[],"class_list":{"0":"post-10273","1":"product","2":"type-product","3":"status-publish","4":"has-post-thumbnail","6":"product_cat-telefones-e-cia","8":"first","9":"outofstock","10":"shipping-taxable","11":"product-type-simple"},"_links":{"self":[{"href":"https:\/\/www.multicasa.com.br\/inicio\/wp-json\/wp\/v2\/product\/10273","targetHints":{"allow":["GET"]}}],"collection":[{"href":"https:\/\/www.multicasa.com.br\/inicio\/wp-json\/wp\/v2\/product"}],"about":[{"href":"https:\/\/www.multicasa.com.br\/inicio\/wp-json\/wp\/v2\/types\/product"}],"wp:featuredmedia":[{"embeddable":true,"href":"https:\/\/www.multicasa.com.br\/inicio\/wp-json\/wp\/v2\/media\/10358"}],"wp:attachment":[{"href":"https:\/\/www.multicasa.com.br\/inicio\/wp-json\/wp\/v2\/media?parent=10273"}],"wp:term":[{"taxonomy":"product_brand","embeddable":true,"href":"https:\/\/www.multicasa.com.br\/inicio\/wp-json\/wp\/v2\/product_brand?post=10273"},{"taxonomy":"product_cat","embeddable":true,"href":"https:\/\/www.multicasa.com.br\/inicio\/wp-json\/wp\/v2\/product_cat?post=10273"},{"taxonomy":"product_tag","embeddable":true,"href":"https:\/\/www.multicasa.com.br\/inicio\/wp-json\/wp\/v2\/product_tag?post=10273"}],"curies":[{"name":"wp","href":"https:\/\/api.w.org\/{rel}","templated":true}]}}