{"id":10298,"date":"2025-06-20T17:53:48","date_gmt":"2025-06-20T21:53:48","guid":{"rendered":"https:\/\/www.multicasa.com.br\/inicio\/?post_type=product&#038;p=10298"},"modified":"2025-06-20T17:54:28","modified_gmt":"2025-06-20T21:54:28","slug":"organizador-de-camisas-e-roupas-com-ziper-transparente-kountry","status":"publish","type":"product","link":"https:\/\/www.multicasa.com.br\/inicio\/produto\/organizador-de-camisas-e-roupas-com-ziper-transparente-kountry\/","title":{"rendered":"Organizador de Camisas e Roupas com Z\u00edper Transparente Kountry"},"content":{"rendered":"<p>Organizador Kountry, ideal para guardar camisas, saias, cal\u00e7as, casacos, vestidos e etc. Confeccionado em pl\u00e1stico com z\u00edper e acabamento em vi\u00e9s, \u00e9 a capa protetora perfeita para voc\u00ea levar suas roupas em viagens ou at\u00e9 mesmo guardar no arm\u00e1rio, protegendo-as de poeira.<\/p>\n","protected":false},"excerpt":{"rendered":"<h4 style=\"margin: 0px;padding: 0px 0px 16px;font-family: Lato, sans-serif;font-weight: bold;line-height: 3rem;color: var(--dark-grey3);font-size: 22px;font-style: normal;letter-spacing: normal;text-align: start;text-indent: 0px;text-transform: none\">Informa\u00e7\u00f5es t\u00e9cnicas<\/h4>\n<p><span style=\"margin: 0px;padding: 0px;font-weight: 450;font-size: 14px;line-height: 21px;color: var(--dark-grey2);font-family: Lato, sans-serif;font-style: normal;letter-spacing: normal;text-align: start;text-indent: 0px;text-transform: none\">Produto: Organizador de camisas<br \/>\nMarca: Kountry<br \/>\nMaterial: Policloreto de Vinila<br \/>\nCor: Branca<br \/>\nCaracter\u00edsticas: Acabamento em vi\u00e9s<br \/>\nTransparente<br \/>\nFechamento por z\u00edper<br \/>\nItens Inclusos: 1 organizador de camisas<br \/>\nDicas de uso e preserva\u00e7\u00e3o: Limpar com pano \u00famido<br \/>\nN\u00e3o utilizar produtos abrasivos<br \/>\nDimens\u00f5es do produto (A x L x P): 10 x 28 x 40cm<\/span><\/p>\n","protected":false},"featured_media":10359,"template":"","meta":{"_joinchat":[]},"product_brand":[],"product_cat":[95],"product_tag":[],"class_list":{"0":"post-10298","1":"product","2":"type-product","3":"status-publish","4":"has-post-thumbnail","6":"product_cat-lavanderia","8":"first","9":"outofstock","10":"shipping-taxable","11":"product-type-simple"},"_links":{"self":[{"href":"https:\/\/www.multicasa.com.br\/inicio\/wp-json\/wp\/v2\/product\/10298","targetHints":{"allow":["GET"]}}],"collection":[{"href":"https:\/\/www.multicasa.com.br\/inicio\/wp-json\/wp\/v2\/product"}],"about":[{"href":"https:\/\/www.multicasa.com.br\/inicio\/wp-json\/wp\/v2\/types\/product"}],"wp:featuredmedia":[{"embeddable":true,"href":"https:\/\/www.multicasa.com.br\/inicio\/wp-json\/wp\/v2\/media\/10359"}],"wp:attachment":[{"href":"https:\/\/www.multicasa.com.br\/inicio\/wp-json\/wp\/v2\/media?parent=10298"}],"wp:term":[{"taxonomy":"product_brand","embeddable":true,"href":"https:\/\/www.multicasa.com.br\/inicio\/wp-json\/wp\/v2\/product_brand?post=10298"},{"taxonomy":"product_cat","embeddable":true,"href":"https:\/\/www.multicasa.com.br\/inicio\/wp-json\/wp\/v2\/product_cat?post=10298"},{"taxonomy":"product_tag","embeddable":true,"href":"https:\/\/www.multicasa.com.br\/inicio\/wp-json\/wp\/v2\/product_tag?post=10298"}],"curies":[{"name":"wp","href":"https:\/\/api.w.org\/{rel}","templated":true}]}}