{"id":10299,"date":"2025-06-20T17:53:48","date_gmt":"2025-06-20T21:53:48","guid":{"rendered":"https:\/\/www.multicasa.com.br\/inicio\/?post_type=product&#038;p=10299"},"modified":"2025-06-20T17:54:31","modified_gmt":"2025-06-20T21:54:31","slug":"doleira-pochete-com-cinto-ajustavel-branca-juny","status":"publish","type":"product","link":"https:\/\/www.multicasa.com.br\/inicio\/produto\/doleira-pochete-com-cinto-ajustavel-branca-juny\/","title":{"rendered":"Doleira Pochete com Cinto Ajust\u00e1vel Branca Juny"},"content":{"rendered":"<p>Doleira Pochete com Cinto Ajust\u00e1vel Juny, leve dinheiro e documentos de forma pr\u00e1tica, segura e discreta. Confeccionado em poliester na cor branca, possui z\u00edper e cinto em el\u00e1stico com regulagem para se adaptar ao tamanho da cintura.<br \/>\nIdeal para viagens por ficar junto ao corpo e debaixo da roupa, evita assaltos e voc\u00ea poder\u00e1 passear tranquilamente sem se preocupar!<\/p>\n","protected":false},"excerpt":{"rendered":"<h4 style=\"margin: 0px;padding: 0px 0px 16px;font-family: Lato, sans-serif;font-weight: bold;line-height: 3rem;color: var(--dark-grey3);font-size: 22px;font-style: normal;letter-spacing: normal;text-align: start;text-indent: 0px;text-transform: none\">Informa\u00e7\u00f5es t\u00e9cnicas<\/h4>\n<p><span style=\"margin: 0px;padding: 0px;font-weight: 450;font-size: 14px;line-height: 21px;color: var(--dark-grey2);font-family: Lato, sans-serif;font-style: normal;letter-spacing: normal;text-align: start;text-indent: 0px;text-transform: none\">Produto: Doleira Pochete<br \/>\nMarca: Juny<br \/>\nMaterial: Poli\u00e9ster<br \/>\nCor: Branca<br \/>\nCaracter\u00edsticas: Cinto de el\u00e1stico<br \/>\n1,05m de cinto<br \/>\nFechamento por z\u00edper<br \/>\nItens Inclusos: 1 doleira pochete<br \/>\nDimens\u00f5es do produto (A x L x P): 21 x 31 x 1cm<br \/>\n<\/span><\/p>\n","protected":false},"featured_media":10361,"template":"","meta":{"_joinchat":[]},"product_brand":[],"product_cat":[136],"product_tag":[],"class_list":{"0":"post-10299","1":"product","2":"type-product","3":"status-publish","4":"has-post-thumbnail","6":"product_cat-lazer","8":"first","9":"outofstock","10":"shipping-taxable","11":"product-type-simple"},"_links":{"self":[{"href":"https:\/\/www.multicasa.com.br\/inicio\/wp-json\/wp\/v2\/product\/10299","targetHints":{"allow":["GET"]}}],"collection":[{"href":"https:\/\/www.multicasa.com.br\/inicio\/wp-json\/wp\/v2\/product"}],"about":[{"href":"https:\/\/www.multicasa.com.br\/inicio\/wp-json\/wp\/v2\/types\/product"}],"wp:featuredmedia":[{"embeddable":true,"href":"https:\/\/www.multicasa.com.br\/inicio\/wp-json\/wp\/v2\/media\/10361"}],"wp:attachment":[{"href":"https:\/\/www.multicasa.com.br\/inicio\/wp-json\/wp\/v2\/media?parent=10299"}],"wp:term":[{"taxonomy":"product_brand","embeddable":true,"href":"https:\/\/www.multicasa.com.br\/inicio\/wp-json\/wp\/v2\/product_brand?post=10299"},{"taxonomy":"product_cat","embeddable":true,"href":"https:\/\/www.multicasa.com.br\/inicio\/wp-json\/wp\/v2\/product_cat?post=10299"},{"taxonomy":"product_tag","embeddable":true,"href":"https:\/\/www.multicasa.com.br\/inicio\/wp-json\/wp\/v2\/product_tag?post=10299"}],"curies":[{"name":"wp","href":"https:\/\/api.w.org\/{rel}","templated":true}]}}