{"id":10301,"date":"2025-06-20T17:53:48","date_gmt":"2025-06-20T21:53:48","guid":{"rendered":"https:\/\/www.multicasa.com.br\/inicio\/?post_type=product&#038;p=10301"},"modified":"2026-04-16T06:40:07","modified_gmt":"2026-04-16T10:40:07","slug":"luva-multiuso-forrada-scotch-brite-de-latex-tamanho-m-amarela-3m","status":"publish","type":"product","link":"https:\/\/www.multicasa.com.br\/inicio\/produto\/luva-multiuso-forrada-scotch-brite-de-latex-tamanho-m-amarela-3m\/","title":{"rendered":"Luva Multiuso Forrada Scotch Brite de Latex Tamanho M Amarela 3M"},"content":{"rendered":"<p>Use a Luva Multiuso Forrada Scotch Brite da 3M para servi\u00e7os dom\u00e9sticos na cozinha, lavanderia e banheiros. Feita de Latex e com forro 100% em algod\u00e3o que absorve a transpira\u00e7\u00e3o, possui bordas ajustadas para aumentar a prote\u00e7\u00e3o e evitar a entrada de \u00e1gua. Dispon\u00edvel no tamanho M e cor amarela, possui textura emborrachada que melhora a ader\u00eancia do toque e suave aroma de lim\u00e3o.<\/p>\n","protected":false},"excerpt":{"rendered":"<h4 style=\"margin: 0px;padding: 0px 0px 16px;font-family: Lato, sans-serif;font-weight: bold;line-height: 3rem;color: var(--dark-grey3);font-size: 22px;font-style: normal;letter-spacing: normal;text-align: start;text-indent: 0px;text-transform: none\">Informa\u00e7\u00f5es t\u00e9cnicas<\/h4>\n<p><span style=\"margin: 0px;padding: 0px;font-weight: 450;font-size: 14px;line-height: 21px;color: var(--dark-grey2);font-family: Lato, sans-serif;font-style: normal;letter-spacing: normal;text-align: start;text-indent: 0px;text-transform: none\">Produto: Luva Multiuso<br \/>\nMarca: 3M<br \/>\nMaterial: L\u00e1tex 100% natural<br \/>\nAlgod\u00e3o<br \/>\nCor: Amarela<br \/>\nCaracter\u00edsticas: Forrada<br \/>\nSuave aroma de lim\u00e3o<br \/>\nTamanho m\u00e9dio<br \/>\nItens Inclusos: 1 par de luvas<br \/>\nDimens\u00f5es do produto (A X L X P): 13,6 x 1,1 x 24,5cm<\/span><\/p>\n","protected":false},"featured_media":10366,"template":"","meta":{"_joinchat":[]},"product_brand":[],"product_cat":[96],"product_tag":[],"class_list":{"0":"post-10301","1":"product","2":"type-product","3":"status-publish","4":"has-post-thumbnail","6":"product_cat-limpeza-e-cia","8":"first","9":"instock","10":"shipping-taxable","11":"purchasable","12":"product-type-simple"},"_links":{"self":[{"href":"https:\/\/www.multicasa.com.br\/inicio\/wp-json\/wp\/v2\/product\/10301","targetHints":{"allow":["GET"]}}],"collection":[{"href":"https:\/\/www.multicasa.com.br\/inicio\/wp-json\/wp\/v2\/product"}],"about":[{"href":"https:\/\/www.multicasa.com.br\/inicio\/wp-json\/wp\/v2\/types\/product"}],"wp:featuredmedia":[{"embeddable":true,"href":"https:\/\/www.multicasa.com.br\/inicio\/wp-json\/wp\/v2\/media\/10366"}],"wp:attachment":[{"href":"https:\/\/www.multicasa.com.br\/inicio\/wp-json\/wp\/v2\/media?parent=10301"}],"wp:term":[{"taxonomy":"product_brand","embeddable":true,"href":"https:\/\/www.multicasa.com.br\/inicio\/wp-json\/wp\/v2\/product_brand?post=10301"},{"taxonomy":"product_cat","embeddable":true,"href":"https:\/\/www.multicasa.com.br\/inicio\/wp-json\/wp\/v2\/product_cat?post=10301"},{"taxonomy":"product_tag","embeddable":true,"href":"https:\/\/www.multicasa.com.br\/inicio\/wp-json\/wp\/v2\/product_tag?post=10301"}],"curies":[{"name":"wp","href":"https:\/\/api.w.org\/{rel}","templated":true}]}}