{"id":10311,"date":"2025-06-20T17:53:49","date_gmt":"2025-06-20T21:53:49","guid":{"rendered":"https:\/\/www.multicasa.com.br\/inicio\/?post_type=product&#038;p=10311"},"modified":"2025-06-20T17:54:55","modified_gmt":"2025-06-20T21:54:55","slug":"papa-pingo-de-plastico-para-garrafas-termicas-decor-util","status":"publish","type":"product","link":"https:\/\/www.multicasa.com.br\/inicio\/produto\/papa-pingo-de-plastico-para-garrafas-termicas-decor-util\/","title":{"rendered":"Papa Pingo de Pl\u00e1stico para Garrafas T\u00e9rmicas Decor \u00fatil"},"content":{"rendered":"<p>Apoie garrafas t\u00e9rmicas, jarras e bules no Papa Pingo da Decor \u00datil. Ideal para evitar respingos na hora de servir o caf\u00e9 e outras bebidas, mantendo a sua toalha a mesa limpas por mais tempo. Feito de Pl\u00e1stico, tem dimens\u00f5es de 31 x 15 e \u00e9 ideal para mais praticidade e higiene no dia-a-dia.<\/p>\n","protected":false},"excerpt":{"rendered":"<h4 style=\"margin: 0px;padding: 0px 0px 16px;font-family: Lato, sans-serif;font-weight: bold;line-height: 3rem;color: var(--dark-grey3);font-size: 22px;font-style: normal;letter-spacing: normal;text-align: start;text-indent: 0px;text-transform: none\">Informa\u00e7\u00f5es t\u00e9cnicas<\/h4>\n<p><span style=\"margin: 0px;padding: 0px;font-weight: 450;font-size: 14px;line-height: 21px;color: var(--dark-grey2);font-family: Lato, sans-serif;font-style: normal;letter-spacing: normal;text-align: start;text-indent: 0px;text-transform: none\">Produto: Papa Pingo Para Garrafa<br \/>\nMarca: Decor \u00datil<br \/>\nMaterial: Pl\u00e1stico<br \/>\nCor: Sortida<br \/>\nItens Inclusos: 1 Papa Pingo Para Garrafa<br \/>\nDimens\u00f5es do produto (L X P): 31 x 15cm<\/span><\/p>\n","protected":false},"featured_media":10395,"template":"","meta":{"_joinchat":[]},"product_brand":[],"product_cat":[138],"product_tag":[],"class_list":{"0":"post-10311","1":"product","2":"type-product","3":"status-publish","4":"has-post-thumbnail","6":"product_cat-telefones-e-cia","8":"first","9":"outofstock","10":"shipping-taxable","11":"product-type-simple"},"_links":{"self":[{"href":"https:\/\/www.multicasa.com.br\/inicio\/wp-json\/wp\/v2\/product\/10311","targetHints":{"allow":["GET"]}}],"collection":[{"href":"https:\/\/www.multicasa.com.br\/inicio\/wp-json\/wp\/v2\/product"}],"about":[{"href":"https:\/\/www.multicasa.com.br\/inicio\/wp-json\/wp\/v2\/types\/product"}],"wp:featuredmedia":[{"embeddable":true,"href":"https:\/\/www.multicasa.com.br\/inicio\/wp-json\/wp\/v2\/media\/10395"}],"wp:attachment":[{"href":"https:\/\/www.multicasa.com.br\/inicio\/wp-json\/wp\/v2\/media?parent=10311"}],"wp:term":[{"taxonomy":"product_brand","embeddable":true,"href":"https:\/\/www.multicasa.com.br\/inicio\/wp-json\/wp\/v2\/product_brand?post=10311"},{"taxonomy":"product_cat","embeddable":true,"href":"https:\/\/www.multicasa.com.br\/inicio\/wp-json\/wp\/v2\/product_cat?post=10311"},{"taxonomy":"product_tag","embeddable":true,"href":"https:\/\/www.multicasa.com.br\/inicio\/wp-json\/wp\/v2\/product_tag?post=10311"}],"curies":[{"name":"wp","href":"https:\/\/api.w.org\/{rel}","templated":true}]}}