{"id":10342,"date":"2025-06-20T17:54:14","date_gmt":"2025-06-20T21:54:14","guid":{"rendered":"https:\/\/www.multicasa.com.br\/inicio\/?post_type=product&#038;p=10342"},"modified":"2025-06-20T17:55:04","modified_gmt":"2025-06-20T21:55:04","slug":"tabua-de-passar-em-madeira-com-tomada-utilaco","status":"publish","type":"product","link":"https:\/\/www.multicasa.com.br\/inicio\/produto\/tabua-de-passar-em-madeira-com-tomada-utilaco\/","title":{"rendered":"T\u00e1bua de Passar em Madeira Com Tomada Utila\u00e7o"},"content":{"rendered":"<p>A T\u00e1bua de Passar Com Tomada Utila\u00e7o tem a estrutura produzida em 100% madeira e tecido decorado 100% algod\u00e3o. Possui regulagem de altura e ponteira externa antiderrapante. Possui tomada embutida de 10A com extens\u00e3o de 1 metro possibilitando mais praticidade na hora de passar suas roupas.<\/p>\n","protected":false},"excerpt":{"rendered":"<h4 style=\"margin: 0px;padding: 0px 0px 16px;font-family: Lato, sans-serif;font-weight: bold;line-height: 3rem;color: var(--dark-grey3);font-size: 22px;font-style: normal;letter-spacing: normal;text-align: start;text-indent: 0px;text-transform: none\">Informa\u00e7\u00f5es t\u00e9cnicas<\/h4>\n<p><span style=\"margin: 0px;padding: 0px;font-weight: 450;font-size: 14px;line-height: 21px;color: var(--dark-grey2);font-family: Lato, sans-serif;font-style: normal;letter-spacing: normal;text-align: start;text-indent: 0px;text-transform: none\">Produto: T\u00e1bua de passar<br \/>\nMarca: Utila\u00e7o<br \/>\nMaterial: Madeira<br \/>\nEspuma<br \/>\nAlgod\u00e3o<br \/>\nCor: Natural e branco<br \/>\nCaracter\u00edsticas: Regulagem de altura<br \/>\nPossui tomada embutida de 10A com extens\u00e3o de 1m<br \/>\nItens Inclusos: 1 t\u00e1bua de passar<br \/>\nDimens\u00f5es do produto (A x L x P): 1,5 x 100 x 36cm<br \/>\nPeso: 6,100kg<br \/>\n<\/span><\/p>\n","protected":false},"featured_media":10411,"template":"","meta":{"_joinchat":[]},"product_brand":[],"product_cat":[95],"product_tag":[],"class_list":{"0":"post-10342","1":"product","2":"type-product","3":"status-publish","4":"has-post-thumbnail","6":"product_cat-lavanderia","8":"first","9":"outofstock","10":"shipping-taxable","11":"product-type-simple"},"_links":{"self":[{"href":"https:\/\/www.multicasa.com.br\/inicio\/wp-json\/wp\/v2\/product\/10342","targetHints":{"allow":["GET"]}}],"collection":[{"href":"https:\/\/www.multicasa.com.br\/inicio\/wp-json\/wp\/v2\/product"}],"about":[{"href":"https:\/\/www.multicasa.com.br\/inicio\/wp-json\/wp\/v2\/types\/product"}],"wp:featuredmedia":[{"embeddable":true,"href":"https:\/\/www.multicasa.com.br\/inicio\/wp-json\/wp\/v2\/media\/10411"}],"wp:attachment":[{"href":"https:\/\/www.multicasa.com.br\/inicio\/wp-json\/wp\/v2\/media?parent=10342"}],"wp:term":[{"taxonomy":"product_brand","embeddable":true,"href":"https:\/\/www.multicasa.com.br\/inicio\/wp-json\/wp\/v2\/product_brand?post=10342"},{"taxonomy":"product_cat","embeddable":true,"href":"https:\/\/www.multicasa.com.br\/inicio\/wp-json\/wp\/v2\/product_cat?post=10342"},{"taxonomy":"product_tag","embeddable":true,"href":"https:\/\/www.multicasa.com.br\/inicio\/wp-json\/wp\/v2\/product_tag?post=10342"}],"curies":[{"name":"wp","href":"https:\/\/api.w.org\/{rel}","templated":true}]}}