{"id":10374,"date":"2025-06-20T17:54:36","date_gmt":"2025-06-20T21:54:36","guid":{"rendered":"https:\/\/www.multicasa.com.br\/inicio\/?post_type=product&#038;p=10374"},"modified":"2025-06-20T17:55:24","modified_gmt":"2025-06-20T21:55:24","slug":"mouse-pad-apoio-de-gel-preto-multilaser-20x16cm","status":"publish","type":"product","link":"https:\/\/www.multicasa.com.br\/inicio\/produto\/mouse-pad-apoio-de-gel-preto-multilaser-20x16cm\/","title":{"rendered":"Mouse Pad Apoio de Gel Preto Multilaser 20x16cm"},"content":{"rendered":"<p>O Mouse Pad Apoio de Gel Preto Multilaser tem aproximadamente 20 x 16 cm, com base emborrachada e antideslizante, permitindo mais conforto. Seu apoio com gel, acomoda melhor o pulso, evitando les\u00f5es por esfor\u00e7os repetitivos e proporciona mais conforto para trabalhos di\u00e1rios.<\/p>\n","protected":false},"excerpt":{"rendered":"<h4 style=\"margin: 0px;padding: 0px 0px 16px;font-family: Lato, sans-serif;font-weight: bold;line-height: 3rem;color: var(--dark-grey3);font-size: 22px;font-style: normal;letter-spacing: normal;text-align: start;text-indent: 0px;text-transform: none\">Informa\u00e7\u00f5es t\u00e9cnicas<\/h4>\n<p><span style=\"margin: 0px;padding: 0px;font-weight: 450;font-size: 14px;line-height: 21px;color: var(--dark-grey2);font-family: Lato, sans-serif;font-style: normal;letter-spacing: normal;text-align: start;text-indent: 0px;text-transform: none\">Produto: Mouse Pad<br \/>\nMarca: Multilaser<br \/>\nMaterial: Base emborrachada<br \/>\nApoio em gel<br \/>\nCor: Preto<br \/>\nCaracter\u00edsticas: Posiciona punho na altura ideal<br \/>\nItens Inclusos: 1 mouse PAD<br \/>\nDimens\u00f5es do produto (A X L X P): 2 x 20 x 16,5cm<\/span><\/p>\n","protected":false},"featured_media":10445,"template":"","meta":{"_joinchat":[]},"product_brand":[],"product_cat":[130],"product_tag":[],"class_list":{"0":"post-10374","1":"product","2":"type-product","3":"status-publish","4":"has-post-thumbnail","6":"product_cat-informatica","8":"first","9":"outofstock","10":"shipping-taxable","11":"product-type-simple"},"_links":{"self":[{"href":"https:\/\/www.multicasa.com.br\/inicio\/wp-json\/wp\/v2\/product\/10374","targetHints":{"allow":["GET"]}}],"collection":[{"href":"https:\/\/www.multicasa.com.br\/inicio\/wp-json\/wp\/v2\/product"}],"about":[{"href":"https:\/\/www.multicasa.com.br\/inicio\/wp-json\/wp\/v2\/types\/product"}],"wp:featuredmedia":[{"embeddable":true,"href":"https:\/\/www.multicasa.com.br\/inicio\/wp-json\/wp\/v2\/media\/10445"}],"wp:attachment":[{"href":"https:\/\/www.multicasa.com.br\/inicio\/wp-json\/wp\/v2\/media?parent=10374"}],"wp:term":[{"taxonomy":"product_brand","embeddable":true,"href":"https:\/\/www.multicasa.com.br\/inicio\/wp-json\/wp\/v2\/product_brand?post=10374"},{"taxonomy":"product_cat","embeddable":true,"href":"https:\/\/www.multicasa.com.br\/inicio\/wp-json\/wp\/v2\/product_cat?post=10374"},{"taxonomy":"product_tag","embeddable":true,"href":"https:\/\/www.multicasa.com.br\/inicio\/wp-json\/wp\/v2\/product_tag?post=10374"}],"curies":[{"name":"wp","href":"https:\/\/api.w.org\/{rel}","templated":true}]}}