{"id":10400,"date":"2025-06-20T17:54:58","date_gmt":"2025-06-20T21:54:58","guid":{"rendered":"https:\/\/www.multicasa.com.br\/inicio\/?post_type=product&#038;p=10400"},"modified":"2025-06-20T17:55:32","modified_gmt":"2025-06-20T21:55:32","slug":"luminaria-de-toque-3-leds-prata-llum","status":"publish","type":"product","link":"https:\/\/www.multicasa.com.br\/inicio\/produto\/luminaria-de-toque-3-leds-prata-llum\/","title":{"rendered":"Lumin\u00e1ria de Toque 3 Leds Prata LLum"},"content":{"rendered":"<p>A Lumin\u00e1ria Leds Branca Llum \u00e9 ideal para arm\u00e1rios, guarda roupas e outros ambientes com baixa ilumina\u00e7\u00e3o, sendo ligada e desligada com um simples toque na lente. A fixa\u00e7\u00e3o \u00e9 feita atrav\u00e9s de adesivos, tornando pr\u00e1tica e evitando o uso de parafusos ou pregos. Produzida em pl\u00e1stico prata com 3 LEDs, com pot\u00eancia de 0,3w e alimentada por 3 pilhas AAA.<\/p>\n","protected":false},"excerpt":{"rendered":"<h4 style=\"margin: 0px;padding: 0px 0px 16px;font-family: Lato, sans-serif;font-weight: bold;line-height: 3rem;color: var(--dark-grey3);font-size: 22px;font-style: normal;letter-spacing: normal;text-align: start;text-indent: 0px;text-transform: none\">Informa\u00e7\u00f5es t\u00e9cnicas<\/h4>\n<p><span style=\"margin: 0px;padding: 0px;font-weight: 450;font-size: 14px;line-height: 21px;color: var(--dark-grey2);font-family: Lato, sans-serif;font-style: normal;letter-spacing: normal;text-align: start;text-indent: 0px;text-transform: none\">Produto: Lumin\u00e1ria de Toque<br \/>\nMarca: LLUM<br \/>\nMaterial: Pl\u00e1stico<br \/>\nCor: Prata<br \/>\nPot\u00eancia: 0,3w<br \/>\nAlimenta\u00e7\u00e3o: 3 pilhas AA<br \/>\nCaracter\u00edsticas: Possui 3 leds<br \/>\nLiga\/desliga com um simples toque na lente<br \/>\nPossui fita adesiva<br \/>\nItens Inclusos: 1 Lumin\u00e1ria de Toque<br \/>\nDi\u00e2metro do produto: 6,8cm<br \/>\nDimens\u00f5es do produto (A): 2,9cm<br \/>\n<\/span><\/p>\n","protected":false},"featured_media":10451,"template":"","meta":{"_joinchat":[]},"product_brand":[],"product_cat":[157],"product_tag":[],"class_list":{"0":"post-10400","1":"product","2":"type-product","3":"status-publish","4":"has-post-thumbnail","6":"product_cat-leds-decorativos","8":"first","9":"outofstock","10":"shipping-taxable","11":"product-type-simple"},"_links":{"self":[{"href":"https:\/\/www.multicasa.com.br\/inicio\/wp-json\/wp\/v2\/product\/10400","targetHints":{"allow":["GET"]}}],"collection":[{"href":"https:\/\/www.multicasa.com.br\/inicio\/wp-json\/wp\/v2\/product"}],"about":[{"href":"https:\/\/www.multicasa.com.br\/inicio\/wp-json\/wp\/v2\/types\/product"}],"wp:featuredmedia":[{"embeddable":true,"href":"https:\/\/www.multicasa.com.br\/inicio\/wp-json\/wp\/v2\/media\/10451"}],"wp:attachment":[{"href":"https:\/\/www.multicasa.com.br\/inicio\/wp-json\/wp\/v2\/media?parent=10400"}],"wp:term":[{"taxonomy":"product_brand","embeddable":true,"href":"https:\/\/www.multicasa.com.br\/inicio\/wp-json\/wp\/v2\/product_brand?post=10400"},{"taxonomy":"product_cat","embeddable":true,"href":"https:\/\/www.multicasa.com.br\/inicio\/wp-json\/wp\/v2\/product_cat?post=10400"},{"taxonomy":"product_tag","embeddable":true,"href":"https:\/\/www.multicasa.com.br\/inicio\/wp-json\/wp\/v2\/product_tag?post=10400"}],"curies":[{"name":"wp","href":"https:\/\/api.w.org\/{rel}","templated":true}]}}