{"id":10403,"date":"2025-06-20T17:54:58","date_gmt":"2025-06-20T21:54:58","guid":{"rendered":"https:\/\/www.multicasa.com.br\/inicio\/?post_type=product&#038;p=10403"},"modified":"2025-08-18T03:23:25","modified_gmt":"2025-08-18T07:23:25","slug":"porta-detergente-com-espaco-para-sabao-e-esponja-incolor-coza-600ml","status":"publish","type":"product","link":"https:\/\/www.multicasa.com.br\/inicio\/produto\/porta-detergente-com-espaco-para-sabao-e-esponja-incolor-coza-600ml\/","title":{"rendered":"Porta Detergente com Espa\u00e7o para Sab\u00e3o e Esponja Incolor Coza 600ml"},"content":{"rendered":"<p>Otimize espa\u00e7o na sua pia com o Porta Detergente da Coza. O utens\u00edlio permite acondicionar detergente, esponja e sab\u00e3o em um \u00fanico espa\u00e7o compacto, auxiliando a manter a higiene na cozinha. Incolor, \u00e9 feito de pl\u00e1stico super resistente com bico pump e tem capacidade m\u00e1xima de 600ml.<\/p>\n","protected":false},"excerpt":{"rendered":"<h4 style=\"margin: 0px;padding: 0px 0px 16px;font-family: Lato, sans-serif;font-weight: bold;line-height: 3rem;color: var(--dark-grey3);font-size: 22px;font-style: normal;letter-spacing: normal;text-align: start;text-indent: 0px;text-transform: none\">Informa\u00e7\u00f5es t\u00e9cnicas<\/h4>\n<p><span style=\"margin: 0px;padding: 0px;font-weight: 450;font-size: 14px;line-height: 21px;color: var(--dark-grey2);font-family: Lato, sans-serif;font-style: normal;letter-spacing: normal;text-align: start;text-indent: 0px;text-transform: none\">Produto: Porta Detergente<br \/>\nMarca: Coza<br \/>\nMaterial: Pl\u00e1stico<br \/>\nCor: Incolor<br \/>\nCapacidade: 600ml<br \/>\nItens inclusos: 1 Porta detergente<br \/>\nDimens\u00f5es do produto (A x L x P): 18 x 12 x 10,5cm<\/span><\/p>\n","protected":false},"featured_media":10462,"template":"","meta":{"_joinchat":[]},"product_brand":[],"product_cat":[69],"product_tag":[],"class_list":{"0":"post-10403","1":"product","2":"type-product","3":"status-publish","4":"has-post-thumbnail","6":"product_cat-acessorios-para-banheiro","8":"first","9":"outofstock","10":"shipping-taxable","11":"purchasable","12":"product-type-simple"},"_links":{"self":[{"href":"https:\/\/www.multicasa.com.br\/inicio\/wp-json\/wp\/v2\/product\/10403","targetHints":{"allow":["GET"]}}],"collection":[{"href":"https:\/\/www.multicasa.com.br\/inicio\/wp-json\/wp\/v2\/product"}],"about":[{"href":"https:\/\/www.multicasa.com.br\/inicio\/wp-json\/wp\/v2\/types\/product"}],"wp:featuredmedia":[{"embeddable":true,"href":"https:\/\/www.multicasa.com.br\/inicio\/wp-json\/wp\/v2\/media\/10462"}],"wp:attachment":[{"href":"https:\/\/www.multicasa.com.br\/inicio\/wp-json\/wp\/v2\/media?parent=10403"}],"wp:term":[{"taxonomy":"product_brand","embeddable":true,"href":"https:\/\/www.multicasa.com.br\/inicio\/wp-json\/wp\/v2\/product_brand?post=10403"},{"taxonomy":"product_cat","embeddable":true,"href":"https:\/\/www.multicasa.com.br\/inicio\/wp-json\/wp\/v2\/product_cat?post=10403"},{"taxonomy":"product_tag","embeddable":true,"href":"https:\/\/www.multicasa.com.br\/inicio\/wp-json\/wp\/v2\/product_tag?post=10403"}],"curies":[{"name":"wp","href":"https:\/\/api.w.org\/{rel}","templated":true}]}}