{"id":10404,"date":"2025-06-20T17:54:58","date_gmt":"2025-06-20T21:54:58","guid":{"rendered":"https:\/\/www.multicasa.com.br\/inicio\/?post_type=product&#038;p=10404"},"modified":"2025-08-17T19:10:46","modified_gmt":"2025-08-17T23:10:46","slug":"carretilha-simples-para-varal-secalux-4-unidades","status":"publish","type":"product","link":"https:\/\/www.multicasa.com.br\/inicio\/produto\/carretilha-simples-para-varal-secalux-4-unidades\/","title":{"rendered":"Carretilha Simples para Varal Secalux 4 unidades"},"content":{"rendered":"<p>A Carretilha Simples para Varal da Secalux \u00e9 ideal para manter os fios do seu varal esticados e firmes. Pregue-a na parede, passe a corda pelos v\u00e3os e garanta seguran\u00e7a e estabilidade na hora de pendurar suas roupas. S\u00e3o 4 unidades na cor branca que s\u00e3o compat\u00edveis com todas as marcas de varal do mercado, com rebite de a\u00e7o e j\u00e1 v\u00eam acompanhadas pelas buchas para instala\u00e7\u00e3o. Ideal para evitar que sali\u00eancias se formem mesmo pendurando roupas pesadas.<\/p>\n","protected":false},"excerpt":{"rendered":"<h4 style=\"margin: 0px;padding: 0px 0px 16px;font-family: Lato, sans-serif;font-weight: bold;line-height: 3rem;color: var(--dark-grey3);font-size: 22px;font-style: normal;letter-spacing: normal;text-align: start;text-indent: 0px;text-transform: none\">Informa\u00e7\u00f5es t\u00e9cnicas<\/h4>\n<p><span style=\"margin: 0px;padding: 0px;font-weight: 450;font-size: 14px;line-height: 21px;color: var(--dark-grey2);font-family: Lato, sans-serif;font-style: normal;letter-spacing: normal;text-align: start;text-indent: 0px;text-transform: none\">Produto: Carretilha Simples para Varal<br \/>\nMarca: Secalux<br \/>\nMaterial: Pl\u00e1stico e A\u00e7o<br \/>\nCor: Branco<br \/>\nQuantidade de pe\u00e7as: 8 pe\u00e7as<br \/>\nItens Inclusos: 4 carretilhas simples para varal<br \/>\n4 Buchas<br \/>\nDimens\u00f5es do produto (A x L x P): 8,5 X 13,5 X 2cm<br \/>\n<\/span><\/p>\n","protected":false},"featured_media":10474,"template":"","meta":{"_joinchat":[]},"product_brand":[],"product_cat":[95],"product_tag":[],"class_list":{"0":"post-10404","1":"product","2":"type-product","3":"status-publish","4":"has-post-thumbnail","6":"product_cat-lavanderia","8":"first","9":"outofstock","10":"shipping-taxable","11":"purchasable","12":"product-type-simple"},"_links":{"self":[{"href":"https:\/\/www.multicasa.com.br\/inicio\/wp-json\/wp\/v2\/product\/10404","targetHints":{"allow":["GET"]}}],"collection":[{"href":"https:\/\/www.multicasa.com.br\/inicio\/wp-json\/wp\/v2\/product"}],"about":[{"href":"https:\/\/www.multicasa.com.br\/inicio\/wp-json\/wp\/v2\/types\/product"}],"wp:featuredmedia":[{"embeddable":true,"href":"https:\/\/www.multicasa.com.br\/inicio\/wp-json\/wp\/v2\/media\/10474"}],"wp:attachment":[{"href":"https:\/\/www.multicasa.com.br\/inicio\/wp-json\/wp\/v2\/media?parent=10404"}],"wp:term":[{"taxonomy":"product_brand","embeddable":true,"href":"https:\/\/www.multicasa.com.br\/inicio\/wp-json\/wp\/v2\/product_brand?post=10404"},{"taxonomy":"product_cat","embeddable":true,"href":"https:\/\/www.multicasa.com.br\/inicio\/wp-json\/wp\/v2\/product_cat?post=10404"},{"taxonomy":"product_tag","embeddable":true,"href":"https:\/\/www.multicasa.com.br\/inicio\/wp-json\/wp\/v2\/product_tag?post=10404"}],"curies":[{"name":"wp","href":"https:\/\/api.w.org\/{rel}","templated":true}]}}