{"id":10406,"date":"2025-06-20T17:54:58","date_gmt":"2025-06-20T21:54:58","guid":{"rendered":"https:\/\/www.multicasa.com.br\/inicio\/?post_type=product&#038;p=10406"},"modified":"2025-06-20T17:55:49","modified_gmt":"2025-06-20T21:55:49","slug":"varal-de-chao-dobravel-em-aluminio-maxeb-90x85cm","status":"publish","type":"product","link":"https:\/\/www.multicasa.com.br\/inicio\/produto\/varal-de-chao-dobravel-em-aluminio-maxeb-90x85cm\/","title":{"rendered":"Varal de Ch\u00e3o Dobr\u00e1vel em Alum\u00ednio Maxeb 90x85cm"},"content":{"rendered":"<p>O Varal de Ch\u00e3o Dobr\u00e1vel em Alum\u00ednio Maxeb \u00e9 a maneira mais barata e ecol\u00f3gica de secar roupas. Tem estrutura em tubo de alum\u00ednio e pe\u00e7as pl\u00e1sticas em polipropileno super resistentes al\u00e9m de possuir ponteiras em seus p\u00e9s para n\u00e3o danificar o piso. Perfeito para quem n\u00e3o tem muito espa\u00e7o em casa ou em apartamentos, o varal pode chegar a um ganho de at\u00e9 sete metros.<\/p>\n","protected":false},"excerpt":{"rendered":"<h4 style=\"margin: 0px;padding: 0px 0px 16px;font-family: Lato, sans-serif;font-weight: bold;line-height: 3rem;color: var(--dark-grey3);font-size: 22px;font-style: normal;letter-spacing: normal;text-align: start;text-indent: 0px;text-transform: none\">Informa\u00e7\u00f5es t\u00e9cnicas<\/h4>\n<p><span style=\"margin: 0px;padding: 0px;font-weight: 450;font-size: 14px;line-height: 21px;color: var(--dark-grey2);font-family: Lato, sans-serif;font-style: normal;letter-spacing: normal;text-align: start;text-indent: 0px;text-transform: none\">Produto: Varal de ch\u00e3o<br \/>\nMarca: Maxeb<br \/>\nMaterial: Alum\u00ednio<br \/>\nPolipropileno<br \/>\nCor: Prata e azul<br \/>\nCaracter\u00edsticas: Dobr\u00e1vel<br \/>\nItens Inclusoss: 1 varal de ch\u00e3o<br \/>\nDimens\u00f5es do produto (A x L x P): 90 x 85 x 56cm<br \/>\n<\/span><\/p>\n","protected":false},"featured_media":10480,"template":"","meta":{"_joinchat":[]},"product_brand":[],"product_cat":[95],"product_tag":[],"class_list":{"0":"post-10406","1":"product","2":"type-product","3":"status-publish","4":"has-post-thumbnail","6":"product_cat-lavanderia","8":"first","9":"outofstock","10":"shipping-taxable","11":"product-type-simple"},"_links":{"self":[{"href":"https:\/\/www.multicasa.com.br\/inicio\/wp-json\/wp\/v2\/product\/10406","targetHints":{"allow":["GET"]}}],"collection":[{"href":"https:\/\/www.multicasa.com.br\/inicio\/wp-json\/wp\/v2\/product"}],"about":[{"href":"https:\/\/www.multicasa.com.br\/inicio\/wp-json\/wp\/v2\/types\/product"}],"wp:featuredmedia":[{"embeddable":true,"href":"https:\/\/www.multicasa.com.br\/inicio\/wp-json\/wp\/v2\/media\/10480"}],"wp:attachment":[{"href":"https:\/\/www.multicasa.com.br\/inicio\/wp-json\/wp\/v2\/media?parent=10406"}],"wp:term":[{"taxonomy":"product_brand","embeddable":true,"href":"https:\/\/www.multicasa.com.br\/inicio\/wp-json\/wp\/v2\/product_brand?post=10406"},{"taxonomy":"product_cat","embeddable":true,"href":"https:\/\/www.multicasa.com.br\/inicio\/wp-json\/wp\/v2\/product_cat?post=10406"},{"taxonomy":"product_tag","embeddable":true,"href":"https:\/\/www.multicasa.com.br\/inicio\/wp-json\/wp\/v2\/product_tag?post=10406"}],"curies":[{"name":"wp","href":"https:\/\/api.w.org\/{rel}","templated":true}]}}