{"id":10409,"date":"2025-06-20T17:54:59","date_gmt":"2025-06-20T21:54:59","guid":{"rendered":"https:\/\/www.multicasa.com.br\/inicio\/?post_type=product&#038;p=10409"},"modified":"2025-06-20T17:55:53","modified_gmt":"2025-06-20T21:55:53","slug":"contador-estatistico-manual-eda-4-digitos","status":"publish","type":"product","link":"https:\/\/www.multicasa.com.br\/inicio\/produto\/contador-estatistico-manual-eda-4-digitos\/","title":{"rendered":"Contador Estat\u00edstico Manual Eda 4 D\u00edgitos"},"content":{"rendered":"<p>Com o Contador estat\u00edstico manual EDA voc\u00ea poder\u00e1 contar tudo o que precisar: pessoas, volumes, batidas, cronometrar e etc. Com corpo cromado possui bot\u00e3o superior para iniciar a contagem, a cada aperto ele avan\u00e7a um n\u00famero, para zerar basta girar a roleta. Com gancho de seguran\u00e7a e visor de quatro d\u00edgitos, contando de 0001 at\u00e9 9999.<\/p>\n","protected":false},"excerpt":{"rendered":"<h4 style=\"margin: 0px;padding: 0px 0px 16px;font-family: Lato, sans-serif;font-weight: bold;line-height: 3rem;color: var(--dark-grey3);font-size: 22px;font-style: normal;letter-spacing: normal;text-align: start;text-indent: 0px;text-transform: none\">Informa\u00e7\u00f5es t\u00e9cnicas<\/h4>\n<p><span style=\"margin: 0px;padding: 0px;font-weight: 450;font-size: 14px;line-height: 21px;color: var(--dark-grey2);font-family: Lato, sans-serif;font-style: normal;letter-spacing: normal;text-align: start;text-indent: 0px;text-transform: none\">Produto: Contador Estat\u00edstico<br \/>\nMarca: Eda<br \/>\nMaterial: Ferro<br \/>\nPl\u00e1stico ABS<br \/>\nAcabamento: Cromado<br \/>\nUso Indicado: Para contagem estat\u00edstica, ideal para contar pessoas ou volumes<br \/>\nCaracter\u00edsticas: Visor de 4 d\u00edgitos<br \/>\nDe 0001 at\u00e9 9999<br \/>\nPossui bot\u00e3o lateral para zerar<br \/>\nGancho de seguran\u00e7a<br \/>\nItens Inclusos: 1 Contador Estat\u00edstico<br \/>\nDi\u00e2metro do produto: 5cm<br \/>\n<\/span><\/p>\n","protected":false},"featured_media":10483,"template":"","meta":{"_joinchat":[]},"product_brand":[],"product_cat":[137],"product_tag":[],"class_list":{"0":"post-10409","1":"product","2":"type-product","3":"status-publish","4":"has-post-thumbnail","6":"product_cat-ferramentas-manuais","8":"first","9":"outofstock","10":"shipping-taxable","11":"product-type-simple"},"_links":{"self":[{"href":"https:\/\/www.multicasa.com.br\/inicio\/wp-json\/wp\/v2\/product\/10409","targetHints":{"allow":["GET"]}}],"collection":[{"href":"https:\/\/www.multicasa.com.br\/inicio\/wp-json\/wp\/v2\/product"}],"about":[{"href":"https:\/\/www.multicasa.com.br\/inicio\/wp-json\/wp\/v2\/types\/product"}],"wp:featuredmedia":[{"embeddable":true,"href":"https:\/\/www.multicasa.com.br\/inicio\/wp-json\/wp\/v2\/media\/10483"}],"wp:attachment":[{"href":"https:\/\/www.multicasa.com.br\/inicio\/wp-json\/wp\/v2\/media?parent=10409"}],"wp:term":[{"taxonomy":"product_brand","embeddable":true,"href":"https:\/\/www.multicasa.com.br\/inicio\/wp-json\/wp\/v2\/product_brand?post=10409"},{"taxonomy":"product_cat","embeddable":true,"href":"https:\/\/www.multicasa.com.br\/inicio\/wp-json\/wp\/v2\/product_cat?post=10409"},{"taxonomy":"product_tag","embeddable":true,"href":"https:\/\/www.multicasa.com.br\/inicio\/wp-json\/wp\/v2\/product_tag?post=10409"}],"curies":[{"name":"wp","href":"https:\/\/api.w.org\/{rel}","templated":true}]}}