{"id":10432,"date":"2025-06-20T17:55:20","date_gmt":"2025-06-20T21:55:20","guid":{"rendered":"https:\/\/www.multicasa.com.br\/inicio\/?post_type=product&#038;p=10432"},"modified":"2025-08-17T19:10:57","modified_gmt":"2025-08-17T23:10:57","slug":"prateleira-de-plastico-pvc-branca-com-suporte-astra","status":"publish","type":"product","link":"https:\/\/www.multicasa.com.br\/inicio\/produto\/prateleira-de-plastico-pvc-branca-com-suporte-astra\/","title":{"rendered":"Prateleira de Pl\u00e1stico PVC Branca com Suporte Astra"},"content":{"rendered":"<p>A Prateleira com Suporte Astra \u00e9 produzida em pl\u00e1stico PVC branco e \u00e9 ideal para organizar sua casa. Muito resistente e f\u00e1cil de limpar. Perfeita para compor ambientes.<\/p>\n","protected":false},"excerpt":{"rendered":"<h4 style=\"margin: 0px;padding: 0px 0px 16px;font-family: Lato, sans-serif;font-weight: bold;line-height: 3rem;color: var(--dark-grey3);font-size: 22px;font-style: normal;letter-spacing: normal;text-align: start;text-indent: 0px;text-transform: none\">Informa\u00e7\u00f5es t\u00e9cnicas<\/h4>\n<p><span style=\"margin: 0px;padding: 0px;font-weight: 450;font-size: 14px;line-height: 21px;color: var(--dark-grey2);font-family: Lato, sans-serif;font-style: normal;letter-spacing: normal;text-align: start;text-indent: 0px;text-transform: none\">Produto: Prateleira<br \/>\nMarca: Astra<br \/>\nMaterial: Pl\u00e1stico PVC<br \/>\nCor: Branco<br \/>\nItens Inclusos: 1 prateleira<br \/>\nEspessura: 1,35cm<br \/>\nDimens\u00f5es do produto (L x P): 60 x 20cm<\/span><\/p>\n","protected":false},"featured_media":10487,"template":"","meta":{"_joinchat":[]},"product_brand":[],"product_cat":[146],"product_tag":[],"class_list":{"0":"post-10432","1":"product","2":"type-product","3":"status-publish","4":"has-post-thumbnail","6":"product_cat-prateleiras-e-cia","8":"first","9":"outofstock","10":"shipping-taxable","11":"purchasable","12":"product-type-simple"},"_links":{"self":[{"href":"https:\/\/www.multicasa.com.br\/inicio\/wp-json\/wp\/v2\/product\/10432","targetHints":{"allow":["GET"]}}],"collection":[{"href":"https:\/\/www.multicasa.com.br\/inicio\/wp-json\/wp\/v2\/product"}],"about":[{"href":"https:\/\/www.multicasa.com.br\/inicio\/wp-json\/wp\/v2\/types\/product"}],"wp:featuredmedia":[{"embeddable":true,"href":"https:\/\/www.multicasa.com.br\/inicio\/wp-json\/wp\/v2\/media\/10487"}],"wp:attachment":[{"href":"https:\/\/www.multicasa.com.br\/inicio\/wp-json\/wp\/v2\/media?parent=10432"}],"wp:term":[{"taxonomy":"product_brand","embeddable":true,"href":"https:\/\/www.multicasa.com.br\/inicio\/wp-json\/wp\/v2\/product_brand?post=10432"},{"taxonomy":"product_cat","embeddable":true,"href":"https:\/\/www.multicasa.com.br\/inicio\/wp-json\/wp\/v2\/product_cat?post=10432"},{"taxonomy":"product_tag","embeddable":true,"href":"https:\/\/www.multicasa.com.br\/inicio\/wp-json\/wp\/v2\/product_tag?post=10432"}],"curies":[{"name":"wp","href":"https:\/\/api.w.org\/{rel}","templated":true}]}}