{"id":10437,"date":"2025-06-20T17:55:20","date_gmt":"2025-06-20T21:55:20","guid":{"rendered":"https:\/\/www.multicasa.com.br\/inicio\/?post_type=product&#038;p=10437"},"modified":"2025-09-24T14:13:46","modified_gmt":"2025-09-24T18:13:46","slug":"cesto-organizador-empilhavel-sanremo-16l","status":"publish","type":"product","link":"https:\/\/www.multicasa.com.br\/inicio\/produto\/cesto-organizador-empilhavel-sanremo-16l\/","title":{"rendered":"Cesto Organizador Empilh\u00e1vel Sanremo 1,6L"},"content":{"rendered":"<p>Com design moderno e elegante, o Cesto Organizador Empilh\u00e1vel da Sanremo \u00e9 ideal para usar em banheiros, closets, lavanderias, escrit\u00f3rios e outros c\u00f4modos. Charmoso, est\u00e1 dispon\u00edvel na cor branca e tem capacidade de 1,6 litros, organizando com praticidade e efici\u00eancia a sua casa.<\/p>\n","protected":false},"excerpt":{"rendered":"<h4 style=\"margin: 0px;padding: 0px 0px 16px;font-family: Lato, sans-serif;font-weight: bold;line-height: 3rem;color: var(--dark-grey3);font-size: 22px;font-style: normal;letter-spacing: normal;text-align: start;text-indent: 0px;text-transform: none\">Informa\u00e7\u00f5es t\u00e9cnicas<\/h4>\n<p><span style=\"margin: 0px;padding: 0px;font-weight: 450;font-size: 14px;line-height: 21px;color: var(--dark-grey2);font-family: Lato, sans-serif;font-style: normal;letter-spacing: normal;text-align: start;text-indent: 0px;text-transform: none\">Produto: Cesto Organizador<br \/>\nMarca: Sanremo<br \/>\nMaterial: Pl\u00e1stico<br \/>\nCapacidade: 1,6L<br \/>\nCaracter\u00edsticas: Empilh\u00e1vel.<br \/>\nUso Indicado: Closet, banheiros, lavanderias, dispensas e entre outros<br \/>\nItens Inclusos: 1 Cesto organizador<br \/>\nDimens\u00f5es do produto (A x L x P): 6 x 19,5 x 19,5cm<br \/>\n<\/span><\/p>\n","protected":false},"featured_media":10509,"template":"","meta":{"_joinchat":[]},"product_brand":[],"product_cat":[98],"product_tag":[],"class_list":{"0":"post-10437","1":"product","2":"type-product","3":"status-publish","4":"has-post-thumbnail","6":"product_cat-organizadores","8":"first","9":"outofstock","10":"shipping-taxable","11":"purchasable","12":"product-type-simple"},"_links":{"self":[{"href":"https:\/\/www.multicasa.com.br\/inicio\/wp-json\/wp\/v2\/product\/10437","targetHints":{"allow":["GET"]}}],"collection":[{"href":"https:\/\/www.multicasa.com.br\/inicio\/wp-json\/wp\/v2\/product"}],"about":[{"href":"https:\/\/www.multicasa.com.br\/inicio\/wp-json\/wp\/v2\/types\/product"}],"wp:featuredmedia":[{"embeddable":true,"href":"https:\/\/www.multicasa.com.br\/inicio\/wp-json\/wp\/v2\/media\/10509"}],"wp:attachment":[{"href":"https:\/\/www.multicasa.com.br\/inicio\/wp-json\/wp\/v2\/media?parent=10437"}],"wp:term":[{"taxonomy":"product_brand","embeddable":true,"href":"https:\/\/www.multicasa.com.br\/inicio\/wp-json\/wp\/v2\/product_brand?post=10437"},{"taxonomy":"product_cat","embeddable":true,"href":"https:\/\/www.multicasa.com.br\/inicio\/wp-json\/wp\/v2\/product_cat?post=10437"},{"taxonomy":"product_tag","embeddable":true,"href":"https:\/\/www.multicasa.com.br\/inicio\/wp-json\/wp\/v2\/product_tag?post=10437"}],"curies":[{"name":"wp","href":"https:\/\/api.w.org\/{rel}","templated":true}]}}