{"id":10438,"date":"2025-06-20T17:55:20","date_gmt":"2025-06-20T21:55:20","guid":{"rendered":"https:\/\/www.multicasa.com.br\/inicio\/?post_type=product&#038;p=10438"},"modified":"2025-08-18T03:23:54","modified_gmt":"2025-08-18T07:23:54","slug":"cesto-para-prendedores-em-plastico-branco-sanremo","status":"publish","type":"product","link":"https:\/\/www.multicasa.com.br\/inicio\/produto\/cesto-para-prendedores-em-plastico-branco-sanremo\/","title":{"rendered":"Cesto para Prendedores em Pl\u00e1stico Branco Sanremo"},"content":{"rendered":"<p>Use o Cesto de Prendedor em Pl\u00e1stico Branco da Sanremo para ter seus prendedores sempre \u00e0 m\u00e3o sem precisar furar sua parede. Com ganchos que facilitam a fixa\u00e7\u00e3o onde voc\u00ea desejar, \u00e9 flex\u00edvel e pode ser utilizado em \u00e1reas externas ou internos por ter longa durabilidade. Use o cesto de prendedor para guardar os utens\u00edlios que desejar e manter sua lavanderia sempre em ordem.<\/p>\n","protected":false},"excerpt":{"rendered":"<h4 style=\"margin: 0px;padding: 0px 0px 16px;font-family: Lato, sans-serif;font-weight: bold;line-height: 3rem;color: var(--dark-grey3);font-size: 22px;font-style: normal;letter-spacing: normal;text-align: start;text-indent: 0px;text-transform: none\">Informa\u00e7\u00f5es t\u00e9cnicas<\/h4>\n<p><span style=\"margin: 0px;padding: 0px;font-weight: 450;font-size: 14px;line-height: 21px;color: var(--dark-grey2);font-family: Lato, sans-serif;font-style: normal;letter-spacing: normal;text-align: start;text-indent: 0px;text-transform: none\">Produto: Cesto para Prendedores<br \/>\nMarca: Sanremo<br \/>\nMaterial: Pl\u00e1stico<br \/>\nCor: Branco<br \/>\nCaracter\u00edsticas: Material Flex\u00edvel<br \/>\nItens Inclusos: 1 Cesto para prendedores<br \/>\nDimens\u00f5es do produto (A x L x P): 21,8 X 13,4 X 14,5cm<br \/>\n<\/span><\/p>\n","protected":false},"featured_media":10513,"template":"","meta":{"_joinchat":[]},"product_brand":[],"product_cat":[95],"product_tag":[],"class_list":{"0":"post-10438","1":"product","2":"type-product","3":"status-publish","4":"has-post-thumbnail","6":"product_cat-lavanderia","8":"first","9":"instock","10":"shipping-taxable","11":"purchasable","12":"product-type-simple"},"_links":{"self":[{"href":"https:\/\/www.multicasa.com.br\/inicio\/wp-json\/wp\/v2\/product\/10438","targetHints":{"allow":["GET"]}}],"collection":[{"href":"https:\/\/www.multicasa.com.br\/inicio\/wp-json\/wp\/v2\/product"}],"about":[{"href":"https:\/\/www.multicasa.com.br\/inicio\/wp-json\/wp\/v2\/types\/product"}],"wp:featuredmedia":[{"embeddable":true,"href":"https:\/\/www.multicasa.com.br\/inicio\/wp-json\/wp\/v2\/media\/10513"}],"wp:attachment":[{"href":"https:\/\/www.multicasa.com.br\/inicio\/wp-json\/wp\/v2\/media?parent=10438"}],"wp:term":[{"taxonomy":"product_brand","embeddable":true,"href":"https:\/\/www.multicasa.com.br\/inicio\/wp-json\/wp\/v2\/product_brand?post=10438"},{"taxonomy":"product_cat","embeddable":true,"href":"https:\/\/www.multicasa.com.br\/inicio\/wp-json\/wp\/v2\/product_cat?post=10438"},{"taxonomy":"product_tag","embeddable":true,"href":"https:\/\/www.multicasa.com.br\/inicio\/wp-json\/wp\/v2\/product_tag?post=10438"}],"curies":[{"name":"wp","href":"https:\/\/api.w.org\/{rel}","templated":true}]}}