{"id":10440,"date":"2025-06-20T17:55:21","date_gmt":"2025-06-20T21:55:21","guid":{"rendered":"https:\/\/www.multicasa.com.br\/inicio\/?post_type=product&#038;p=10440"},"modified":"2025-06-20T17:56:16","modified_gmt":"2025-06-20T21:56:16","slug":"broca-para-concreto-videa-standard-irwin-120mm-5-16","status":"publish","type":"product","link":"https:\/\/www.multicasa.com.br\/inicio\/produto\/broca-para-concreto-videa-standard-irwin-120mm-5-16\/","title":{"rendered":"Broca para Concreto V\u00eddea Standard Irwin 120mm 5\/16&#8243;"},"content":{"rendered":"<p>A Broca de V\u00eddea Standard \u00e9 indicada para perfurar paredes de concretos, pisos, azulejos e alvenaria em geral. Com seu design exclusivo de ponta de metal e 8 mm com haste de 7,5 mm, proporciona uma alta durabilidade e velocidade agressiva de avan\u00e7o. Sua soldagem \u00e9 especial, se assegurando que a ponta n\u00e3o se desprenda durante a perfura\u00e7\u00e3o, ainda que em condi\u00e7\u00f5es de sobreaquecimento. Seus canais mais amplos e longos at\u00e9 a ponta, permitem a remo\u00e7\u00e3o r\u00e1pida do p\u00f3.<\/p>\n","protected":false},"excerpt":{"rendered":"<h4 style=\"margin: 0px;padding: 0px 0px 16px;font-family: Lato, sans-serif;font-weight: bold;line-height: 3rem;color: var(--dark-grey3);font-size: 22px;font-style: normal;letter-spacing: normal;text-align: start;text-indent: 0px;text-transform: none\">Informa\u00e7\u00f5es t\u00e9cnicas<\/h4>\n<p><span style=\"margin: 0px;padding: 0px;font-weight: 450;font-size: 14px;line-height: 21px;color: var(--dark-grey2);font-family: Lato, sans-serif;font-style: normal;letter-spacing: normal;text-align: start;text-indent: 0px;text-transform: none\">Produto: Broca V\u00eddea<br \/>\nMarca: Irwin<br \/>\nMaterial: A\u00e7o SAE 1066<br \/>\nPonta de metal duro<br \/>\nCor: Prata<br \/>\nCaracter\u00edsticas: Haste: 7,5mm<br \/>\nItens Inclusos: 1 Broca<br \/>\nDi\u00e2metro do produto: 8mm<br \/>\nDimens\u00f5es do produto em polegadas: 5\/16&#8243;<br \/>\nDimens\u00f5es do produto (A): 100mm<br \/>\nCanal &#8211; 70mm<br \/>\nPeso do produto: 42g<\/span><\/p>\n","protected":false},"featured_media":10517,"template":"","meta":{"_joinchat":[]},"product_brand":[],"product_cat":[152],"product_tag":[],"class_list":{"0":"post-10440","1":"product","2":"type-product","3":"status-publish","4":"has-post-thumbnail","6":"product_cat-ferramentas-eletricas","8":"first","9":"outofstock","10":"shipping-taxable","11":"product-type-simple"},"_links":{"self":[{"href":"https:\/\/www.multicasa.com.br\/inicio\/wp-json\/wp\/v2\/product\/10440","targetHints":{"allow":["GET"]}}],"collection":[{"href":"https:\/\/www.multicasa.com.br\/inicio\/wp-json\/wp\/v2\/product"}],"about":[{"href":"https:\/\/www.multicasa.com.br\/inicio\/wp-json\/wp\/v2\/types\/product"}],"wp:featuredmedia":[{"embeddable":true,"href":"https:\/\/www.multicasa.com.br\/inicio\/wp-json\/wp\/v2\/media\/10517"}],"wp:attachment":[{"href":"https:\/\/www.multicasa.com.br\/inicio\/wp-json\/wp\/v2\/media?parent=10440"}],"wp:term":[{"taxonomy":"product_brand","embeddable":true,"href":"https:\/\/www.multicasa.com.br\/inicio\/wp-json\/wp\/v2\/product_brand?post=10440"},{"taxonomy":"product_cat","embeddable":true,"href":"https:\/\/www.multicasa.com.br\/inicio\/wp-json\/wp\/v2\/product_cat?post=10440"},{"taxonomy":"product_tag","embeddable":true,"href":"https:\/\/www.multicasa.com.br\/inicio\/wp-json\/wp\/v2\/product_tag?post=10440"}],"curies":[{"name":"wp","href":"https:\/\/api.w.org\/{rel}","templated":true}]}}