{"id":10441,"date":"2025-06-20T17:55:21","date_gmt":"2025-06-20T21:55:21","guid":{"rendered":"https:\/\/www.multicasa.com.br\/inicio\/?post_type=product&#038;p=10441"},"modified":"2025-09-18T11:03:56","modified_gmt":"2025-09-18T15:03:56","slug":"suporte-inclinavel-para-tv-lcd-led-com-anti-furto-de-10-a-55-brasforma","status":"publish","type":"product","link":"https:\/\/www.multicasa.com.br\/inicio\/produto\/suporte-inclinavel-para-tv-lcd-led-com-anti-furto-de-10-a-55-brasforma\/","title":{"rendered":"Suporte Inclin\u00e1vel para TV LCD\/LED com Anti-Furto de 10&#8243; a 55&#8243; Brasforma"},"content":{"rendered":"<p>Suporte Inclin\u00e1vel Brasforma para TVs de LCD\/LED de 10&#8243; a 55&#8243;, ideal para otimizar o espa\u00e7o na casa. \u00c9 produzido com excelente material de a\u00e7o carbono com tratamento anticorrosivo e pintura eletrost\u00e1tica preta, possui capacidade de carga de 40kg e sua dist\u00e2ncia min. e max. da parede \u00e9 de 3,5 cm. Super pr\u00e1tico de instalar (com vesa m\u00e1ximo de 400 x 400mm), \u00e9 do tipo inclin\u00e1vel para vis\u00e3o frontal e superior com inclina\u00e7\u00e3o de 8 graus. Possui dispositivo de seguran\u00e7a com porta cadeado (cadeado n\u00e3o incluso), acompanha n\u00edvel de bolha e parafusos para instala\u00e7\u00e3o.<\/p>\n","protected":false},"excerpt":{"rendered":"<h4 style=\"margin: 0px;padding: 0px 0px 16px;font-family: Lato, sans-serif;font-weight: bold;line-height: 3rem;color: var(--dark-grey3);font-size: 22px;font-style: normal;letter-spacing: normal;text-align: start;text-indent: 0px;text-transform: none\">Informa\u00e7\u00f5es t\u00e9cnicas<\/h4>\n<p><span style=\"margin: 0px;padding: 0px;font-weight: 450;font-size: 14px;line-height: 21px;color: var(--dark-grey2);font-family: Lato, sans-serif;font-style: normal;letter-spacing: normal;text-align: start;text-indent: 0px;text-transform: none\">Produto: Suporte para TV<br \/>\nTipo: Inclin\u00e1vel<br \/>\nMarca: Brasforma<br \/>\nMaterial: A\u00e7o<br \/>\nCor: Preto<br \/>\nUso indicado: Fixar TV?s de 10 a 55 polegadas<br \/>\nCaracter\u00edsticas: Suporta at\u00e9 40kg<br \/>\nInclina\u00e7\u00e3o de 8\u00b0<br \/>\nAcompanha n\u00edvel bolha<br \/>\nParafusos m4x16mm, m6x20 e m8x25mm<br \/>\n4 pontos de fixa\u00e7\u00e3o<br \/>\nParafuso dispositivo de seguran\u00e7a porta cadeado (n\u00e3o incluso)<br \/>\nQuantidade de pe\u00e7as: 7<br \/>\nItens Inclusos:1 suporte para tv<br \/>\n4 hastes extensoras para vesa 400x400mm<br \/>\n1 kit de parafusos<br \/>\n1 n\u00edvel de bolha<br \/>\nDimens\u00f5es do produto (A X L X P): 40 x 40 x 35cm<br \/>\nGarantia: 5 anos<br \/>\n<\/span><\/p>\n","protected":false},"featured_media":10519,"template":"","meta":{"_joinchat":[]},"product_brand":[],"product_cat":[150],"product_tag":[],"class_list":{"0":"post-10441","1":"product","2":"type-product","3":"status-publish","4":"has-post-thumbnail","6":"product_cat-antenas-e-cia","8":"first","9":"instock","10":"shipping-taxable","11":"purchasable","12":"product-type-simple"},"_links":{"self":[{"href":"https:\/\/www.multicasa.com.br\/inicio\/wp-json\/wp\/v2\/product\/10441","targetHints":{"allow":["GET"]}}],"collection":[{"href":"https:\/\/www.multicasa.com.br\/inicio\/wp-json\/wp\/v2\/product"}],"about":[{"href":"https:\/\/www.multicasa.com.br\/inicio\/wp-json\/wp\/v2\/types\/product"}],"wp:featuredmedia":[{"embeddable":true,"href":"https:\/\/www.multicasa.com.br\/inicio\/wp-json\/wp\/v2\/media\/10519"}],"wp:attachment":[{"href":"https:\/\/www.multicasa.com.br\/inicio\/wp-json\/wp\/v2\/media?parent=10441"}],"wp:term":[{"taxonomy":"product_brand","embeddable":true,"href":"https:\/\/www.multicasa.com.br\/inicio\/wp-json\/wp\/v2\/product_brand?post=10441"},{"taxonomy":"product_cat","embeddable":true,"href":"https:\/\/www.multicasa.com.br\/inicio\/wp-json\/wp\/v2\/product_cat?post=10441"},{"taxonomy":"product_tag","embeddable":true,"href":"https:\/\/www.multicasa.com.br\/inicio\/wp-json\/wp\/v2\/product_tag?post=10441"}],"curies":[{"name":"wp","href":"https:\/\/api.w.org\/{rel}","templated":true}]}}