{"id":10442,"date":"2025-06-20T17:55:21","date_gmt":"2025-06-20T21:55:21","guid":{"rendered":"https:\/\/www.multicasa.com.br\/inicio\/?post_type=product&#038;p=10442"},"modified":"2026-04-28T09:30:26","modified_gmt":"2026-04-28T13:30:26","slug":"aguarras-natrielli-900ml","status":"publish","type":"product","link":"https:\/\/www.multicasa.com.br\/inicio\/produto\/aguarras-natrielli-900ml\/","title":{"rendered":"Aguarr\u00e1s Natrielli 900ml"},"content":{"rendered":"<p>Usando a aguarr\u00e1s Natrielli voc\u00ea remove, com facilidade, tintas, manchas de piche dos tecidos, cera e higieniza ferramentas, telas de janelas e candelabras. Tamb\u00e9m pode us\u00e1-la para limpar torneiras e outros acess\u00f3rios cromados da sua casa com praticidade e seguran\u00e7a. Ideal para quem busca uma forma simples e eficiente de remover sujeiras dif\u00edceis.<\/p>\n","protected":false},"excerpt":{"rendered":"<h4 style=\"margin: 0px;padding: 0px 0px 16px;font-family: Lato, sans-serif;font-weight: bold;line-height: 3rem;color: var(--dark-grey3);font-size: 22px;font-style: normal;letter-spacing: normal;text-align: start;text-indent: 0px;text-transform: none\">Informa\u00e7\u00f5es t\u00e9cnicas<\/h4>\n<p><span style=\"margin: 0px;padding: 0px;font-weight: 450;font-size: 14px;line-height: 21px;color: var(--dark-grey2);font-family: Lato, sans-serif;font-style: normal;letter-spacing: normal;text-align: start;text-indent: 0px;text-transform: none\">Produto: Aguarr\u00e1s<br \/>\nMarca: Natrielli<br \/>\nConte\u00fado: 900ml<br \/>\nCaracter\u00edsticas: Remove tintas<br \/>\nRemove manchas de piche de tecidos<br \/>\nLimpa ferramentas<br \/>\nLimpa torneira e acess\u00f3rios cromados do banheiro<br \/>\nLimpa telas de janelas<br \/>\nRemove ceras<br \/>\nItens Inclusos: 1 Aguarr\u00e1s<br \/>\n<\/span><\/p>\n","protected":false},"featured_media":10522,"template":"","meta":{"_joinchat":[]},"product_brand":[],"product_cat":[155],"product_tag":[],"class_list":{"0":"post-10442","1":"product","2":"type-product","3":"status-publish","4":"has-post-thumbnail","6":"product_cat-impermeabilizantes-e-cia","8":"first","9":"instock","10":"shipping-taxable","11":"purchasable","12":"product-type-simple"},"_links":{"self":[{"href":"https:\/\/www.multicasa.com.br\/inicio\/wp-json\/wp\/v2\/product\/10442","targetHints":{"allow":["GET"]}}],"collection":[{"href":"https:\/\/www.multicasa.com.br\/inicio\/wp-json\/wp\/v2\/product"}],"about":[{"href":"https:\/\/www.multicasa.com.br\/inicio\/wp-json\/wp\/v2\/types\/product"}],"wp:featuredmedia":[{"embeddable":true,"href":"https:\/\/www.multicasa.com.br\/inicio\/wp-json\/wp\/v2\/media\/10522"}],"wp:attachment":[{"href":"https:\/\/www.multicasa.com.br\/inicio\/wp-json\/wp\/v2\/media?parent=10442"}],"wp:term":[{"taxonomy":"product_brand","embeddable":true,"href":"https:\/\/www.multicasa.com.br\/inicio\/wp-json\/wp\/v2\/product_brand?post=10442"},{"taxonomy":"product_cat","embeddable":true,"href":"https:\/\/www.multicasa.com.br\/inicio\/wp-json\/wp\/v2\/product_cat?post=10442"},{"taxonomy":"product_tag","embeddable":true,"href":"https:\/\/www.multicasa.com.br\/inicio\/wp-json\/wp\/v2\/product_tag?post=10442"}],"curies":[{"name":"wp","href":"https:\/\/api.w.org\/{rel}","templated":true}]}}