{"id":10443,"date":"2025-06-20T17:55:21","date_gmt":"2025-06-20T21:55:21","guid":{"rendered":"https:\/\/www.multicasa.com.br\/inicio\/?post_type=product&#038;p=10443"},"modified":"2025-12-27T11:20:40","modified_gmt":"2025-12-27T15:20:40","slug":"querosene-natrielli-900ml","status":"publish","type":"product","link":"https:\/\/www.multicasa.com.br\/inicio\/produto\/querosene-natrielli-900ml\/","title":{"rendered":"Querosene Natrielli 900ml"},"content":{"rendered":"<p>O Querosene Natrielli 900ml \u00e9 ideal para remo\u00e7\u00e3o de tintas, manchas de piche de tecidos, limpeza de ferramentas, limpeza de torneira e acess\u00f3rios cromados do banheiro, remo\u00e7\u00e3o de tintas e picha\u00e7\u00f5es do inox, limpeza de telas de janelas, remo\u00e7\u00e3o de ceras e outros.<\/p>\n","protected":false},"excerpt":{"rendered":"<h4 style=\"margin: 0px;padding: 0px 0px 16px;font-family: Lato, sans-serif;font-weight: bold;line-height: 3rem;color: var(--dark-grey3);font-size: 22px;font-style: normal;letter-spacing: normal;text-align: start;text-indent: 0px;text-transform: none\">Informa\u00e7\u00f5es t\u00e9cnicas<\/h4>\n<p><span style=\"margin: 0px;padding: 0px;font-weight: 450;font-size: 14px;line-height: 21px;color: var(--dark-grey2);font-family: Lato, sans-serif;font-style: normal;letter-spacing: normal;text-align: start;text-indent: 0px;text-transform: none\">Produto: Querosene<br \/>\nMarca: Natrielli<br \/>\nConte\u00fado: 900ml<br \/>\nCaracter\u00edsticas: Remo\u00e7\u00e3o de tintas<br \/>\nRemo\u00e7\u00e3o de mancha de piche de tecidos<br \/>\nLimpeza de ferramentas<br \/>\nLimpeza de torneira e acess\u00f3rios cromados<br \/>\nRemo\u00e7\u00e3o de tintas e picha\u00e7\u00f5es do inox<br \/>\nLimpeza de telas de janelas<br \/>\nRemo\u00e7\u00e3o de ceras<br \/>\nItens Inclusos: 1 Querosene<\/span><\/p>\n","protected":false},"featured_media":10523,"template":"","meta":{"_joinchat":[]},"product_brand":[],"product_cat":[143],"product_tag":[],"class_list":{"0":"post-10443","1":"product","2":"type-product","3":"status-publish","4":"has-post-thumbnail","6":"product_cat-tintas-e-cia","8":"first","9":"instock","10":"shipping-taxable","11":"purchasable","12":"product-type-simple"},"_links":{"self":[{"href":"https:\/\/www.multicasa.com.br\/inicio\/wp-json\/wp\/v2\/product\/10443","targetHints":{"allow":["GET"]}}],"collection":[{"href":"https:\/\/www.multicasa.com.br\/inicio\/wp-json\/wp\/v2\/product"}],"about":[{"href":"https:\/\/www.multicasa.com.br\/inicio\/wp-json\/wp\/v2\/types\/product"}],"wp:featuredmedia":[{"embeddable":true,"href":"https:\/\/www.multicasa.com.br\/inicio\/wp-json\/wp\/v2\/media\/10523"}],"wp:attachment":[{"href":"https:\/\/www.multicasa.com.br\/inicio\/wp-json\/wp\/v2\/media?parent=10443"}],"wp:term":[{"taxonomy":"product_brand","embeddable":true,"href":"https:\/\/www.multicasa.com.br\/inicio\/wp-json\/wp\/v2\/product_brand?post=10443"},{"taxonomy":"product_cat","embeddable":true,"href":"https:\/\/www.multicasa.com.br\/inicio\/wp-json\/wp\/v2\/product_cat?post=10443"},{"taxonomy":"product_tag","embeddable":true,"href":"https:\/\/www.multicasa.com.br\/inicio\/wp-json\/wp\/v2\/product_tag?post=10443"}],"curies":[{"name":"wp","href":"https:\/\/api.w.org\/{rel}","templated":true}]}}