{"id":10466,"date":"2025-06-20T17:55:42","date_gmt":"2025-06-20T21:55:42","guid":{"rendered":"https:\/\/www.multicasa.com.br\/inicio\/?post_type=product&#038;p=10466"},"modified":"2025-06-20T17:56:25","modified_gmt":"2025-06-20T21:56:25","slug":"pen-drive-usb-twist-preto-multilaser-8gb","status":"publish","type":"product","link":"https:\/\/www.multicasa.com.br\/inicio\/produto\/pen-drive-usb-twist-preto-multilaser-8gb\/","title":{"rendered":"Pen Drive USB Twist Preto Multilaser 8gb"},"content":{"rendered":"<p>Com o Pen Drive USB Twist Preto Multilaser, voc\u00ea tem 8gb de mem\u00f3ria para armazenar seus arquivos como fotos, v\u00eddeos e m\u00fasicas. Com USB 2.0, chega de lotar seu celular ou computador com arquivos pesados.<\/p>\n","protected":false},"excerpt":{"rendered":"<h4 style=\"margin: 0px;padding: 0px 0px 16px;font-family: Lato, sans-serif;font-weight: bold;line-height: 3rem;color: var(--dark-grey3);font-size: 22px;font-style: normal;letter-spacing: normal;text-align: start;text-indent: 0px;text-transform: none\">Informa\u00e7\u00f5es t\u00e9cnicas<\/h4>\n<p><span style=\"margin: 0px;padding: 0px;font-weight: 450;font-size: 14px;line-height: 21px;color: var(--dark-grey2);font-family: Lato, sans-serif;font-style: normal;letter-spacing: normal;text-align: start;text-indent: 0px;text-transform: none\">Produto: Pen Drive<br \/>\nMarca: Multilaser<br \/>\nCor: Preto<br \/>\nCaracter\u00edsticas: Capacidade de 8gb<br \/>\nUSB 2.0<br \/>\nItens Inclusos: 1 Pen Drive<br \/>\nDimens\u00f5es do produto (A X L): 14,5 x 9cm<br \/>\n<\/span><\/p>\n","protected":false},"featured_media":10528,"template":"","meta":{"_joinchat":[]},"product_brand":[],"product_cat":[130],"product_tag":[],"class_list":{"0":"post-10466","1":"product","2":"type-product","3":"status-publish","4":"has-post-thumbnail","6":"product_cat-informatica","8":"first","9":"outofstock","10":"shipping-taxable","11":"product-type-simple"},"_links":{"self":[{"href":"https:\/\/www.multicasa.com.br\/inicio\/wp-json\/wp\/v2\/product\/10466","targetHints":{"allow":["GET"]}}],"collection":[{"href":"https:\/\/www.multicasa.com.br\/inicio\/wp-json\/wp\/v2\/product"}],"about":[{"href":"https:\/\/www.multicasa.com.br\/inicio\/wp-json\/wp\/v2\/types\/product"}],"wp:featuredmedia":[{"embeddable":true,"href":"https:\/\/www.multicasa.com.br\/inicio\/wp-json\/wp\/v2\/media\/10528"}],"wp:attachment":[{"href":"https:\/\/www.multicasa.com.br\/inicio\/wp-json\/wp\/v2\/media?parent=10466"}],"wp:term":[{"taxonomy":"product_brand","embeddable":true,"href":"https:\/\/www.multicasa.com.br\/inicio\/wp-json\/wp\/v2\/product_brand?post=10466"},{"taxonomy":"product_cat","embeddable":true,"href":"https:\/\/www.multicasa.com.br\/inicio\/wp-json\/wp\/v2\/product_cat?post=10466"},{"taxonomy":"product_tag","embeddable":true,"href":"https:\/\/www.multicasa.com.br\/inicio\/wp-json\/wp\/v2\/product_tag?post=10466"}],"curies":[{"name":"wp","href":"https:\/\/api.w.org\/{rel}","templated":true}]}}