{"id":10470,"date":"2025-06-20T17:55:43","date_gmt":"2025-06-20T21:55:43","guid":{"rendered":"https:\/\/www.multicasa.com.br\/inicio\/?post_type=product&#038;p=10470"},"modified":"2025-06-20T17:56:33","modified_gmt":"2025-06-20T21:56:33","slug":"kit-costura-viagem-sempreviva-10-pecas","status":"publish","type":"product","link":"https:\/\/www.multicasa.com.br\/inicio\/produto\/kit-costura-viagem-sempreviva-10-pecas\/","title":{"rendered":"Kit Costura Viagem Sempreviva 10 Pe\u00e7as"},"content":{"rendered":"<p>O Kit Costura Viagem Sempreviva possui 10 pe\u00e7as: 3 linhas de 12 m cada, 3 alfinetes de cabe\u00e7a, 2 bot\u00f5es, 1 agulha e 1 dedal. Possui um corpo que armazena os itens, sendo compacto e perfeito para levar em viagens ou na bolsa. Perfeito para pequenos reparos em geral.<\/p>\n","protected":false},"excerpt":{"rendered":"<h4 style=\"margin: 0px;padding: 0px 0px 16px;font-family: Lato, sans-serif;font-weight: bold;line-height: 3rem;color: var(--dark-grey3);font-size: 22px;font-style: normal;letter-spacing: normal;text-align: start;text-indent: 0px;text-transform: none\">Informa\u00e7\u00f5es t\u00e9cnicas<\/h4>\n<p><span style=\"margin: 0px;padding: 0px;font-weight: 450;font-size: 14px;line-height: 21px;color: var(--dark-grey2);font-family: Lato, sans-serif;font-style: normal;letter-spacing: normal;text-align: start;text-indent: 0px;text-transform: none\">Produto: Kit de Costura<br \/>\nMarca: SempreViva<br \/>\nMaterial: Poli\u00e9ster<br \/>\nPl\u00e1stico<br \/>\nCor: Colorido<br \/>\nQuantidade de pe\u00e7as: 10<br \/>\nItens Inclusos: 3 linhas de 12m cada<br \/>\n3 alfinetes cabe\u00e7a<br \/>\n2 bot\u00f5es<br \/>\n1 agulha<br \/>\n1 dedal pl\u00e1stico<br \/>\nDimens\u00f5es do produto (A x L): 7,5 x 2cm<br \/>\n<\/span><\/p>\n","protected":false},"featured_media":10544,"template":"","meta":{"_joinchat":[]},"product_brand":[],"product_cat":[97],"product_tag":[],"class_list":{"0":"post-10470","1":"product","2":"type-product","3":"status-publish","4":"has-post-thumbnail","6":"product_cat-papelaria","8":"first","9":"outofstock","10":"shipping-taxable","11":"product-type-simple"},"_links":{"self":[{"href":"https:\/\/www.multicasa.com.br\/inicio\/wp-json\/wp\/v2\/product\/10470","targetHints":{"allow":["GET"]}}],"collection":[{"href":"https:\/\/www.multicasa.com.br\/inicio\/wp-json\/wp\/v2\/product"}],"about":[{"href":"https:\/\/www.multicasa.com.br\/inicio\/wp-json\/wp\/v2\/types\/product"}],"wp:featuredmedia":[{"embeddable":true,"href":"https:\/\/www.multicasa.com.br\/inicio\/wp-json\/wp\/v2\/media\/10544"}],"wp:attachment":[{"href":"https:\/\/www.multicasa.com.br\/inicio\/wp-json\/wp\/v2\/media?parent=10470"}],"wp:term":[{"taxonomy":"product_brand","embeddable":true,"href":"https:\/\/www.multicasa.com.br\/inicio\/wp-json\/wp\/v2\/product_brand?post=10470"},{"taxonomy":"product_cat","embeddable":true,"href":"https:\/\/www.multicasa.com.br\/inicio\/wp-json\/wp\/v2\/product_cat?post=10470"},{"taxonomy":"product_tag","embeddable":true,"href":"https:\/\/www.multicasa.com.br\/inicio\/wp-json\/wp\/v2\/product_tag?post=10470"}],"curies":[{"name":"wp","href":"https:\/\/api.w.org\/{rel}","templated":true}]}}