{"id":10471,"date":"2025-06-20T17:55:43","date_gmt":"2025-06-20T21:55:43","guid":{"rendered":"https:\/\/www.multicasa.com.br\/inicio\/?post_type=product&#038;p=10471"},"modified":"2026-03-09T10:23:09","modified_gmt":"2026-03-09T14:23:09","slug":"balde-oval-hydrus-de-plastico-incolor-sanremo-14l","status":"publish","type":"product","link":"https:\/\/www.multicasa.com.br\/inicio\/produto\/balde-oval-hydrus-de-plastico-incolor-sanremo-14l\/","title":{"rendered":"Balde Oval Hydrus de Pl\u00e1stico Incolor Sanremo 14L"},"content":{"rendered":"<p>O Balde Oval Hydrus de Pl\u00e1stico da Sanremo \u00e9 perfeito para as mais diversas tarefas de limpeza no seu dia-a-dia. Tem al\u00e7as largas e pegadores laterais que facilitam o transporte e manuseio quando cheio, escala medidora para quantidades e misturas de produtos, bico direcionador que evita vazamentos na hora de desocup\u00e1-lo e capacidade m\u00e1xima de 14 litros. Incolor, seu material \u00e9 super-resistente e feito para durar por muitos anos na sua lavanderia.<\/p>\n","protected":false},"excerpt":{"rendered":"<h4 style=\"margin: 0px;padding: 0px 0px 16px;font-family: Lato, sans-serif;font-weight: bold;line-height: 3rem;color: var(--dark-grey3);font-size: 22px;font-style: normal;letter-spacing: normal;text-align: start;text-indent: 0px;text-transform: none\">Informa\u00e7\u00f5es t\u00e9cnicas<\/h4>\n<p><span style=\"margin: 0px;padding: 0px;font-weight: 450;font-size: 14px;line-height: 21px;color: var(--dark-grey2);font-family: Lato, sans-serif;font-style: normal;letter-spacing: normal;text-align: start;text-indent: 0px;text-transform: none\">Produto: Balde Hydrus<br \/>\nTipo: Oval<br \/>\nMarca: Sanremo<br \/>\nMaterial: Pl\u00e1stico<br \/>\nCor: incolor<br \/>\nCapacidade: 14L<br \/>\nItens Inclusos: Balde Hydrus<br \/>\nDimens\u00f5es do produto (A x L x P): 25,2 x 46,6 x 26,5cm<\/span><\/p>\n","protected":false},"featured_media":10546,"template":"","meta":{"_joinchat":[]},"product_brand":[],"product_cat":[96],"product_tag":[],"class_list":{"0":"post-10471","1":"product","2":"type-product","3":"status-publish","4":"has-post-thumbnail","6":"product_cat-limpeza-e-cia","8":"first","9":"instock","10":"shipping-taxable","11":"purchasable","12":"product-type-simple"},"_links":{"self":[{"href":"https:\/\/www.multicasa.com.br\/inicio\/wp-json\/wp\/v2\/product\/10471","targetHints":{"allow":["GET"]}}],"collection":[{"href":"https:\/\/www.multicasa.com.br\/inicio\/wp-json\/wp\/v2\/product"}],"about":[{"href":"https:\/\/www.multicasa.com.br\/inicio\/wp-json\/wp\/v2\/types\/product"}],"wp:featuredmedia":[{"embeddable":true,"href":"https:\/\/www.multicasa.com.br\/inicio\/wp-json\/wp\/v2\/media\/10546"}],"wp:attachment":[{"href":"https:\/\/www.multicasa.com.br\/inicio\/wp-json\/wp\/v2\/media?parent=10471"}],"wp:term":[{"taxonomy":"product_brand","embeddable":true,"href":"https:\/\/www.multicasa.com.br\/inicio\/wp-json\/wp\/v2\/product_brand?post=10471"},{"taxonomy":"product_cat","embeddable":true,"href":"https:\/\/www.multicasa.com.br\/inicio\/wp-json\/wp\/v2\/product_cat?post=10471"},{"taxonomy":"product_tag","embeddable":true,"href":"https:\/\/www.multicasa.com.br\/inicio\/wp-json\/wp\/v2\/product_tag?post=10471"}],"curies":[{"name":"wp","href":"https:\/\/api.w.org\/{rel}","templated":true}]}}