{"id":10472,"date":"2025-06-20T17:55:43","date_gmt":"2025-06-20T21:55:43","guid":{"rendered":"https:\/\/www.multicasa.com.br\/inicio\/?post_type=product&#038;p=10472"},"modified":"2025-06-20T17:56:36","modified_gmt":"2025-06-20T21:56:36","slug":"tela-antiderrapante-2205515-preto-kapazi-60cm-x-1m","status":"publish","type":"product","link":"https:\/\/www.multicasa.com.br\/inicio\/produto\/tela-antiderrapante-2205515-preto-kapazi-60cm-x-1m\/","title":{"rendered":"Tela Antiderrapante 2205515 Preto Kapazi 60cm x 1m"},"content":{"rendered":"<p>A Tela Antiderrapante Kapazi \u00e9 um produto multiuso, ideal para todos os c\u00f4modos da casa ou outro local que prefira. Com o seu material emborrachado, evita quedas e escorreg\u00f5es com ader\u00eancia eficiente diretamente no solo e no piso onde aplicada. Vendida por metro, tem cor preta e 60cm de largura. O tapete antiderrapante tem tecido male\u00e1vel que permite cortes e ajustes sem dificuldades e vai elevar o n\u00edvel de seguran\u00e7a dos ambientes!<\/p>\n","protected":false},"excerpt":{"rendered":"<h4 style=\"margin: 0px;padding: 0px 0px 16px;font-family: Lato, sans-serif;font-weight: bold;line-height: 3rem;color: var(--dark-grey3);font-size: 22px;font-style: normal;letter-spacing: normal;text-align: start;text-indent: 0px;text-transform: none\">Informa\u00e7\u00f5es t\u00e9cnicas<\/h4>\n<p><span style=\"margin: 0px;padding: 0px;font-weight: 450;font-size: 14px;line-height: 21px;color: var(--dark-grey2);font-family: Lato, sans-serif;font-style: normal;letter-spacing: normal;text-align: start;text-indent: 0px;text-transform: none\">Produto: Tela antiderrapante<br \/>\nMarca: Kapazi<br \/>\nMaterial: PVC expandido<br \/>\nCor: Preto<br \/>\nItens Inclusos: 1 Tela antiderrapante<br \/>\nDimens\u00f5es do produto (A x L): 60cm x 1m<\/span><\/p>\n","protected":false},"featured_media":10548,"template":"","meta":{"_joinchat":[]},"product_brand":[],"product_cat":[96],"product_tag":[],"class_list":{"0":"post-10472","1":"product","2":"type-product","3":"status-publish","4":"has-post-thumbnail","6":"product_cat-limpeza-e-cia","8":"first","9":"outofstock","10":"shipping-taxable","11":"product-type-simple"},"_links":{"self":[{"href":"https:\/\/www.multicasa.com.br\/inicio\/wp-json\/wp\/v2\/product\/10472","targetHints":{"allow":["GET"]}}],"collection":[{"href":"https:\/\/www.multicasa.com.br\/inicio\/wp-json\/wp\/v2\/product"}],"about":[{"href":"https:\/\/www.multicasa.com.br\/inicio\/wp-json\/wp\/v2\/types\/product"}],"wp:featuredmedia":[{"embeddable":true,"href":"https:\/\/www.multicasa.com.br\/inicio\/wp-json\/wp\/v2\/media\/10548"}],"wp:attachment":[{"href":"https:\/\/www.multicasa.com.br\/inicio\/wp-json\/wp\/v2\/media?parent=10472"}],"wp:term":[{"taxonomy":"product_brand","embeddable":true,"href":"https:\/\/www.multicasa.com.br\/inicio\/wp-json\/wp\/v2\/product_brand?post=10472"},{"taxonomy":"product_cat","embeddable":true,"href":"https:\/\/www.multicasa.com.br\/inicio\/wp-json\/wp\/v2\/product_cat?post=10472"},{"taxonomy":"product_tag","embeddable":true,"href":"https:\/\/www.multicasa.com.br\/inicio\/wp-json\/wp\/v2\/product_tag?post=10472"}],"curies":[{"name":"wp","href":"https:\/\/api.w.org\/{rel}","templated":true}]}}