{"id":10499,"date":"2025-06-20T17:56:06","date_gmt":"2025-06-20T21:56:06","guid":{"rendered":"https:\/\/www.multicasa.com.br\/inicio\/?post_type=product&#038;p=10499"},"modified":"2025-06-20T17:56:44","modified_gmt":"2025-06-20T21:56:44","slug":"guarda-chuva-automatico-cabo-curvo-preta-brizi","status":"publish","type":"product","link":"https:\/\/www.multicasa.com.br\/inicio\/produto\/guarda-chuva-automatico-cabo-curvo-preta-brizi\/","title":{"rendered":"Guarda Chuva Autom\u00e1tico Cabo Curvo Preta Brizi"},"content":{"rendered":"<p>O Guarda Chuva Brizi, \u00e9 produzido em metal e poli\u00e9ster imperme\u00e1vel na cor preta, contando com um cabo curvo e abertura autom\u00e1tica para te proteger em dias de chuva. Possui duas se\u00e7\u00f5es, 8 varetas e raio de aproximadamente 51cm.<\/p>\n","protected":false},"excerpt":{"rendered":"<h4 style=\"margin: 0px;padding: 0px 0px 16px;font-family: Lato, sans-serif;font-weight: bold;line-height: 3rem;color: var(--dark-grey3);font-size: 22px;font-style: normal;letter-spacing: normal;text-align: start;text-indent: 0px;text-transform: none\">Informa\u00e7\u00f5es t\u00e9cnicas<\/h4>\n<p><span style=\"margin: 0px;padding: 0px;font-weight: 450;font-size: 14px;line-height: 21px;color: var(--dark-grey2);font-family: Lato, sans-serif;font-style: normal;letter-spacing: normal;text-align: start;text-indent: 0px;text-transform: none\">Produto: Guarda-Chuva<br \/>\nMarca: Brizi<br \/>\nMaterial: Metal<br \/>\nPoli\u00e9ster<br \/>\nCor: Preto<br \/>\nCaracter\u00edsticas: Imperme\u00e1vel<br \/>\n8 varetas<br \/>\n2 se\u00e7\u00f5es<br \/>\nAbertura autom\u00e1tica<br \/>\nCabo curvo<br \/>\nItens Inclusos: 1 Guarda-Chuva<br \/>\nDi\u00e2metro do produto: 51cm<br \/>\nDimens\u00f5es do produto (A): Fechado &#8211; 43cm<br \/>\n<\/span><\/p>\n","protected":false},"featured_media":10553,"template":"","meta":{"_joinchat":[]},"product_brand":[],"product_cat":[136],"product_tag":[],"class_list":{"0":"post-10499","1":"product","2":"type-product","3":"status-publish","4":"has-post-thumbnail","6":"product_cat-lazer","8":"first","9":"outofstock","10":"shipping-taxable","11":"product-type-simple"},"_links":{"self":[{"href":"https:\/\/www.multicasa.com.br\/inicio\/wp-json\/wp\/v2\/product\/10499","targetHints":{"allow":["GET"]}}],"collection":[{"href":"https:\/\/www.multicasa.com.br\/inicio\/wp-json\/wp\/v2\/product"}],"about":[{"href":"https:\/\/www.multicasa.com.br\/inicio\/wp-json\/wp\/v2\/types\/product"}],"wp:featuredmedia":[{"embeddable":true,"href":"https:\/\/www.multicasa.com.br\/inicio\/wp-json\/wp\/v2\/media\/10553"}],"wp:attachment":[{"href":"https:\/\/www.multicasa.com.br\/inicio\/wp-json\/wp\/v2\/media?parent=10499"}],"wp:term":[{"taxonomy":"product_brand","embeddable":true,"href":"https:\/\/www.multicasa.com.br\/inicio\/wp-json\/wp\/v2\/product_brand?post=10499"},{"taxonomy":"product_cat","embeddable":true,"href":"https:\/\/www.multicasa.com.br\/inicio\/wp-json\/wp\/v2\/product_cat?post=10499"},{"taxonomy":"product_tag","embeddable":true,"href":"https:\/\/www.multicasa.com.br\/inicio\/wp-json\/wp\/v2\/product_tag?post=10499"}],"curies":[{"name":"wp","href":"https:\/\/api.w.org\/{rel}","templated":true}]}}