{"id":10502,"date":"2025-06-20T17:56:06","date_gmt":"2025-06-20T21:56:06","guid":{"rendered":"https:\/\/www.multicasa.com.br\/inicio\/?post_type=product&#038;p=10502"},"modified":"2025-06-20T17:56:54","modified_gmt":"2025-06-20T21:56:54","slug":"cera-acrilica-alto-brilho-duratto-1l","status":"publish","type":"product","link":"https:\/\/www.multicasa.com.br\/inicio\/produto\/cera-acrilica-alto-brilho-duratto-1l\/","title":{"rendered":"Cera Acr\u00edlica Alto Brilho Duratto 1L"},"content":{"rendered":"<p>D\u00ea um toque especial ao seu piso com a Cera Acr\u00edlica de Alto Brilho da Duratto. F\u00e1cil de aplicar, a cera de alto brilho proporciona brilho molhado e possui part\u00edculas antiderrapantes que deixam o seu piso menos escorregadio, garantindo seguran\u00e7a aos ambientes. Resistente ao fluxo de pessoas, ela dura muito mais, protege da absor\u00e7\u00e3o de \u00e1gua e pode ser retirada facilmente. Utilize em porcelanato natural, cer\u00e2micas, pedras, ard\u00f3sia, granilite, cotto, lajotas, ciment\u00edcios e madeira. Embalagem com 1 litro.<\/p>\n","protected":false},"excerpt":{"rendered":"<h4 style=\"margin: 0px;padding: 0px 0px 16px;font-family: Lato, sans-serif;font-weight: bold;line-height: 3rem;color: var(--dark-grey3);font-size: 22px;font-style: normal;letter-spacing: normal;text-align: start;text-indent: 0px;text-transform: none\">Informa\u00e7\u00f5es t\u00e9cnicas<\/h4>\n<p><span style=\"margin: 0px;padding: 0px;font-weight: 450;font-size: 14px;line-height: 21px;color: var(--dark-grey2);font-family: Lato, sans-serif;font-style: normal;letter-spacing: normal;text-align: start;text-indent: 0px;text-transform: none\">Produto: Cera Acr\u00edlica Alto Brilho<br \/>\nMarca: Duratto<br \/>\nConte\u00fado: 1L<br \/>\nCaracter\u00edsticas: Pode ser utilizada em porcelanato, cer\u00e2micas, pedras, ard\u00f3sias, granilite, cotto, lajotas, ciment\u00edcios e madeira;<br \/>\nSeu rendimento \u00e9 no m\u00ednimo 4 vezes mais que qualquer outra cera comum;<br \/>\nPossui um brilho intenso que confere efeito ao piso como se estivesse molhado.<br \/>\nFaz 20 litros<br \/>\nItens Inclusos: 1 Cera acr\u00edlica alto brilho<br \/>\nDimens\u00f5es do produto (A x L): 27,5 x 8cm<\/span><\/p>\n","protected":false},"featured_media":10576,"template":"","meta":{"_joinchat":[]},"product_brand":[],"product_cat":[147],"product_tag":[],"class_list":{"0":"post-10502","1":"product","2":"type-product","3":"status-publish","4":"has-post-thumbnail","6":"product_cat-basicos","8":"first","9":"outofstock","10":"shipping-taxable","11":"product-type-simple"},"_links":{"self":[{"href":"https:\/\/www.multicasa.com.br\/inicio\/wp-json\/wp\/v2\/product\/10502","targetHints":{"allow":["GET"]}}],"collection":[{"href":"https:\/\/www.multicasa.com.br\/inicio\/wp-json\/wp\/v2\/product"}],"about":[{"href":"https:\/\/www.multicasa.com.br\/inicio\/wp-json\/wp\/v2\/types\/product"}],"wp:featuredmedia":[{"embeddable":true,"href":"https:\/\/www.multicasa.com.br\/inicio\/wp-json\/wp\/v2\/media\/10576"}],"wp:attachment":[{"href":"https:\/\/www.multicasa.com.br\/inicio\/wp-json\/wp\/v2\/media?parent=10502"}],"wp:term":[{"taxonomy":"product_brand","embeddable":true,"href":"https:\/\/www.multicasa.com.br\/inicio\/wp-json\/wp\/v2\/product_brand?post=10502"},{"taxonomy":"product_cat","embeddable":true,"href":"https:\/\/www.multicasa.com.br\/inicio\/wp-json\/wp\/v2\/product_cat?post=10502"},{"taxonomy":"product_tag","embeddable":true,"href":"https:\/\/www.multicasa.com.br\/inicio\/wp-json\/wp\/v2\/product_tag?post=10502"}],"curies":[{"name":"wp","href":"https:\/\/api.w.org\/{rel}","templated":true}]}}