{"id":10533,"date":"2025-06-20T17:56:28","date_gmt":"2025-06-20T21:56:28","guid":{"rendered":"https:\/\/www.multicasa.com.br\/inicio\/?post_type=product&#038;p=10533"},"modified":"2025-06-20T17:57:03","modified_gmt":"2025-06-20T21:57:03","slug":"dvd-r-47gb-16x-com-envelope-elgin","status":"publish","type":"product","link":"https:\/\/www.multicasa.com.br\/inicio\/produto\/dvd-r-47gb-16x-com-envelope-elgin\/","title":{"rendered":"DVD-R 4,7GB 16x com Envelope Elgin"},"content":{"rendered":"<p>Compat\u00edvel com diversos drives de grava\u00e7\u00e3o, o DVD-R da Elgin tem velocidade de 16x para grava\u00e7\u00f5es e capacidade de 4,7gb ou 120 minutos. N\u00e3o regrav\u00e1vel, pode ser usado em computadores, DVD players, radios de carro, gravadores externos, home theaters e mais! J\u00e1 vem com envelope. <\/p>\n","protected":false},"excerpt":{"rendered":"<h4 style=\"margin: 0px;padding: 0px 0px 16px;font-family: Lato, sans-serif;font-weight: bold;line-height: 3rem;color: var(--dark-grey3);font-size: 22px;font-style: normal;letter-spacing: normal;text-align: start;text-indent: 0px;text-transform: none\">Informa\u00e7\u00f5es t\u00e9cnicas<\/h4>\n<p><span style=\"margin: 0px;padding: 0px;font-weight: 450;font-size: 14px;line-height: 21px;color: var(--dark-grey2);font-family: Lato, sans-serif;font-style: normal;letter-spacing: normal;text-align: start;text-indent: 0px;text-transform: none\">Produto: DVD-R<br \/>\nMarca: Elgin<br \/>\nMaterial: Pl\u00e1stico<br \/>\nCor: Branco<br \/>\nCaracter\u00edsticas: Velocidade de grava\u00e7\u00e3o 16x<br \/>\nCapacidade de 4,7gb\/120 min<br \/>\nN\u00e3o regrav\u00e1vel<br \/>\nItens Inclusos: 2 emendas<br \/>\nDimens\u00f5es do produto (A X L X P): 12,5 x 12,5 x 0,2cm<br \/>\n<\/span><\/p>\n","protected":false},"featured_media":10584,"template":"","meta":{"_joinchat":[]},"product_brand":[],"product_cat":[130],"product_tag":[],"class_list":{"0":"post-10533","1":"product","2":"type-product","3":"status-publish","4":"has-post-thumbnail","6":"product_cat-informatica","8":"first","9":"outofstock","10":"shipping-taxable","11":"product-type-simple"},"_links":{"self":[{"href":"https:\/\/www.multicasa.com.br\/inicio\/wp-json\/wp\/v2\/product\/10533","targetHints":{"allow":["GET"]}}],"collection":[{"href":"https:\/\/www.multicasa.com.br\/inicio\/wp-json\/wp\/v2\/product"}],"about":[{"href":"https:\/\/www.multicasa.com.br\/inicio\/wp-json\/wp\/v2\/types\/product"}],"wp:featuredmedia":[{"embeddable":true,"href":"https:\/\/www.multicasa.com.br\/inicio\/wp-json\/wp\/v2\/media\/10584"}],"wp:attachment":[{"href":"https:\/\/www.multicasa.com.br\/inicio\/wp-json\/wp\/v2\/media?parent=10533"}],"wp:term":[{"taxonomy":"product_brand","embeddable":true,"href":"https:\/\/www.multicasa.com.br\/inicio\/wp-json\/wp\/v2\/product_brand?post=10533"},{"taxonomy":"product_cat","embeddable":true,"href":"https:\/\/www.multicasa.com.br\/inicio\/wp-json\/wp\/v2\/product_cat?post=10533"},{"taxonomy":"product_tag","embeddable":true,"href":"https:\/\/www.multicasa.com.br\/inicio\/wp-json\/wp\/v2\/product_tag?post=10533"}],"curies":[{"name":"wp","href":"https:\/\/api.w.org\/{rel}","templated":true}]}}