{"id":10538,"date":"2025-06-20T17:56:28","date_gmt":"2025-06-20T21:56:28","guid":{"rendered":"https:\/\/www.multicasa.com.br\/inicio\/?post_type=product&#038;p=10538"},"modified":"2025-06-20T17:57:10","modified_gmt":"2025-06-20T21:57:10","slug":"kit-fixacao-de-varal-de-teto-branco-mor","status":"publish","type":"product","link":"https:\/\/www.multicasa.com.br\/inicio\/produto\/kit-fixacao-de-varal-de-teto-branco-mor\/","title":{"rendered":"Kit Fixa\u00e7\u00e3o de Varal de Teto Branco Mor"},"content":{"rendered":"<p>Com o Kit Fixa\u00e7\u00e3o de Varal de Teto Mor voc\u00ea ser\u00e1 capaz de renovar seu varal de teto, principalmente em apartamentos. O jogo cont\u00e9m 16 pe\u00e7as: 2 cordas de nylon de 6,5 m cada, 4 roldanas pl\u00e1sticas simples com ganchos para teto, 2 roldanas pl\u00e1sticas duplas com ganchos para parede, 1 gancho para regular a altura, 7 buchas pl\u00e1sticas. Perfeito para deixar sua lavanderia sempre organizada.<\/p>\n","protected":false},"excerpt":{"rendered":"<h4 style=\"margin: 0px;padding: 0px 0px 16px;font-family: Lato, sans-serif;font-weight: bold;line-height: 3rem;color: var(--dark-grey3);font-size: 22px;font-style: normal;letter-spacing: normal;text-align: start;text-indent: 0px;text-transform: none\">Informa\u00e7\u00f5es t\u00e9cnicas<\/h4>\n<p><span style=\"margin: 0px;padding: 0px;font-weight: 450;font-size: 14px;line-height: 21px;color: var(--dark-grey2);font-family: Lato, sans-serif;font-style: normal;letter-spacing: normal;text-align: start;text-indent: 0px;text-transform: none\">Produto: Kit Varal de teto<br \/>\nMarca: Mor<br \/>\nMaterial: Nylon<br \/>\nPl\u00e1stico<br \/>\nCor: Branco<br \/>\nQuantidade de pe\u00e7as: 16<br \/>\nItens Inclusos: 2 cordas de nylon<br \/>\n4 roldanas pl\u00e1sticas simples com ganchos para o teto;<br \/>\n2 roldanas pl\u00e1sticas duplas com ganchos para parede;<br \/>\n1 gancho para regular a altura do varal;<br \/>\n7 buchas pl\u00e1sticas<br \/>\nDimens\u00f5es do produto (L): corda &#8211; 6,5m (cada)<br \/>\n<\/span><\/p>\n","protected":false},"featured_media":10590,"template":"","meta":{"_joinchat":[]},"product_brand":[],"product_cat":[95],"product_tag":[],"class_list":{"0":"post-10538","1":"product","2":"type-product","3":"status-publish","4":"has-post-thumbnail","6":"product_cat-lavanderia","8":"first","9":"outofstock","10":"shipping-taxable","11":"product-type-simple"},"_links":{"self":[{"href":"https:\/\/www.multicasa.com.br\/inicio\/wp-json\/wp\/v2\/product\/10538","targetHints":{"allow":["GET"]}}],"collection":[{"href":"https:\/\/www.multicasa.com.br\/inicio\/wp-json\/wp\/v2\/product"}],"about":[{"href":"https:\/\/www.multicasa.com.br\/inicio\/wp-json\/wp\/v2\/types\/product"}],"wp:featuredmedia":[{"embeddable":true,"href":"https:\/\/www.multicasa.com.br\/inicio\/wp-json\/wp\/v2\/media\/10590"}],"wp:attachment":[{"href":"https:\/\/www.multicasa.com.br\/inicio\/wp-json\/wp\/v2\/media?parent=10538"}],"wp:term":[{"taxonomy":"product_brand","embeddable":true,"href":"https:\/\/www.multicasa.com.br\/inicio\/wp-json\/wp\/v2\/product_brand?post=10538"},{"taxonomy":"product_cat","embeddable":true,"href":"https:\/\/www.multicasa.com.br\/inicio\/wp-json\/wp\/v2\/product_cat?post=10538"},{"taxonomy":"product_tag","embeddable":true,"href":"https:\/\/www.multicasa.com.br\/inicio\/wp-json\/wp\/v2\/product_tag?post=10538"}],"curies":[{"name":"wp","href":"https:\/\/api.w.org\/{rel}","templated":true}]}}