{"id":10539,"date":"2025-06-20T17:56:28","date_gmt":"2025-06-20T21:56:28","guid":{"rendered":"https:\/\/www.multicasa.com.br\/inicio\/?post_type=product&#038;p=10539"},"modified":"2025-08-17T19:12:09","modified_gmt":"2025-08-17T23:12:09","slug":"filtro-purificador-acqua-bella-branco-lorenzetti","status":"publish","type":"product","link":"https:\/\/www.multicasa.com.br\/inicio\/produto\/filtro-purificador-acqua-bella-branco-lorenzetti\/","title":{"rendered":"Filtro Purificador Acqua Bella Branco Lorenzetti"},"content":{"rendered":"<p>O Filtro Purificador Acqua Bella Branco Lorenzetti possui um sistema de filtragem compacto, em tr\u00eas etapas que eliminam as bact\u00e9rias, filtrando aproximadamente 200 mil litros de \u00e1gua. Produzido em pl\u00e1stico com registro e duplo acionamento, garante \u00e1gua saud\u00e1vel, retirando elementos f\u00edsicos da \u00e1gua como barro, limo, ferrugem, al\u00e9m de eliminar o excesso de cloro, gostos e odores desagrad\u00e1vei. Faz o controle do n\u00edvel microbiol\u00f3gico.<\/p>\n","protected":false},"excerpt":{"rendered":"<h4 style=\"margin: 0px;padding: 0px 0px 16px;font-family: Lato, sans-serif;font-weight: bold;line-height: 3rem;color: var(--dark-grey3);font-size: 22px;font-style: normal;letter-spacing: normal;text-align: start;text-indent: 0px;text-transform: none\">Informa\u00e7\u00f5es t\u00e9cnicas<\/h4>\n<p><span style=\"margin: 0px;padding: 0px;font-weight: 450;font-size: 14px;line-height: 21px;color: var(--dark-grey2);font-family: Lato, sans-serif;font-style: normal;letter-spacing: normal;text-align: start;text-indent: 0px;text-transform: none\">Produto: Purificador de \u00e1gua<br \/>\nMarca: Lorenzetti<br \/>\nMaterial: Pl\u00e1stico<br \/>\nCor: Branco<br \/>\nCaracter\u00edsticas: Elimina bact\u00e9rias<br \/>\nSistema de filtragem em 3 etapas<br \/>\nDuplo acionamento<br \/>\nCom registro<br \/>\nItens inclusos: 1 Purificador de \u00e1gua<br \/>\nDimens\u00f5es do produto (A X L): 33,4 x 17,2cm<\/span><\/p>\n","protected":false},"featured_media":10592,"template":"","meta":{"_joinchat":[]},"product_brand":[],"product_cat":[67],"product_tag":[],"class_list":{"0":"post-10539","1":"product","2":"type-product","3":"status-publish","4":"has-post-thumbnail","6":"product_cat-torneiras-e-cia","8":"first","9":"outofstock","10":"shipping-taxable","11":"purchasable","12":"product-type-simple"},"_links":{"self":[{"href":"https:\/\/www.multicasa.com.br\/inicio\/wp-json\/wp\/v2\/product\/10539","targetHints":{"allow":["GET"]}}],"collection":[{"href":"https:\/\/www.multicasa.com.br\/inicio\/wp-json\/wp\/v2\/product"}],"about":[{"href":"https:\/\/www.multicasa.com.br\/inicio\/wp-json\/wp\/v2\/types\/product"}],"wp:featuredmedia":[{"embeddable":true,"href":"https:\/\/www.multicasa.com.br\/inicio\/wp-json\/wp\/v2\/media\/10592"}],"wp:attachment":[{"href":"https:\/\/www.multicasa.com.br\/inicio\/wp-json\/wp\/v2\/media?parent=10539"}],"wp:term":[{"taxonomy":"product_brand","embeddable":true,"href":"https:\/\/www.multicasa.com.br\/inicio\/wp-json\/wp\/v2\/product_brand?post=10539"},{"taxonomy":"product_cat","embeddable":true,"href":"https:\/\/www.multicasa.com.br\/inicio\/wp-json\/wp\/v2\/product_cat?post=10539"},{"taxonomy":"product_tag","embeddable":true,"href":"https:\/\/www.multicasa.com.br\/inicio\/wp-json\/wp\/v2\/product_tag?post=10539"}],"curies":[{"name":"wp","href":"https:\/\/api.w.org\/{rel}","templated":true}]}}