{"id":10540,"date":"2025-06-20T17:56:29","date_gmt":"2025-06-20T21:56:29","guid":{"rendered":"https:\/\/www.multicasa.com.br\/inicio\/?post_type=product&#038;p=10540"},"modified":"2025-08-17T19:12:12","modified_gmt":"2025-08-17T23:12:12","slug":"cano-para-chuveiro-aluminio-nhn-40cm","status":"publish","type":"product","link":"https:\/\/www.multicasa.com.br\/inicio\/produto\/cano-para-chuveiro-aluminio-nhn-40cm\/","title":{"rendered":"Cano para Chuveiro Alum\u00ednio NHN 40cm"},"content":{"rendered":"<p>O Cano para Chuveiro de Alum\u00ednio NHN \u00e9 ideal para a liga\u00e7\u00e3o de chuveiros e duchas de forma segura e pr\u00e1tica. Com bitola de 1\/2, mede 40 cm, tem acabamento cromado e vai dar um toque de eleg\u00e2ncia e sofistica\u00e7\u00e3o ao seu banheiro.<\/p>\n","protected":false},"excerpt":{"rendered":"<h4 style=\"margin: 0px;padding: 0px 0px 16px;font-family: Lato, sans-serif;font-weight: bold;line-height: 3rem;color: var(--dark-grey3);font-size: 22px;font-style: normal;letter-spacing: normal;text-align: start;text-indent: 0px;text-transform: none\">Informa\u00e7\u00f5es t\u00e9cnicas<\/h4>\n<p><span style=\"margin: 0px;padding: 0px;font-weight: 450;font-size: 14px;line-height: 21px;color: var(--dark-grey2);font-family: Lato, sans-serif;font-style: normal;letter-spacing: normal;text-align: start;text-indent: 0px;text-transform: none\">Produto: Cano para chuveiro<br \/>\nMarca: NHN<br \/>\nMaterial: Alum\u00ednio<br \/>\nCor: Prata<br \/>\nCaracter\u00edsticas: Bitola de 1\/2<br \/>\nItens Inclusos: 1 cano para chuveiro<br \/>\nDimens\u00f5es do produto ( L ): 40cm<br \/>\n<\/span><\/p>\n","protected":false},"featured_media":10594,"template":"","meta":{"_joinchat":[]},"product_brand":[],"product_cat":[71],"product_tag":[],"class_list":{"0":"post-10540","1":"product","2":"type-product","3":"status-publish","4":"has-post-thumbnail","6":"product_cat-chuveiros","8":"first","9":"outofstock","10":"shipping-taxable","11":"purchasable","12":"product-type-simple"},"_links":{"self":[{"href":"https:\/\/www.multicasa.com.br\/inicio\/wp-json\/wp\/v2\/product\/10540","targetHints":{"allow":["GET"]}}],"collection":[{"href":"https:\/\/www.multicasa.com.br\/inicio\/wp-json\/wp\/v2\/product"}],"about":[{"href":"https:\/\/www.multicasa.com.br\/inicio\/wp-json\/wp\/v2\/types\/product"}],"wp:featuredmedia":[{"embeddable":true,"href":"https:\/\/www.multicasa.com.br\/inicio\/wp-json\/wp\/v2\/media\/10594"}],"wp:attachment":[{"href":"https:\/\/www.multicasa.com.br\/inicio\/wp-json\/wp\/v2\/media?parent=10540"}],"wp:term":[{"taxonomy":"product_brand","embeddable":true,"href":"https:\/\/www.multicasa.com.br\/inicio\/wp-json\/wp\/v2\/product_brand?post=10540"},{"taxonomy":"product_cat","embeddable":true,"href":"https:\/\/www.multicasa.com.br\/inicio\/wp-json\/wp\/v2\/product_cat?post=10540"},{"taxonomy":"product_tag","embeddable":true,"href":"https:\/\/www.multicasa.com.br\/inicio\/wp-json\/wp\/v2\/product_tag?post=10540"}],"curies":[{"name":"wp","href":"https:\/\/api.w.org\/{rel}","templated":true}]}}