{"id":10566,"date":"2025-06-20T17:56:52","date_gmt":"2025-06-20T21:56:52","guid":{"rendered":"https:\/\/www.multicasa.com.br\/inicio\/?post_type=product&#038;p=10566"},"modified":"2026-04-09T15:51:03","modified_gmt":"2026-04-09T19:51:03","slug":"escada-de-aluminio-mor-4x4","status":"publish","type":"product","link":"https:\/\/www.multicasa.com.br\/inicio\/produto\/escada-de-aluminio-mor-4x4\/","title":{"rendered":"Escada de Alum\u00ednio Mor 4&#215;4"},"content":{"rendered":"<p>Pr\u00e1tica e eficiente, a Escada de Alum\u00ednio Multifuncional da Mor 4&#215;4 possui 8 formas de utiliza\u00e7\u00e3o. Super resistente, suporta at\u00e9 150kg, possui catracas com excelente qualidade e travamento autom\u00e1tico na extens\u00e3o que evitam acidentes durante o uso. Ao total s\u00e3o 16 degraus distribu\u00eddos em 4 partes com ranhuras antiderrapantes que permitem diversas formas de uso e alcan\u00e7am altura de at\u00e9 4,71m quando totalmente estendidas. Al\u00e9m disso, a escada articul\u00e1vel Mor tem estrutura em alum\u00ednio com dobradi\u00e7as de a\u00e7o e ponteiras emborrachadas abauladas para melhor ader\u00eancia no piso. Est\u00e1vel e vers\u00e1til, essa escada multifuncional \u00e9 um item indispens\u00e1vel em sua casa!<\/p>\n","protected":false},"excerpt":{"rendered":"<h4 style=\"margin: 0px;padding: 0px 0px 16px;font-family: Lato, sans-serif;font-weight: bold;line-height: 3rem;color: var(--dark-grey3);font-size: 22px;font-style: normal;letter-spacing: normal;text-align: start;text-indent: 0px;text-transform: none\">Informa\u00e7\u00f5es t\u00e9cnicas<\/h4>\n<p><span style=\"margin: 0px;padding: 0px;font-weight: 450;font-size: 14px;line-height: 21px;color: var(--dark-grey2);font-family: Lato, sans-serif;font-style: normal;letter-spacing: normal;text-align: start;text-indent: 0px;text-transform: none\">Produto: Escada de Alum\u00ednio<br \/>\nMarca: Mor<br \/>\nMaterial: Alum\u00ednio; polipropileno<br \/>\nCor: Prata; Azul<br \/>\nCaracter\u00edsticas: 16 degraus; 8 possibilidades de uso; 150kg suportados; alcan\u00e7a 4,71m<br \/>\nItens Inclusos: 1 Escada<br \/>\nDimens\u00f5es do produto (A x L x P): 28,5 x 37,8cm x 1,26m; Posi\u00e7\u00e3o 01: 13cm x 70,5cm x 4,71m; Posi\u00e7\u00e3o 02: 1,31m x 70,5cm x 3,42m; Posi\u00e7\u00e3o 03: 1,58m x 70,5cm x 3,33m; Posi\u00e7\u00e3o 04: 28cm x 37,8cm x 1,26m; Posi\u00e7\u00e3o 05: 1,71m x 70,5cm x 1,2m; Posi\u00e7\u00e3o 06: 1,58m x 70,5cm x 2,27m; Posi\u00e7\u00e3o 07: 3m x 70,5cm x 1,25m; Posi\u00e7\u00e3o 08: 3,86m x 70,5cm x 1,25m.<\/span><\/p>\n","protected":false},"featured_media":25118,"template":"","meta":{"_joinchat":[]},"product_brand":[],"product_cat":[156],"product_tag":[],"class_list":{"0":"post-10566","1":"product","2":"type-product","3":"status-publish","4":"has-post-thumbnail","6":"product_cat-escadas","8":"first","9":"outofstock","10":"shipping-taxable","11":"purchasable","12":"product-type-simple"},"_links":{"self":[{"href":"https:\/\/www.multicasa.com.br\/inicio\/wp-json\/wp\/v2\/product\/10566","targetHints":{"allow":["GET"]}}],"collection":[{"href":"https:\/\/www.multicasa.com.br\/inicio\/wp-json\/wp\/v2\/product"}],"about":[{"href":"https:\/\/www.multicasa.com.br\/inicio\/wp-json\/wp\/v2\/types\/product"}],"wp:featuredmedia":[{"embeddable":true,"href":"https:\/\/www.multicasa.com.br\/inicio\/wp-json\/wp\/v2\/media\/25118"}],"wp:attachment":[{"href":"https:\/\/www.multicasa.com.br\/inicio\/wp-json\/wp\/v2\/media?parent=10566"}],"wp:term":[{"taxonomy":"product_brand","embeddable":true,"href":"https:\/\/www.multicasa.com.br\/inicio\/wp-json\/wp\/v2\/product_brand?post=10566"},{"taxonomy":"product_cat","embeddable":true,"href":"https:\/\/www.multicasa.com.br\/inicio\/wp-json\/wp\/v2\/product_cat?post=10566"},{"taxonomy":"product_tag","embeddable":true,"href":"https:\/\/www.multicasa.com.br\/inicio\/wp-json\/wp\/v2\/product_tag?post=10566"}],"curies":[{"name":"wp","href":"https:\/\/api.w.org\/{rel}","templated":true}]}}