{"id":10570,"date":"2025-06-20T17:56:52","date_gmt":"2025-06-20T21:56:52","guid":{"rendered":"https:\/\/www.multicasa.com.br\/inicio\/?post_type=product&#038;p=10570"},"modified":"2025-06-20T17:57:23","modified_gmt":"2025-06-20T21:57:23","slug":"tapete-antiderrapante-para-box-branco-injetemp","status":"publish","type":"product","link":"https:\/\/www.multicasa.com.br\/inicio\/produto\/tapete-antiderrapante-para-box-branco-injetemp\/","title":{"rendered":"Tapete Antiderrapante para Box Branco Injetemp"},"content":{"rendered":"<p>O tapete antiderrapante para box da Injetemp foi feito para garantir seguran\u00e7a e higiene na hora do banho. O tapete estrado possui ventosas que aderem ao piso, garantindo a fixa\u00e7\u00e3o e evitando quedas e escorreg\u00f5es. Dispon\u00edvel na cor branca, suporta at\u00e9 100 kg. Mede 54 x 42 x 1,5 cm.<\/p>\n","protected":false},"excerpt":{"rendered":"<h4 style=\"margin: 0px;padding: 0px 0px 16px;font-family: Lato, sans-serif;font-weight: bold;line-height: 3rem;color: var(--dark-grey3);font-size: 22px;font-style: normal;letter-spacing: normal;text-align: start;text-indent: 0px;text-transform: none\">Informa\u00e7\u00f5es t\u00e9cnicas<\/h4>\n<p><span style=\"margin: 0px;padding: 0px;font-weight: 450;font-size: 14px;line-height: 21px;color: var(--dark-grey2);font-family: Lato, sans-serif;font-style: normal;letter-spacing: normal;text-align: start;text-indent: 0px;text-transform: none\">Produto: Tapete antiderrapante para box<br \/>\nMarca: Injetemp<br \/>\nMaterial: Pl\u00e1stico<br \/>\nCor: Branco<br \/>\nCaracter\u00edsticas: Fixado por 60 ventosas<br \/>\nSuperf\u00edcie antiaderente<br \/>\nSuporta at\u00e9 100kg<br \/>\nLav\u00e1vel<br \/>\nItens inclusos: 1 Tapete antiderrapante para box<br \/>\nDimens\u00f5es do produto (A X L X P): 1,5 x 54 x 42cm<br \/>\n<\/span><\/p>\n","protected":false},"featured_media":10619,"template":"","meta":{"_joinchat":[]},"product_brand":[],"product_cat":[69],"product_tag":[],"class_list":{"0":"post-10570","1":"product","2":"type-product","3":"status-publish","4":"has-post-thumbnail","6":"product_cat-acessorios-para-banheiro","8":"first","9":"outofstock","10":"shipping-taxable","11":"product-type-simple"},"_links":{"self":[{"href":"https:\/\/www.multicasa.com.br\/inicio\/wp-json\/wp\/v2\/product\/10570","targetHints":{"allow":["GET"]}}],"collection":[{"href":"https:\/\/www.multicasa.com.br\/inicio\/wp-json\/wp\/v2\/product"}],"about":[{"href":"https:\/\/www.multicasa.com.br\/inicio\/wp-json\/wp\/v2\/types\/product"}],"wp:featuredmedia":[{"embeddable":true,"href":"https:\/\/www.multicasa.com.br\/inicio\/wp-json\/wp\/v2\/media\/10619"}],"wp:attachment":[{"href":"https:\/\/www.multicasa.com.br\/inicio\/wp-json\/wp\/v2\/media?parent=10570"}],"wp:term":[{"taxonomy":"product_brand","embeddable":true,"href":"https:\/\/www.multicasa.com.br\/inicio\/wp-json\/wp\/v2\/product_brand?post=10570"},{"taxonomy":"product_cat","embeddable":true,"href":"https:\/\/www.multicasa.com.br\/inicio\/wp-json\/wp\/v2\/product_cat?post=10570"},{"taxonomy":"product_tag","embeddable":true,"href":"https:\/\/www.multicasa.com.br\/inicio\/wp-json\/wp\/v2\/product_tag?post=10570"}],"curies":[{"name":"wp","href":"https:\/\/api.w.org\/{rel}","templated":true}]}}