{"id":10597,"date":"2025-06-20T17:57:14","date_gmt":"2025-06-20T21:57:14","guid":{"rendered":"https:\/\/www.multicasa.com.br\/inicio\/?post_type=product&#038;p=10597"},"modified":"2026-04-14T16:00:37","modified_gmt":"2026-04-14T20:00:37","slug":"fixador-para-porta-magnetico-com-amortecedor-vonder","status":"publish","type":"product","link":"https:\/\/www.multicasa.com.br\/inicio\/produto\/fixador-para-porta-magnetico-com-amortecedor-vonder\/","title":{"rendered":"Fixador para Porta Magn\u00e9tico com Amortecedor Vonder"},"content":{"rendered":"<p>O Fixador para Porta Vonder possui sistema de fic\u00e7\u00e3o magn\u00e9tico e amortecimento com mola, ideal para utiliza\u00e7\u00e3o em portas, evitando que se fechem sozinhas e garantindo a prote\u00e7\u00e3o das crian\u00e7as. Pode ser utilizado tamb\u00e9m em escrit\u00f3rios. Confeccionado em alum\u00ednio fundido, acompanha parafusos e buchas para a instala\u00e7\u00e3o.<\/p>\n","protected":false},"excerpt":{"rendered":"<h4 style=\"margin: 0px;padding: 0px 0px 16px;font-family: Lato, sans-serif;font-weight: bold;line-height: 3rem;color: var(--dark-grey3);font-size: 22px;font-style: normal;letter-spacing: normal;text-align: start;text-indent: 0px;text-transform: none\">Informa\u00e7\u00f5es t\u00e9cnicas<\/h4>\n<p><span style=\"margin: 0px;padding: 0px;font-weight: 450;font-size: 14px;line-height: 21px;color: var(--dark-grey2);font-family: Lato, sans-serif;font-style: normal;letter-spacing: normal;text-align: start;text-indent: 0px;text-transform: none\"><br \/>\nProduto: Fixador para Porta<br \/>\nMarca: Vonder<br \/>\nMaterial: Alum\u00ednio fundido<br \/>\nCor: Prata<br \/>\nCaracter\u00edsticas: Sistema de fic\u00e7\u00e3o magn\u00e9tico<br \/>\nAmortecimento com mola<br \/>\nQuantidade de pe\u00e7as:7<br \/>\nItens inclusos: 1 Fixador para Porta<br \/>\n1 chave allen 3\/32<br \/>\n2 Buchas pl\u00e1sticas 6mm<br \/>\n3 parafusos de madeira cabe\u00e7a chata philips<br \/>\nEspessura: 37mm<br \/>\nDimens\u00f5es do produto (A X L): 40 x 45mm<\/span><\/p>\n","protected":false},"featured_media":10623,"template":"","meta":{"_joinchat":[]},"product_brand":[],"product_cat":[141],"product_tag":[],"class_list":{"0":"post-10597","1":"product","2":"type-product","3":"status-publish","4":"has-post-thumbnail","6":"product_cat-marcenaria","8":"first","9":"instock","10":"shipping-taxable","11":"purchasable","12":"product-type-simple"},"_links":{"self":[{"href":"https:\/\/www.multicasa.com.br\/inicio\/wp-json\/wp\/v2\/product\/10597","targetHints":{"allow":["GET"]}}],"collection":[{"href":"https:\/\/www.multicasa.com.br\/inicio\/wp-json\/wp\/v2\/product"}],"about":[{"href":"https:\/\/www.multicasa.com.br\/inicio\/wp-json\/wp\/v2\/types\/product"}],"wp:featuredmedia":[{"embeddable":true,"href":"https:\/\/www.multicasa.com.br\/inicio\/wp-json\/wp\/v2\/media\/10623"}],"wp:attachment":[{"href":"https:\/\/www.multicasa.com.br\/inicio\/wp-json\/wp\/v2\/media?parent=10597"}],"wp:term":[{"taxonomy":"product_brand","embeddable":true,"href":"https:\/\/www.multicasa.com.br\/inicio\/wp-json\/wp\/v2\/product_brand?post=10597"},{"taxonomy":"product_cat","embeddable":true,"href":"https:\/\/www.multicasa.com.br\/inicio\/wp-json\/wp\/v2\/product_cat?post=10597"},{"taxonomy":"product_tag","embeddable":true,"href":"https:\/\/www.multicasa.com.br\/inicio\/wp-json\/wp\/v2\/product_tag?post=10597"}],"curies":[{"name":"wp","href":"https:\/\/api.w.org\/{rel}","templated":true}]}}