{"id":10602,"date":"2025-06-20T17:57:14","date_gmt":"2025-06-20T21:57:14","guid":{"rendered":"https:\/\/www.multicasa.com.br\/inicio\/?post_type=product&#038;p=10602"},"modified":"2025-06-20T17:57:54","modified_gmt":"2025-06-20T21:57:54","slug":"guarda-chuva-manual-cabo-reto-estampado-brizi","status":"publish","type":"product","link":"https:\/\/www.multicasa.com.br\/inicio\/produto\/guarda-chuva-manual-cabo-reto-estampado-brizi\/","title":{"rendered":"Guarda Chuva Manual Cabo Reto Estampado Brizi"},"content":{"rendered":"<p>Com o Guarda Chuva Manual Estampado Brizi voc\u00ea tem o melhor custo benef\u00edcio para se proteger da chuva. Produzido em metal e poli\u00e9ster imperme\u00e1vel em diversas estampas, possui 3 se\u00e7\u00f5es e 8 varetas, com abertura manual. Seu cabo \u00e9 reto e com al\u00e7a acompanhado de capa protetora. Seu tamanho \u00e9 ideal para levar em bolsas e mochilas.<\/p>\n","protected":false},"excerpt":{"rendered":"<h4 style=\"margin: 0px;padding: 0px 0px 16px;font-family: Lato, sans-serif;font-weight: bold;line-height: 3rem;color: var(--dark-grey3);font-size: 22px;font-style: normal;letter-spacing: normal;text-align: start;text-indent: 0px;text-transform: none\">Informa\u00e7\u00f5es t\u00e9cnicas<\/h4>\n<p><span style=\"margin: 0px;padding: 0px;font-weight: 450;font-size: 14px;line-height: 21px;color: var(--dark-grey2);font-family: Lato, sans-serif;font-style: normal;letter-spacing: normal;text-align: start;text-indent: 0px;text-transform: none\">Produto: Guarda-Chuva<br \/>\nMarca: Brizi<br \/>\nMaterial: Metal<br \/>\nPoli\u00e9ster<br \/>\nCor: Sortido<br \/>\nCaracter\u00edsticas: Imperme\u00e1vel<br \/>\n8 varetas<br \/>\n3 se\u00e7\u00f5es<br \/>\nAbertura manual<br \/>\nIdeal para levar em bolsas e mochilas<br \/>\nQuantidade de pe\u00e7as: 2<br \/>\nItens Inclusos: 1 Guarda-Chuva<br \/>\n1 capa protetora<br \/>\nDi\u00e2metro do produto: 53cm<br \/>\n<\/span><\/p>\n","protected":false},"featured_media":10655,"template":"","meta":{"_joinchat":[]},"product_brand":[],"product_cat":[136],"product_tag":[],"class_list":{"0":"post-10602","1":"product","2":"type-product","3":"status-publish","4":"has-post-thumbnail","6":"product_cat-lazer","8":"first","9":"outofstock","10":"shipping-taxable","11":"product-type-simple"},"_links":{"self":[{"href":"https:\/\/www.multicasa.com.br\/inicio\/wp-json\/wp\/v2\/product\/10602","targetHints":{"allow":["GET"]}}],"collection":[{"href":"https:\/\/www.multicasa.com.br\/inicio\/wp-json\/wp\/v2\/product"}],"about":[{"href":"https:\/\/www.multicasa.com.br\/inicio\/wp-json\/wp\/v2\/types\/product"}],"wp:featuredmedia":[{"embeddable":true,"href":"https:\/\/www.multicasa.com.br\/inicio\/wp-json\/wp\/v2\/media\/10655"}],"wp:attachment":[{"href":"https:\/\/www.multicasa.com.br\/inicio\/wp-json\/wp\/v2\/media?parent=10602"}],"wp:term":[{"taxonomy":"product_brand","embeddable":true,"href":"https:\/\/www.multicasa.com.br\/inicio\/wp-json\/wp\/v2\/product_brand?post=10602"},{"taxonomy":"product_cat","embeddable":true,"href":"https:\/\/www.multicasa.com.br\/inicio\/wp-json\/wp\/v2\/product_cat?post=10602"},{"taxonomy":"product_tag","embeddable":true,"href":"https:\/\/www.multicasa.com.br\/inicio\/wp-json\/wp\/v2\/product_tag?post=10602"}],"curies":[{"name":"wp","href":"https:\/\/api.w.org\/{rel}","templated":true}]}}