{"id":10603,"date":"2025-06-20T17:57:14","date_gmt":"2025-06-20T21:57:14","guid":{"rendered":"https:\/\/www.multicasa.com.br\/inicio\/?post_type=product&#038;p=10603"},"modified":"2026-04-10T10:50:19","modified_gmt":"2026-04-10T14:50:19","slug":"conector-rj45-macho-cat5-interneed-2-unidades","status":"publish","type":"product","link":"https:\/\/www.multicasa.com.br\/inicio\/produto\/conector-rj45-macho-cat5-interneed-2-unidades\/","title":{"rendered":"Conector RJ45 Macho CAT5 Interneed 2 unidades"},"content":{"rendered":"<p>Use o conector RJ45 macho Cat5 Interneed para redes de computadores e outras instala\u00e7\u00f5es semelhantes. Pode ser usado em cabeamentos horizontais dom\u00e9sticos e profissionais, secund\u00e1rios ou internos. Feito de termopl\u00e1stico transparente de alto impacto, tem vias de contato produzidas em bronze fosforoso com camadas de 2,54um de n\u00edquel e 1,27um de ouro. Embalagem com 2 unidades. <\/p>\n","protected":false},"excerpt":{"rendered":"<h4 style=\"margin: 0px;padding: 0px 0px 16px;font-family: Lato, sans-serif;font-weight: bold;line-height: 3rem;color: var(--dark-grey3);font-size: 22px;font-style: normal;letter-spacing: normal;text-align: start;text-indent: 0px;text-transform: none\">Informa\u00e7\u00f5es t\u00e9cnicas<\/h4>\n<p><span style=\"margin: 0px;padding: 0px;font-weight: 450;font-size: 14px;line-height: 21px;color: var(--dark-grey2);font-family: Lato, sans-serif;font-style: normal;letter-spacing: normal;text-align: start;text-indent: 0px;text-transform: none\">Produto: Conector Macho<br \/>\nMarca: Interneed<br \/>\nMaterial: Termopl\u00e1stico (UL 94 V-0)<br \/>\nCor: incolor, dourado<br \/>\nVias de contato em bronze fosforoso<br \/>\nCamada de 2,54UM de n\u00edquel<br \/>\n1,2UM de ouro<br \/>\nCaracter\u00edsticas: Transparente<br \/>\nSistema estruturado para cabeamento horizontal ou secund\u00e1rio<br \/>\nConector rj45 macho<br \/>\nItens Inclusos: 2 conectores macho<br \/>\nDimens\u00f5es do produto (A X L): 15 x 11cm<br \/>\n<\/span><\/p>\n","protected":false},"featured_media":10669,"template":"","meta":{"_joinchat":[]},"product_brand":[],"product_cat":[130],"product_tag":[],"class_list":{"0":"post-10603","1":"product","2":"type-product","3":"status-publish","4":"has-post-thumbnail","6":"product_cat-informatica","8":"first","9":"instock","10":"shipping-taxable","11":"purchasable","12":"product-type-simple"},"_links":{"self":[{"href":"https:\/\/www.multicasa.com.br\/inicio\/wp-json\/wp\/v2\/product\/10603","targetHints":{"allow":["GET"]}}],"collection":[{"href":"https:\/\/www.multicasa.com.br\/inicio\/wp-json\/wp\/v2\/product"}],"about":[{"href":"https:\/\/www.multicasa.com.br\/inicio\/wp-json\/wp\/v2\/types\/product"}],"wp:featuredmedia":[{"embeddable":true,"href":"https:\/\/www.multicasa.com.br\/inicio\/wp-json\/wp\/v2\/media\/10669"}],"wp:attachment":[{"href":"https:\/\/www.multicasa.com.br\/inicio\/wp-json\/wp\/v2\/media?parent=10603"}],"wp:term":[{"taxonomy":"product_brand","embeddable":true,"href":"https:\/\/www.multicasa.com.br\/inicio\/wp-json\/wp\/v2\/product_brand?post=10603"},{"taxonomy":"product_cat","embeddable":true,"href":"https:\/\/www.multicasa.com.br\/inicio\/wp-json\/wp\/v2\/product_cat?post=10603"},{"taxonomy":"product_tag","embeddable":true,"href":"https:\/\/www.multicasa.com.br\/inicio\/wp-json\/wp\/v2\/product_tag?post=10603"}],"curies":[{"name":"wp","href":"https:\/\/api.w.org\/{rel}","templated":true}]}}